{"id":390,"date":"2015-12-16T06:23:26","date_gmt":"2015-12-16T09:23:26","guid":{"rendered":"http:\/\/studiorenascer.com\/site\/?page_id=390"},"modified":"2022-05-17T07:12:36","modified_gmt":"2022-05-17T10:12:36","slug":"pagina-restrita","status":"publish","type":"page","link":"https:\/\/studiorenascer.com\/novo\/pagina-restrita\/","title":{"rendered":"P\u00e1gina Restrita"},"content":{"rendered":"\t\t<div data-elementor-type=\"wp-page\" data-elementor-id=\"390\" class=\"elementor elementor-390\" data-elementor-post-type=\"page\">\n\t\t\t\t\t\t<section class=\"elementor-section elementor-top-section elementor-element elementor-element-408cb9ac elementor-section-boxed elementor-section-height-default elementor-section-height-default\" data-id=\"408cb9ac\" data-element_type=\"section\" data-e-type=\"section\">\n\t\t\t\t\t\t<div class=\"elementor-container elementor-column-gap-default\">\n\t\t\t\t\t<div class=\"elementor-column elementor-col-100 elementor-top-column elementor-element elementor-element-41917027\" data-id=\"41917027\" data-element_type=\"column\" data-e-type=\"column\">\n\t\t\t<div class=\"elementor-widget-wrap elementor-element-populated\">\n\t\t\t\t\t\t<div class=\"elementor-element elementor-element-fcc3da9 elementor-align-center elementor-widget elementor-widget-button\" data-id=\"fcc3da9\" data-element_type=\"widget\" data-e-type=\"widget\" data-widget_type=\"button.default\">\n\t\t\t\t<div class=\"elementor-widget-container\">\n\t\t\t\t\t\t\t\t\t<div class=\"elementor-button-wrapper\">\n\t\t\t\t\t<a class=\"elementor-button elementor-button-link elementor-size-xl\" href=\"https:\/\/conteudo.studiorenascer.com\" target=\"_blank\">\n\t\t\t\t\t\t<span class=\"elementor-button-content-wrapper\">\n\t\t\t\t\t\t\t\t\t<span class=\"elementor-button-text\">SE VOC\u00ca \u00c9 ASSINANTE DE ALGUM DE NOSSOS SERVI\u00c7OS (SITE -APP- STREAMING) CLIQUE AQUI PARA ACESSO DIRETO<\/span>\n\t\t\t\t\t<\/span>\n\t\t\t\t\t<\/a>\n\t\t\t\t<\/div>\n\t\t\t\t\t\t\t\t<\/div>\n\t\t\t\t<\/div>\n\t\t\t\t<div class=\"elementor-element elementor-element-bd23bfd elementor-widget elementor-widget-text-editor\" data-id=\"bd23bfd\" data-element_type=\"widget\" data-e-type=\"widget\" data-widget_type=\"text-editor.default\">\n\t\t\t\t<div class=\"elementor-widget-container\">\n\t\t\t\t\t\t\t\t\t<h1>ATEN\u00c7\u00c3O:<\/h1><h2>ESTAMOS PASSANDO POR UMA REFORMULA\u00c7\u00c3O EM NOSSO SITE, ESSE CONTE\u00daDO FICAR\u00c1 INDISPON\u00cdVEL TEMPORARIAMENTE PARA REFORMULA\u00c7\u00c3O DE CONDI\u00c7\u00d5ES DE DISTRIBUI\u00c7\u00c3O GRATUITA, CASO VOC\u00ca TENHA NOSSO BANNER NO SITE DE SUA R\u00c1DIO OU NOSSO SPOT NA SUA PROGRAMA\u00c7\u00c3O, VOC\u00ca EST\u00c1 AUTORIZADO A RETIRAR POIS A PARTIR DE 15-05-20222 REVOGAMOS A PARCERIA DOS PROGRAMAS GRATUITOS.<\/h2><div>\u00a0<\/div><div>PS: Clientes ou assinantes entrem em contato para receber alternativas de acesso. obrigado.<\/div>\t\t\t\t\t\t\t\t<\/div>\n\t\t\t\t<\/div>\n\t\t\t\t<div class=\"elementor-element elementor-element-c955c71 elementor-align-center elementor-widget elementor-widget-button\" data-id=\"c955c71\" data-element_type=\"widget\" data-e-type=\"widget\" data-widget_type=\"button.default\">\n\t\t\t\t<div class=\"elementor-widget-container\">\n\t\t\t\t\t\t\t\t\t<div class=\"elementor-button-wrapper\">\n\t\t\t\t\t<a class=\"elementor-button elementor-button-link elementor-size-xl\" href=\"https:\/\/conteudo.studiorenascer.com\" target=\"_blank\">\n\t\t\t\t\t\t<span class=\"elementor-button-content-wrapper\">\n\t\t\t\t\t\t\t\t\t<span class=\"elementor-button-text\">SE VOC\u00ca \u00c9 ASSINANTE DE ALGUM DE NOSSOS SERVI\u00c7OS (SITE -APP- STREAMING) CLIQUE AQUI PARA ACESSO DIRETO<\/span>\n\t\t\t\t\t<\/span>\n\t\t\t\t\t<\/a>\n\t\t\t\t<\/div>\n\t\t\t\t\t\t\t\t<\/div>\n\t\t\t\t<\/div>\n\t\t\t\t<div class=\"elementor-element elementor-element-3206bbd elementor-widget elementor-widget-text-editor\" data-id=\"3206bbd\" data-element_type=\"widget\" data-e-type=\"widget\" data-widget_type=\"text-editor.default\">\n\t\t\t\t<div class=\"elementor-widget-container\">\n\t\t\t\t\t\t\t\t\t<h1>ATEN\u00c7\u00c3O:<\/h1><h2>ESTAMOS PASSANDO POR UMA REFORMULA\u00c7\u00c3O EM NOSSO SITE, ESSE CONTE\u00daDO FICAR\u00c1 INDISPON\u00cdVEL TEMPORARIAMENTE PARA REFORMULA\u00c7\u00c3O DE CONDI\u00c7\u00d5ES DE DISTRIBUI\u00c7\u00c3O GRATUITA, CASO VOC\u00ca TENHA NOSSO BANNER NO SITE DE SUA R\u00c1DIO OU NOSSO SPOT NA SUA PROGRAMA\u00c7\u00c3O, VOC\u00ca EST\u00c1 AUTORIZADO A RETIRAR POIS A PARTIR DE 15-05-20222 REVOGAMOS A PARCERIA DOS PROGRAMAS GRATUITOS.<\/h2><div>\u00a0<\/div><div>PS: Clientes ou assinantes entrem em contato para receber alternativas de acesso. obrigado.<\/div>\t\t\t\t\t\t\t\t<\/div>\n\t\t\t\t<\/div>\n\t\t\t\t<div class=\"elementor-element elementor-element-ba23cec elementor-align-center elementor-widget elementor-widget-button\" data-id=\"ba23cec\" data-element_type=\"widget\" data-e-type=\"widget\" data-widget_type=\"button.default\">\n\t\t\t\t<div class=\"elementor-widget-container\">\n\t\t\t\t\t\t\t\t\t<div class=\"elementor-button-wrapper\">\n\t\t\t\t\t<a class=\"elementor-button elementor-button-link elementor-size-xl\" href=\"https:\/\/conteudo.studiorenascer.com\" target=\"_blank\">\n\t\t\t\t\t\t<span class=\"elementor-button-content-wrapper\">\n\t\t\t\t\t\t\t\t\t<span class=\"elementor-button-text\">SE VOC\u00ca \u00c9 ASSINANTE DE ALGUM DE NOSSOS SERVI\u00c7OS (SITE -APP- STREAMING) CLIQUE AQUI PARA ACESSO DIRETO<\/span>\n\t\t\t\t\t<\/span>\n\t\t\t\t\t<\/a>\n\t\t\t\t<\/div>\n\t\t\t\t\t\t\t\t<\/div>\n\t\t\t\t<\/div>\n\t\t\t\t<div class=\"elementor-element elementor-element-07a7e4b elementor-widget-divider--view-line_text elementor-widget-divider--element-align-center elementor-widget elementor-widget-divider\" data-id=\"07a7e4b\" data-element_type=\"widget\" data-e-type=\"widget\" data-widget_type=\"divider.default\">\n\t\t\t\t<div class=\"elementor-widget-container\">\n\t\t\t\t\t\t\t<div class=\"elementor-divider\">\n\t\t\t<span class=\"elementor-divider-separator\">\n\t\t\t\t\t\t\t<h2 class=\"elementor-divider__text elementor-divider__element\">\n\t\t\t\tConte\u00fado Gratuito (Compartilhar no Facebook para liberar)\t\t\t\t<\/h2>\n\t\t\t\t\t\t<\/span>\n\t\t<\/div>\n\t\t\t\t\t\t<\/div>\n\t\t\t\t<\/div>\n\t\t\t\t<div class=\"elementor-element elementor-element-e598723 elementor-align-center elementor-widget elementor-widget-button\" data-id=\"e598723\" data-element_type=\"widget\" data-e-type=\"widget\" data-widget_type=\"button.default\">\n\t\t\t\t<div class=\"elementor-widget-container\">\n\t\t\t\t\t\t\t\t\t<div class=\"elementor-button-wrapper\">\n\t\t\t\t\t<a class=\"elementor-button elementor-button-link elementor-size-xl\" href=\"https:\/\/conteudo.studiorenascer.com\" target=\"_blank\">\n\t\t\t\t\t\t<span class=\"elementor-button-content-wrapper\">\n\t\t\t\t\t\t\t\t\t<span class=\"elementor-button-text\">SE VOC\u00ca \u00c9 ASSINANTE DE ALGUM DE NOSSOS SERVI\u00c7OS (SITE -APP- STREAMING) CLIQUE AQUI PARA ACESSO DIRETO<\/span>\n\t\t\t\t\t<\/span>\n\t\t\t\t\t<\/a>\n\t\t\t\t<\/div>\n\t\t\t\t\t\t\t\t<\/div>\n\t\t\t\t<\/div>\n\t\t\t\t\t<\/div>\n\t\t<\/div>\n\t\t\t\t\t<\/div>\n\t\t<\/section>\n\t\t\t\t<\/div>\n\t\t","protected":false},"excerpt":{"rendered":"<p>SE VOC\u00ca \u00c9 ASSINANTE DE ALGUM DE NOSSOS SERVI\u00c7OS (SITE -APP- STREAMING) CLIQUE AQUI PARA ACESSO DIRETO ATEN\u00c7\u00c3O: ESTAMOS PASSANDO&hellip;<\/p>\n","protected":false},"author":1,"featured_media":2175,"parent":0,"menu_order":0,"comment_status":"closed","ping_status":"closed","template":"elementor_theme","meta":{"footnotes":""},"class_list":["post-390","page","type-page","status-publish","has-post-thumbnail","hentry"],"yoast_head":"<!-- This site is optimized with the Yoast SEO Premium plugin v22.6 (Yoast SEO v27.4) - https:\/\/yoast.com\/product\/yoast-seo-premium-wordpress\/ -->\n<title>P\u00e1gina Restrita - St\u00fadio Renascer<\/title>\n<meta name=\"robots\" content=\"index, follow, max-snippet:-1, max-image-preview:large, max-video-preview:-1\" \/>\n<link rel=\"canonical\" href=\"https:\/\/studiorenascer.com\/novo\/pagina-restrita\/\" \/>\n<meta property=\"og:locale\" content=\"pt_BR\" \/>\n<meta property=\"og:type\" content=\"article\" \/>\n<meta property=\"og:title\" content=\"P\u00e1gina Restrita\" \/>\n<meta property=\"og:description\" content=\"SE VOC\u00ca \u00c9 ASSINANTE DE ALGUM DE NOSSOS SERVI\u00c7OS (SITE -APP- STREAMING) CLIQUE AQUI PARA ACESSO DIRETO ATEN\u00c7\u00c3O: ESTAMOS PASSANDO&hellip;\" \/>\n<meta property=\"og:url\" content=\"https:\/\/studiorenascer.com\/novo\/pagina-restrita\/\" \/>\n<meta property=\"og:site_name\" content=\"St\u00fadio Renascer\" \/>\n<meta property=\"article:publisher\" content=\"https:\/\/www.facebook.com\/jean.carlos.92317?ref=bookmarks\" \/>\n<meta property=\"article:modified_time\" content=\"2022-05-17T10:12:36+00:00\" \/>\n<meta property=\"og:image\" content=\"https:\/\/studiorenascer.com\/novo\/wp-content\/uploads\/2021\/05\/brasao_studio_renascer.png\" \/>\n\t<meta property=\"og:image:width\" content=\"800\" \/>\n\t<meta property=\"og:image:height\" content=\"800\" \/>\n\t<meta property=\"og:image:type\" content=\"image\/png\" \/>\n<meta name=\"twitter:card\" content=\"summary_large_image\" \/>\n<meta name=\"twitter:site\" content=\"@jccontornofm\" \/>\n<meta name=\"twitter:label1\" content=\"Est. tempo de leitura\" \/>\n\t<meta name=\"twitter:data1\" content=\"5 minutos\" \/>\n<script type=\"application\/ld+json\" class=\"yoast-schema-graph\">{\"@context\":\"https:\\\/\\\/schema.org\",\"@graph\":[{\"@type\":\"WebPage\",\"@id\":\"https:\\\/\\\/studiorenascer.com\\\/novo\\\/pagina-restrita\\\/\",\"url\":\"https:\\\/\\\/studiorenascer.com\\\/novo\\\/pagina-restrita\\\/\",\"name\":\"P\u00e1gina Restrita - St\u00fadio Renascer\",\"isPartOf\":{\"@id\":\"https:\\\/\\\/studiorenascer.com\\\/novo\\\/#website\"},\"primaryImageOfPage\":{\"@id\":\"https:\\\/\\\/studiorenascer.com\\\/novo\\\/pagina-restrita\\\/#primaryimage\"},\"image\":{\"@id\":\"https:\\\/\\\/studiorenascer.com\\\/novo\\\/pagina-restrita\\\/#primaryimage\"},\"thumbnailUrl\":\"\",\"datePublished\":\"2015-12-16T09:23:26+00:00\",\"dateModified\":\"2022-05-17T10:12:36+00:00\",\"breadcrumb\":{\"@id\":\"https:\\\/\\\/studiorenascer.com\\\/novo\\\/pagina-restrita\\\/#breadcrumb\"},\"inLanguage\":\"pt-BR\",\"potentialAction\":[{\"@type\":\"ReadAction\",\"target\":[\"https:\\\/\\\/studiorenascer.com\\\/novo\\\/pagina-restrita\\\/\"]}]},{\"@type\":\"ImageObject\",\"inLanguage\":\"pt-BR\",\"@id\":\"https:\\\/\\\/studiorenascer.com\\\/novo\\\/pagina-restrita\\\/#primaryimage\",\"url\":\"\",\"contentUrl\":\"\"},{\"@type\":\"BreadcrumbList\",\"@id\":\"https:\\\/\\\/studiorenascer.com\\\/novo\\\/pagina-restrita\\\/#breadcrumb\",\"itemListElement\":[{\"@type\":\"ListItem\",\"position\":1,\"name\":\"In\u00edcio\",\"item\":\"https:\\\/\\\/studiorenascer.com\\\/novo\\\/\"},{\"@type\":\"ListItem\",\"position\":2,\"name\":\"P\u00e1gina Restrita\"}]},{\"@type\":\"WebSite\",\"@id\":\"https:\\\/\\\/studiorenascer.com\\\/novo\\\/#website\",\"url\":\"https:\\\/\\\/studiorenascer.com\\\/novo\\\/\",\"name\":\"St\u00fadio Renascer\",\"description\":\"O seu portal de conte\u00fados!\",\"publisher\":{\"@id\":\"https:\\\/\\\/studiorenascer.com\\\/novo\\\/#\\\/schema\\\/person\\\/12286d6597002391f242bdff7ee1ebbc\"},\"potentialAction\":[{\"@type\":\"SearchAction\",\"target\":{\"@type\":\"EntryPoint\",\"urlTemplate\":\"https:\\\/\\\/studiorenascer.com\\\/novo\\\/?s={search_term_string}\"},\"query-input\":{\"@type\":\"PropertyValueSpecification\",\"valueRequired\":true,\"valueName\":\"search_term_string\"}}],\"inLanguage\":\"pt-BR\"},{\"@type\":[\"Person\",\"Organization\"],\"@id\":\"https:\\\/\\\/studiorenascer.com\\\/novo\\\/#\\\/schema\\\/person\\\/12286d6597002391f242bdff7ee1ebbc\",\"name\":\"Jean Carlos\",\"image\":{\"@type\":\"ImageObject\",\"inLanguage\":\"pt-BR\",\"@id\":\"https:\\\/\\\/studiorenascer.com\\\/novo\\\/wp-content\\\/uploads\\\/2020\\\/07\\\/logo-sr-ideogram-Custom.jpg\",\"url\":\"https:\\\/\\\/studiorenascer.com\\\/novo\\\/wp-content\\\/uploads\\\/2020\\\/07\\\/logo-sr-ideogram-Custom.jpg\",\"contentUrl\":\"https:\\\/\\\/studiorenascer.com\\\/novo\\\/wp-content\\\/uploads\\\/2020\\\/07\\\/logo-sr-ideogram-Custom.jpg\",\"width\":300,\"height\":300,\"caption\":\"Jean Carlos\"},\"logo\":{\"@id\":\"https:\\\/\\\/studiorenascer.com\\\/novo\\\/wp-content\\\/uploads\\\/2020\\\/07\\\/logo-sr-ideogram-Custom.jpg\"},\"description\":\"Jean Carlos \u00e9, Radialista, Produtor e T\u00e9cnico em \u00e1udio!\",\"sameAs\":[\"http:\\\/\\\/studiorenascer.com\",\"https:\\\/\\\/www.facebook.com\\\/jean.carlos.92317?ref=bookmarks\",\"https:\\\/\\\/www.instagram.com\\\/jccontornofm\\\/?hl=pt-br\",\"https:\\\/\\\/www.youtube.com\\\/channel\\\/UCj14OsusL1Okwd4Nm-UVuQQ?view_as=subscriber\"]}]}<\/script>\n<!-- \/ Yoast SEO Premium plugin. -->","yoast_head_json":{"title":"P\u00e1gina Restrita - St\u00fadio Renascer","robots":{"index":"index","follow":"follow","max-snippet":"max-snippet:-1","max-image-preview":"max-image-preview:large","max-video-preview":"max-video-preview:-1"},"canonical":"https:\/\/studiorenascer.com\/novo\/pagina-restrita\/","og_locale":"pt_BR","og_type":"article","og_title":"P\u00e1gina Restrita","og_description":"SE VOC\u00ca \u00c9 ASSINANTE DE ALGUM DE NOSSOS SERVI\u00c7OS (SITE -APP- STREAMING) CLIQUE AQUI PARA ACESSO DIRETO ATEN\u00c7\u00c3O: ESTAMOS PASSANDO&hellip;","og_url":"https:\/\/studiorenascer.com\/novo\/pagina-restrita\/","og_site_name":"St\u00fadio Renascer","article_publisher":"https:\/\/www.facebook.com\/jean.carlos.92317?ref=bookmarks","article_modified_time":"2022-05-17T10:12:36+00:00","og_image":[{"width":800,"height":800,"url":"https:\/\/studiorenascer.com\/novo\/wp-content\/uploads\/2021\/05\/brasao_studio_renascer.png","type":"image\/png"}],"twitter_card":"summary_large_image","twitter_site":"@jccontornofm","twitter_misc":{"Est. tempo de leitura":"5 minutos"},"schema":{"@context":"https:\/\/schema.org","@graph":[{"@type":"WebPage","@id":"https:\/\/studiorenascer.com\/novo\/pagina-restrita\/","url":"https:\/\/studiorenascer.com\/novo\/pagina-restrita\/","name":"P\u00e1gina Restrita - St\u00fadio Renascer","isPartOf":{"@id":"https:\/\/studiorenascer.com\/novo\/#website"},"primaryImageOfPage":{"@id":"https:\/\/studiorenascer.com\/novo\/pagina-restrita\/#primaryimage"},"image":{"@id":"https:\/\/studiorenascer.com\/novo\/pagina-restrita\/#primaryimage"},"thumbnailUrl":"","datePublished":"2015-12-16T09:23:26+00:00","dateModified":"2022-05-17T10:12:36+00:00","breadcrumb":{"@id":"https:\/\/studiorenascer.com\/novo\/pagina-restrita\/#breadcrumb"},"inLanguage":"pt-BR","potentialAction":[{"@type":"ReadAction","target":["https:\/\/studiorenascer.com\/novo\/pagina-restrita\/"]}]},{"@type":"ImageObject","inLanguage":"pt-BR","@id":"https:\/\/studiorenascer.com\/novo\/pagina-restrita\/#primaryimage","url":"","contentUrl":""},{"@type":"BreadcrumbList","@id":"https:\/\/studiorenascer.com\/novo\/pagina-restrita\/#breadcrumb","itemListElement":[{"@type":"ListItem","position":1,"name":"In\u00edcio","item":"https:\/\/studiorenascer.com\/novo\/"},{"@type":"ListItem","position":2,"name":"P\u00e1gina Restrita"}]},{"@type":"WebSite","@id":"https:\/\/studiorenascer.com\/novo\/#website","url":"https:\/\/studiorenascer.com\/novo\/","name":"St\u00fadio Renascer","description":"O seu portal de conte\u00fados!","publisher":{"@id":"https:\/\/studiorenascer.com\/novo\/#\/schema\/person\/12286d6597002391f242bdff7ee1ebbc"},"potentialAction":[{"@type":"SearchAction","target":{"@type":"EntryPoint","urlTemplate":"https:\/\/studiorenascer.com\/novo\/?s={search_term_string}"},"query-input":{"@type":"PropertyValueSpecification","valueRequired":true,"valueName":"search_term_string"}}],"inLanguage":"pt-BR"},{"@type":["Person","Organization"],"@id":"https:\/\/studiorenascer.com\/novo\/#\/schema\/person\/12286d6597002391f242bdff7ee1ebbc","name":"Jean Carlos","image":{"@type":"ImageObject","inLanguage":"pt-BR","@id":"https:\/\/studiorenascer.com\/novo\/wp-content\/uploads\/2020\/07\/logo-sr-ideogram-Custom.jpg","url":"https:\/\/studiorenascer.com\/novo\/wp-content\/uploads\/2020\/07\/logo-sr-ideogram-Custom.jpg","contentUrl":"https:\/\/studiorenascer.com\/novo\/wp-content\/uploads\/2020\/07\/logo-sr-ideogram-Custom.jpg","width":300,"height":300,"caption":"Jean Carlos"},"logo":{"@id":"https:\/\/studiorenascer.com\/novo\/wp-content\/uploads\/2020\/07\/logo-sr-ideogram-Custom.jpg"},"description":"Jean Carlos \u00e9, Radialista, Produtor e T\u00e9cnico em \u00e1udio!","sameAs":["http:\/\/studiorenascer.com","https:\/\/www.facebook.com\/jean.carlos.92317?ref=bookmarks","https:\/\/www.instagram.com\/jccontornofm\/?hl=pt-br","https:\/\/www.youtube.com\/channel\/UCj14OsusL1Okwd4Nm-UVuQQ?view_as=subscriber"]}]}},"_links":{"self":[{"href":"https:\/\/studiorenascer.com\/novo\/wp-json\/wp\/v2\/pages\/390","targetHints":{"allow":["GET"]}}],"collection":[{"href":"https:\/\/studiorenascer.com\/novo\/wp-json\/wp\/v2\/pages"}],"about":[{"href":"https:\/\/studiorenascer.com\/novo\/wp-json\/wp\/v2\/types\/page"}],"author":[{"embeddable":true,"href":"https:\/\/studiorenascer.com\/novo\/wp-json\/wp\/v2\/users\/1"}],"replies":[{"embeddable":true,"href":"https:\/\/studiorenascer.com\/novo\/wp-json\/wp\/v2\/comments?post=390"}],"version-history":[{"count":0,"href":"https:\/\/studiorenascer.com\/novo\/wp-json\/wp\/v2\/pages\/390\/revisions"}],"wp:featuredmedia":[{"embeddable":true,"href":"https:\/\/studiorenascer.com\/novo\/wp-json\/"}],"wp:attachment":[{"href":"https:\/\/studiorenascer.com\/novo\/wp-json\/wp\/v2\/media?parent=390"}],"curies":[{"name":"wp","href":"https:\/\/api.w.org\/{rel}","templated":true}]}}