{"id":6784,"date":"2020-08-27T14:42:13","date_gmt":"2020-08-27T17:42:13","guid":{"rendered":"https:\/\/studiorenascer.com\/novo\/?page_id=6784"},"modified":"2020-08-27T15:16:25","modified_gmt":"2020-08-27T18:16:25","slug":"reporteres-contorno-fm","status":"publish","type":"page","link":"https:\/\/studiorenascer.com\/novo\/reporteres-contorno-fm\/","title":{"rendered":"Rep\u00f3rteres &#8211; Contorno FM"},"content":{"rendered":"\n<div class=\"wp-block-columns is-layout-flex wp-container-core-columns-is-layout-9d6595d7 wp-block-columns-is-layout-flex\">\n<div class=\"wp-block-column is-layout-flow wp-block-column-is-layout-flow\">\n<h6 class=\"has-text-align-center wp-block-heading\">Herick Rios<\/h6>\n\n\n\n<div id='OutoftheBox' class='  wpcp-has-scroll-to-top audio' style='display:none'><noscript><div class='OutoftheBox-nojsmessage'>Para visualizar este conte\u00fado, voc\u00ea precisa ter o JavaScript habilitado em seu navegador.<br\/><a href='http:\/\/www.enable-javascript.com\/' target='_blank'>Para fazer isso, siga estas instru\u00e7\u00f5es<\/a>.<\/div><\/noscript><div id='OutoftheBox-c98221459352768744f0803320b71a91' class='wpcp-module OutoftheBox media audio jsdisabled' data-list='media' data-token='c98221459352768744f0803320b71a91' data-account-id='dbid:AADJxCusnNzTWUcTSiL-Y__HPcTwPYU-Nn4' data-path='\/' data-sort='name:asc' data-source='b88b639c1179595509c3409827af880b' data-layout='list'><div id=\"jp_container_c98221459352768744f0803320b71a91\" class=\"jp_container jp-video no-thumbnails nocover \" style=\"width:100%;max-width:100%;\" data-autoplay=\"0\" data-extensions=\"mp3\">\r\n  <!--container in which our video will be played-->\r\n  <div id=\"jquery_jplayer_c98221459352768744f0803320b71a91\" class=\"jp-jplayer\"><\/div>\r\n\r\n  <div class=\"playerScreen\"><div tabindex=\"1\" href=\"#\" class=\"jp-video-play noload\" style=\"display: none;\"><div class=\"jp-video-play-button\" role=\"button\" tabindex=\"0\" aria-label=\"Play\" aria-pressed=\"false\"><\/div><\/div><\/div>\r\n\r\n  <!--main containers for our controls-->\r\n  <div class=\"jp-gui\">\r\n    <div class=\"gui-container\">\r\n      <div tabindex=\"1\" href=\"#\" class=\"jp-gui-button jp-play left\"><\/div>\r\n      <div tabindex=\"1\" href=\"#\" class=\"jp-gui-button jp-pause left\" style=\"display:none\"><\/div>\r\n      <div tabindex=\"1\" href=\"#\" class=\"jp-gui-button jp-next left\"><\/div>\r\n\r\n      <div class=\"volumecontrol left\">\r\n        <div tabindex=\"1\" href=\"#\" class=\"jp-gui-button jp-mute left\"><\/div>\r\n        <div tabindex=\"1\" href=\"#\" class=\"jp-gui-button jp-unmute left\"><\/div>\r\n        <div class=\"jp-volume-bar\">\r\n          <div class=\"currentVolume\"><div class=\"jp-volume-bar-value\"><\/div><\/div>\r\n        <\/div>\r\n      <\/div>\r\n\r\n      <div class=\"jp-timer\">\r\n        <div class=\"jp-current-time\">00:00<\/div>\r\n        <div class=\"seperate\">\/<\/div>\r\n        <div class=\"jp-duration\">00:00<\/div>\r\n      <\/div>\r\n\r\n      <div href=\"#\" tabindex=\"1\" class=\"jp-gui-button jp-playlist-toggle right\"><\/div>\r\n\r\n      <div href=\"#\" tabindex=\"1\" class=\"jp-gui-button jp-full-screen right\"><\/div>\r\n      <div href=\"#\" tabindex=\"1\" class=\"jp-gui-button jp-restore-screen right\" style=\"display:none\"><\/div>\r\n\r\n      <div href=\"#\" tabindex=\"1\" class=\"jp-gui-button jp-repeat right\"><\/div>\r\n      <div href=\"#\" tabindex=\"1\" class=\"jp-gui-button jp-repeat-off right\" style=\"display:none\"><\/div>\r\n\r\n    <\/div><!--end jp-gui-->\r\n  <\/div>\r\n\r\n  <div class=\"jp-progress\">\r\n    <div class=\"jp-seek-bar\">\r\n      <div class=\"jp-play-bar\"><\/div>\r\n    <\/div>\r\n  <\/div>\r\n\r\n  <div class=\"jp-playlist \" style=\"display:none;\">\r\n    <ul data-folder>\r\n      <!-- The method Playlist.displayPlaylist() uses this unordered list -->\r\n      <li><\/li>\r\n    <\/ul>\r\n  <\/div>\r\n<\/div><\/div><script type='text\/javascript'>if (typeof(jQuery) !== 'undefined' && typeof(jQuery.cp) !== 'undefined' && typeof(jQuery.cp.OutoftheBox) === 'function') { jQuery('#OutoftheBox-c98221459352768744f0803320b71a91').OutoftheBox(OutoftheBox_vars); };<\/script><\/div>\n<\/div>\n\n\n\n<div class=\"wp-block-column is-layout-flow wp-block-column-is-layout-flow\">\n<h6 class=\"has-text-align-center wp-block-heading\">Gevaldo Rosa<\/h6>\n\n\n\n<div id='OutoftheBox' class='  wpcp-has-scroll-to-top audio' style='display:none'><noscript><div class='OutoftheBox-nojsmessage'>Para visualizar este conte\u00fado, voc\u00ea precisa ter o JavaScript habilitado em seu navegador.<br\/><a href='http:\/\/www.enable-javascript.com\/' target='_blank'>Para fazer isso, siga estas instru\u00e7\u00f5es<\/a>.<\/div><\/noscript><div id='OutoftheBox-c9ae67e7c18a5fa4a0eeac53f1fae2db' class='wpcp-module OutoftheBox media audio jsdisabled' data-list='media' data-token='c9ae67e7c18a5fa4a0eeac53f1fae2db' data-account-id='dbid:AADJxCusnNzTWUcTSiL-Y__HPcTwPYU-Nn4' data-path='\/' data-sort='name:asc' data-source='847a7392494d45108b746ce78b2b323b' data-layout='list'><div id=\"jp_container_c9ae67e7c18a5fa4a0eeac53f1fae2db\" class=\"jp_container jp-video no-thumbnails nocover \" style=\"width:100%;max-width:100%;\" data-autoplay=\"0\" data-extensions=\"mp3\">\r\n  <!--container in which our video will be played-->\r\n  <div id=\"jquery_jplayer_c9ae67e7c18a5fa4a0eeac53f1fae2db\" class=\"jp-jplayer\"><\/div>\r\n\r\n  <div class=\"playerScreen\"><div tabindex=\"1\" href=\"#\" class=\"jp-video-play noload\" style=\"display: none;\"><div class=\"jp-video-play-button\" role=\"button\" tabindex=\"0\" aria-label=\"Play\" aria-pressed=\"false\"><\/div><\/div><\/div>\r\n\r\n  <!--main containers for our controls-->\r\n  <div class=\"jp-gui\">\r\n    <div class=\"gui-container\">\r\n      <div tabindex=\"1\" href=\"#\" class=\"jp-gui-button jp-play left\"><\/div>\r\n      <div tabindex=\"1\" href=\"#\" class=\"jp-gui-button jp-pause left\" style=\"display:none\"><\/div>\r\n      <div tabindex=\"1\" href=\"#\" class=\"jp-gui-button jp-next left\"><\/div>\r\n\r\n      <div class=\"volumecontrol left\">\r\n        <div tabindex=\"1\" href=\"#\" class=\"jp-gui-button jp-mute left\"><\/div>\r\n        <div tabindex=\"1\" href=\"#\" class=\"jp-gui-button jp-unmute left\"><\/div>\r\n        <div class=\"jp-volume-bar\">\r\n          <div class=\"currentVolume\"><div class=\"jp-volume-bar-value\"><\/div><\/div>\r\n        <\/div>\r\n      <\/div>\r\n\r\n      <div class=\"jp-timer\">\r\n        <div class=\"jp-current-time\">00:00<\/div>\r\n        <div class=\"seperate\">\/<\/div>\r\n        <div class=\"jp-duration\">00:00<\/div>\r\n      <\/div>\r\n\r\n      <div href=\"#\" tabindex=\"1\" class=\"jp-gui-button jp-playlist-toggle right\"><\/div>\r\n\r\n      <div href=\"#\" tabindex=\"1\" class=\"jp-gui-button jp-full-screen right\"><\/div>\r\n      <div href=\"#\" tabindex=\"1\" class=\"jp-gui-button jp-restore-screen right\" style=\"display:none\"><\/div>\r\n\r\n      <div href=\"#\" tabindex=\"1\" class=\"jp-gui-button jp-repeat right\"><\/div>\r\n      <div href=\"#\" tabindex=\"1\" class=\"jp-gui-button jp-repeat-off right\" style=\"display:none\"><\/div>\r\n\r\n    <\/div><!--end jp-gui-->\r\n  <\/div>\r\n\r\n  <div class=\"jp-progress\">\r\n    <div class=\"jp-seek-bar\">\r\n      <div class=\"jp-play-bar\"><\/div>\r\n    <\/div>\r\n  <\/div>\r\n\r\n  <div class=\"jp-playlist \" style=\"display:none;\">\r\n    <ul data-folder>\r\n      <!-- The method Playlist.displayPlaylist() uses this unordered list -->\r\n      <li><\/li>\r\n    <\/ul>\r\n  <\/div>\r\n<\/div><\/div><script type='text\/javascript'>if (typeof(jQuery) !== 'undefined' && typeof(jQuery.cp) !== 'undefined' && typeof(jQuery.cp.OutoftheBox) === 'function') { jQuery('#OutoftheBox-c9ae67e7c18a5fa4a0eeac53f1fae2db').OutoftheBox(OutoftheBox_vars); };<\/script><\/div>\n<\/div>\n<\/div>\n\n\n\n<p><\/p>\n","protected":false},"excerpt":{"rendered":"<p>Herick Rios Gevaldo Rosa<\/p>\n","protected":false},"author":2,"featured_media":0,"parent":0,"menu_order":0,"comment_status":"closed","ping_status":"closed","template":"blank-slate-template.php","meta":{"footnotes":""},"class_list":["post-6784","page","type-page","status-publish","hentry"],"yoast_head":"<!-- This site is optimized with the Yoast SEO Premium plugin v22.6 (Yoast SEO v27.5) - https:\/\/yoast.com\/product\/yoast-seo-premium-wordpress\/ -->\n<title>Rep\u00f3rteres - Contorno FM - St\u00fadio Renascer<\/title>\n<meta name=\"robots\" content=\"index, follow, max-snippet:-1, max-image-preview:large, max-video-preview:-1\" \/>\n<link rel=\"canonical\" href=\"https:\/\/studiorenascer.com\/novo\/reporteres-contorno-fm\/\" \/>\n<meta property=\"og:locale\" content=\"pt_BR\" \/>\n<meta property=\"og:type\" content=\"article\" \/>\n<meta property=\"og:title\" content=\"Rep\u00f3rteres - Contorno FM\" \/>\n<meta property=\"og:description\" content=\"Herick Rios Gevaldo Rosa\" \/>\n<meta property=\"og:url\" content=\"https:\/\/studiorenascer.com\/novo\/reporteres-contorno-fm\/\" \/>\n<meta property=\"og:site_name\" content=\"St\u00fadio Renascer\" \/>\n<meta property=\"article:publisher\" content=\"https:\/\/www.facebook.com\/jean.carlos.92317?ref=bookmarks\" \/>\n<meta property=\"article:modified_time\" content=\"2020-08-27T18:16:25+00:00\" \/>\n<meta property=\"og:image\" content=\"https:\/\/studiorenascer.com\/novo\/wp-content\/uploads\/2021\/05\/brasao_studio_renascer.png\" \/>\n\t<meta property=\"og:image:width\" content=\"800\" \/>\n\t<meta property=\"og:image:height\" content=\"800\" \/>\n\t<meta property=\"og:image:type\" content=\"image\/png\" \/>\n<meta name=\"twitter:card\" content=\"summary_large_image\" \/>\n<meta name=\"twitter:site\" content=\"@jccontornofm\" \/>\n<script type=\"application\/ld+json\" class=\"yoast-schema-graph\">{\"@context\":\"https:\\\/\\\/schema.org\",\"@graph\":[{\"@type\":\"WebPage\",\"@id\":\"https:\\\/\\\/studiorenascer.com\\\/novo\\\/reporteres-contorno-fm\\\/\",\"url\":\"https:\\\/\\\/studiorenascer.com\\\/novo\\\/reporteres-contorno-fm\\\/\",\"name\":\"Rep\u00f3rteres - Contorno FM - St\u00fadio Renascer\",\"isPartOf\":{\"@id\":\"https:\\\/\\\/studiorenascer.com\\\/novo\\\/#website\"},\"datePublished\":\"2020-08-27T17:42:13+00:00\",\"dateModified\":\"2020-08-27T18:16:25+00:00\",\"breadcrumb\":{\"@id\":\"https:\\\/\\\/studiorenascer.com\\\/novo\\\/reporteres-contorno-fm\\\/#breadcrumb\"},\"inLanguage\":\"pt-BR\",\"potentialAction\":[{\"@type\":\"ReadAction\",\"target\":[\"https:\\\/\\\/studiorenascer.com\\\/novo\\\/reporteres-contorno-fm\\\/\"]}]},{\"@type\":\"BreadcrumbList\",\"@id\":\"https:\\\/\\\/studiorenascer.com\\\/novo\\\/reporteres-contorno-fm\\\/#breadcrumb\",\"itemListElement\":[{\"@type\":\"ListItem\",\"position\":1,\"name\":\"In\u00edcio\",\"item\":\"https:\\\/\\\/studiorenascer.com\\\/novo\\\/\"},{\"@type\":\"ListItem\",\"position\":2,\"name\":\"Rep\u00f3rteres &#8211; Contorno FM\"}]},{\"@type\":\"WebSite\",\"@id\":\"https:\\\/\\\/studiorenascer.com\\\/novo\\\/#website\",\"url\":\"https:\\\/\\\/studiorenascer.com\\\/novo\\\/\",\"name\":\"St\u00fadio Renascer\",\"description\":\"O seu portal de conte\u00fados!\",\"publisher\":{\"@id\":\"https:\\\/\\\/studiorenascer.com\\\/novo\\\/#\\\/schema\\\/person\\\/12286d6597002391f242bdff7ee1ebbc\"},\"potentialAction\":[{\"@type\":\"SearchAction\",\"target\":{\"@type\":\"EntryPoint\",\"urlTemplate\":\"https:\\\/\\\/studiorenascer.com\\\/novo\\\/?s={search_term_string}\"},\"query-input\":{\"@type\":\"PropertyValueSpecification\",\"valueRequired\":true,\"valueName\":\"search_term_string\"}}],\"inLanguage\":\"pt-BR\"},{\"@type\":[\"Person\",\"Organization\"],\"@id\":\"https:\\\/\\\/studiorenascer.com\\\/novo\\\/#\\\/schema\\\/person\\\/12286d6597002391f242bdff7ee1ebbc\",\"name\":\"Jean Carlos\",\"image\":{\"@type\":\"ImageObject\",\"inLanguage\":\"pt-BR\",\"@id\":\"https:\\\/\\\/studiorenascer.com\\\/novo\\\/wp-content\\\/uploads\\\/2020\\\/07\\\/logo-sr-ideogram-Custom.jpg\",\"url\":\"https:\\\/\\\/studiorenascer.com\\\/novo\\\/wp-content\\\/uploads\\\/2020\\\/07\\\/logo-sr-ideogram-Custom.jpg\",\"contentUrl\":\"https:\\\/\\\/studiorenascer.com\\\/novo\\\/wp-content\\\/uploads\\\/2020\\\/07\\\/logo-sr-ideogram-Custom.jpg\",\"width\":300,\"height\":300,\"caption\":\"Jean Carlos\"},\"logo\":{\"@id\":\"https:\\\/\\\/studiorenascer.com\\\/novo\\\/wp-content\\\/uploads\\\/2020\\\/07\\\/logo-sr-ideogram-Custom.jpg\"},\"description\":\"Jean Carlos \u00e9, Radialista, Produtor e T\u00e9cnico em \u00e1udio!\",\"sameAs\":[\"http:\\\/\\\/studiorenascer.com\",\"https:\\\/\\\/www.facebook.com\\\/jean.carlos.92317?ref=bookmarks\",\"https:\\\/\\\/www.instagram.com\\\/jccontornofm\\\/?hl=pt-br\",\"https:\\\/\\\/www.youtube.com\\\/channel\\\/UCj14OsusL1Okwd4Nm-UVuQQ?view_as=subscriber\"]}]}<\/script>\n<!-- \/ Yoast SEO Premium plugin. -->","yoast_head_json":{"title":"Rep\u00f3rteres - Contorno FM - St\u00fadio Renascer","robots":{"index":"index","follow":"follow","max-snippet":"max-snippet:-1","max-image-preview":"max-image-preview:large","max-video-preview":"max-video-preview:-1"},"canonical":"https:\/\/studiorenascer.com\/novo\/reporteres-contorno-fm\/","og_locale":"pt_BR","og_type":"article","og_title":"Rep\u00f3rteres - Contorno FM","og_description":"Herick Rios Gevaldo Rosa","og_url":"https:\/\/studiorenascer.com\/novo\/reporteres-contorno-fm\/","og_site_name":"St\u00fadio Renascer","article_publisher":"https:\/\/www.facebook.com\/jean.carlos.92317?ref=bookmarks","article_modified_time":"2020-08-27T18:16:25+00:00","og_image":[{"width":800,"height":800,"url":"https:\/\/studiorenascer.com\/novo\/wp-content\/uploads\/2021\/05\/brasao_studio_renascer.png","type":"image\/png"}],"twitter_card":"summary_large_image","twitter_site":"@jccontornofm","schema":{"@context":"https:\/\/schema.org","@graph":[{"@type":"WebPage","@id":"https:\/\/studiorenascer.com\/novo\/reporteres-contorno-fm\/","url":"https:\/\/studiorenascer.com\/novo\/reporteres-contorno-fm\/","name":"Rep\u00f3rteres - Contorno FM - St\u00fadio Renascer","isPartOf":{"@id":"https:\/\/studiorenascer.com\/novo\/#website"},"datePublished":"2020-08-27T17:42:13+00:00","dateModified":"2020-08-27T18:16:25+00:00","breadcrumb":{"@id":"https:\/\/studiorenascer.com\/novo\/reporteres-contorno-fm\/#breadcrumb"},"inLanguage":"pt-BR","potentialAction":[{"@type":"ReadAction","target":["https:\/\/studiorenascer.com\/novo\/reporteres-contorno-fm\/"]}]},{"@type":"BreadcrumbList","@id":"https:\/\/studiorenascer.com\/novo\/reporteres-contorno-fm\/#breadcrumb","itemListElement":[{"@type":"ListItem","position":1,"name":"In\u00edcio","item":"https:\/\/studiorenascer.com\/novo\/"},{"@type":"ListItem","position":2,"name":"Rep\u00f3rteres &#8211; Contorno FM"}]},{"@type":"WebSite","@id":"https:\/\/studiorenascer.com\/novo\/#website","url":"https:\/\/studiorenascer.com\/novo\/","name":"St\u00fadio Renascer","description":"O seu portal de conte\u00fados!","publisher":{"@id":"https:\/\/studiorenascer.com\/novo\/#\/schema\/person\/12286d6597002391f242bdff7ee1ebbc"},"potentialAction":[{"@type":"SearchAction","target":{"@type":"EntryPoint","urlTemplate":"https:\/\/studiorenascer.com\/novo\/?s={search_term_string}"},"query-input":{"@type":"PropertyValueSpecification","valueRequired":true,"valueName":"search_term_string"}}],"inLanguage":"pt-BR"},{"@type":["Person","Organization"],"@id":"https:\/\/studiorenascer.com\/novo\/#\/schema\/person\/12286d6597002391f242bdff7ee1ebbc","name":"Jean Carlos","image":{"@type":"ImageObject","inLanguage":"pt-BR","@id":"https:\/\/studiorenascer.com\/novo\/wp-content\/uploads\/2020\/07\/logo-sr-ideogram-Custom.jpg","url":"https:\/\/studiorenascer.com\/novo\/wp-content\/uploads\/2020\/07\/logo-sr-ideogram-Custom.jpg","contentUrl":"https:\/\/studiorenascer.com\/novo\/wp-content\/uploads\/2020\/07\/logo-sr-ideogram-Custom.jpg","width":300,"height":300,"caption":"Jean Carlos"},"logo":{"@id":"https:\/\/studiorenascer.com\/novo\/wp-content\/uploads\/2020\/07\/logo-sr-ideogram-Custom.jpg"},"description":"Jean Carlos \u00e9, Radialista, Produtor e T\u00e9cnico em \u00e1udio!","sameAs":["http:\/\/studiorenascer.com","https:\/\/www.facebook.com\/jean.carlos.92317?ref=bookmarks","https:\/\/www.instagram.com\/jccontornofm\/?hl=pt-br","https:\/\/www.youtube.com\/channel\/UCj14OsusL1Okwd4Nm-UVuQQ?view_as=subscriber"]}]}},"_links":{"self":[{"href":"https:\/\/studiorenascer.com\/novo\/wp-json\/wp\/v2\/pages\/6784","targetHints":{"allow":["GET"]}}],"collection":[{"href":"https:\/\/studiorenascer.com\/novo\/wp-json\/wp\/v2\/pages"}],"about":[{"href":"https:\/\/studiorenascer.com\/novo\/wp-json\/wp\/v2\/types\/page"}],"author":[{"embeddable":true,"href":"https:\/\/studiorenascer.com\/novo\/wp-json\/wp\/v2\/users\/2"}],"replies":[{"embeddable":true,"href":"https:\/\/studiorenascer.com\/novo\/wp-json\/wp\/v2\/comments?post=6784"}],"version-history":[{"count":0,"href":"https:\/\/studiorenascer.com\/novo\/wp-json\/wp\/v2\/pages\/6784\/revisions"}],"wp:attachment":[{"href":"https:\/\/studiorenascer.com\/novo\/wp-json\/wp\/v2\/media?parent=6784"}],"curies":[{"name":"wp","href":"https:\/\/api.w.org\/{rel}","templated":true}]}}