{"id":2493,"date":"2017-10-13T18:24:40","date_gmt":"2017-10-13T21:24:40","guid":{"rendered":"http:\/\/studiorenascer.com\/temp\/?post_type=product&#038;p=2493"},"modified":"2022-05-16T09:15:03","modified_gmt":"2022-05-16T12:15:03","slug":"vinhetas-cantadas-pacote-tarde","status":"publish","type":"product","link":"https:\/\/studiorenascer.com\/novo\/produto\/vinhetas-cantadas-pacote-tarde\/","title":{"rendered":"09 Vinhetas Cantadas \u2013 Pacote Tarde"},"content":{"rendered":"<ul>\n<li style=\"list-style-type: none;\">\n<ul>\n<li><em>TIPO DE VINHETAS: <strong>CANTADAS<\/strong><\/em><\/li>\n<li><em>QUANTIDADE: 09<strong> VINHETAS &#8211; 03 MASTERS (IGUAIS AS DEMOS) 03 REDUZIDAS (VERS\u00d5ES MENORES DAS DEMOS) 03 A CAPELAS (VERS\u00d5ES S\u00d3 VOZ DAS DEMOS)<\/strong><\/em><\/li>\n<li><em>PRAZO DE ENTREGA: <strong>TR\u00caS DIAS \u00daTEIS AP\u00d3S CONFIRMADO<\/strong> PAGAMENTO<\/em><\/li>\n<li><em>LOCU\u00c7\u00c3O\/INTERPRETE: MASCULINA<strong> (MESMO DAS DEMOS, N\u00c3O \u00c9 POSS\u00cdVEL ALTERAR)<\/strong><\/em><\/li>\n<li><em>ENVIO DAS VINHETAS: <strong>POR E-MAIL<\/strong><\/em><\/li>\n<\/ul>\n<\/li>\n<\/ul>\n","protected":false},"excerpt":{"rendered":"<p><!-- wp:audio --><\/p>\n<figure class=\"wp-block-audio\"><audio src=\"https:\/\/www.dropbox.com\/s\/9e8srvw441djt8w\/DEMO%20-%20PROGRAMA%20TARDE.mp3?dl=1\" controls=\"controls\"><\/audio><\/figure>\n<h4 style=\"text-align: center;\">Este \u00e9 um pacote de vinhetas prontas onde alteramos somente nome do programa e do locutor, o modelo das vinhetas \u00e9 o mesmo das demos, sempre ou\u00e7a as demos antes de clicar em comprar!<\/h4>\n<p><!-- \/wp:audio --><\/p>\n","protected":false},"featured_media":4719,"template":"","meta":[],"product_brand":[],"product_cat":[20,21],"product_tag":[],"class_list":{"0":"post-2493","1":"product","2":"type-product","3":"status-publish","4":"has-post-thumbnail","6":"product_cat-vinhetas-cantadas","7":"product_cat-vinhetas-e-temas","9":"first","10":"instock","11":"virtual","12":"purchasable","13":"product-type-simple"},"yoast_head":"<!-- This site is optimized with the Yoast SEO Premium plugin v22.6 (Yoast SEO v27.3) - https:\/\/yoast.com\/product\/yoast-seo-premium-wordpress\/ -->\n<title>09 Vinhetas Cantadas \u2013 Pacote Tarde - St\u00fadio Renascer<\/title>\n<meta name=\"robots\" content=\"index, follow, max-snippet:-1, max-image-preview:large, max-video-preview:-1\" \/>\n<link rel=\"canonical\" href=\"https:\/\/studiorenascer.com\/novo\/produto\/vinhetas-cantadas-pacote-tarde\/\" \/>\n<meta property=\"og:locale\" content=\"pt_BR\" \/>\n<meta property=\"og:type\" content=\"article\" \/>\n<meta property=\"og:title\" content=\"09 Vinhetas Cantadas \u2013 Pacote Tarde\" \/>\n<meta property=\"og:description\" content=\"Este \u00e9 um pacote de vinhetas prontas onde alteramos somente nome do programa e do locutor, o modelo das vinhetas \u00e9 o mesmo das demos, sempre ou\u00e7a as demos antes de clicar em comprar!\" \/>\n<meta property=\"og:url\" content=\"https:\/\/studiorenascer.com\/novo\/produto\/vinhetas-cantadas-pacote-tarde\/\" \/>\n<meta property=\"og:site_name\" content=\"St\u00fadio Renascer\" \/>\n<meta property=\"article:publisher\" content=\"https:\/\/www.facebook.com\/jean.carlos.92317?ref=bookmarks\" \/>\n<meta property=\"article:modified_time\" content=\"2022-05-16T12:15:03+00:00\" \/>\n<meta property=\"og:image\" content=\"https:\/\/studiorenascer.com\/novo\/wp-content\/uploads\/2018\/02\/box_pacote_tarde.png\" \/>\n\t<meta property=\"og:image:width\" content=\"300\" \/>\n\t<meta property=\"og:image:height\" content=\"300\" \/>\n\t<meta property=\"og:image:type\" content=\"image\/png\" \/>\n<meta name=\"twitter:card\" content=\"summary_large_image\" \/>\n<meta name=\"twitter:site\" content=\"@jccontornofm\" \/>\n<meta name=\"twitter:label1\" content=\"Est. tempo de leitura\" \/>\n\t<meta name=\"twitter:data1\" content=\"1 minuto\" \/>\n<script type=\"application\/ld+json\" class=\"yoast-schema-graph\">{\"@context\":\"https:\\\/\\\/schema.org\",\"@graph\":[{\"@type\":\"WebPage\",\"@id\":\"https:\\\/\\\/studiorenascer.com\\\/novo\\\/produto\\\/vinhetas-cantadas-pacote-tarde\\\/\",\"url\":\"https:\\\/\\\/studiorenascer.com\\\/novo\\\/produto\\\/vinhetas-cantadas-pacote-tarde\\\/\",\"name\":\"09 Vinhetas Cantadas \u2013 Pacote Tarde - St\u00fadio Renascer\",\"isPartOf\":{\"@id\":\"https:\\\/\\\/studiorenascer.com\\\/novo\\\/#website\"},\"primaryImageOfPage\":{\"@id\":\"https:\\\/\\\/studiorenascer.com\\\/novo\\\/produto\\\/vinhetas-cantadas-pacote-tarde\\\/#primaryimage\"},\"image\":{\"@id\":\"https:\\\/\\\/studiorenascer.com\\\/novo\\\/produto\\\/vinhetas-cantadas-pacote-tarde\\\/#primaryimage\"},\"thumbnailUrl\":\"https:\\\/\\\/studiorenascer.com\\\/novo\\\/wp-content\\\/uploads\\\/2018\\\/02\\\/box_pacote_tarde.png\",\"datePublished\":\"2017-10-13T21:24:40+00:00\",\"dateModified\":\"2022-05-16T12:15:03+00:00\",\"breadcrumb\":{\"@id\":\"https:\\\/\\\/studiorenascer.com\\\/novo\\\/produto\\\/vinhetas-cantadas-pacote-tarde\\\/#breadcrumb\"},\"inLanguage\":\"pt-BR\",\"potentialAction\":[{\"@type\":\"ReadAction\",\"target\":[\"https:\\\/\\\/studiorenascer.com\\\/novo\\\/produto\\\/vinhetas-cantadas-pacote-tarde\\\/\"]}]},{\"@type\":\"ImageObject\",\"inLanguage\":\"pt-BR\",\"@id\":\"https:\\\/\\\/studiorenascer.com\\\/novo\\\/produto\\\/vinhetas-cantadas-pacote-tarde\\\/#primaryimage\",\"url\":\"https:\\\/\\\/studiorenascer.com\\\/novo\\\/wp-content\\\/uploads\\\/2018\\\/02\\\/box_pacote_tarde.png\",\"contentUrl\":\"https:\\\/\\\/studiorenascer.com\\\/novo\\\/wp-content\\\/uploads\\\/2018\\\/02\\\/box_pacote_tarde.png\",\"width\":300,\"height\":300},{\"@type\":\"BreadcrumbList\",\"@id\":\"https:\\\/\\\/studiorenascer.com\\\/novo\\\/produto\\\/vinhetas-cantadas-pacote-tarde\\\/#breadcrumb\",\"itemListElement\":[{\"@type\":\"ListItem\",\"position\":1,\"name\":\"In\u00edcio\",\"item\":\"https:\\\/\\\/studiorenascer.com\\\/novo\\\/\"},{\"@type\":\"ListItem\",\"position\":2,\"name\":\"Inicial\",\"item\":\"https:\\\/\\\/studiorenascer.com\\\/novo\\\/inicial-2\\\/\"},{\"@type\":\"ListItem\",\"position\":3,\"name\":\"09 Vinhetas Cantadas \u2013 Pacote Tarde\"}]},{\"@type\":\"WebSite\",\"@id\":\"https:\\\/\\\/studiorenascer.com\\\/novo\\\/#website\",\"url\":\"https:\\\/\\\/studiorenascer.com\\\/novo\\\/\",\"name\":\"St\u00fadio Renascer\",\"description\":\"O seu portal de conte\u00fados!\",\"publisher\":{\"@id\":\"https:\\\/\\\/studiorenascer.com\\\/novo\\\/#\\\/schema\\\/person\\\/12286d6597002391f242bdff7ee1ebbc\"},\"potentialAction\":[{\"@type\":\"SearchAction\",\"target\":{\"@type\":\"EntryPoint\",\"urlTemplate\":\"https:\\\/\\\/studiorenascer.com\\\/novo\\\/?s={search_term_string}\"},\"query-input\":{\"@type\":\"PropertyValueSpecification\",\"valueRequired\":true,\"valueName\":\"search_term_string\"}}],\"inLanguage\":\"pt-BR\"},{\"@type\":[\"Person\",\"Organization\"],\"@id\":\"https:\\\/\\\/studiorenascer.com\\\/novo\\\/#\\\/schema\\\/person\\\/12286d6597002391f242bdff7ee1ebbc\",\"name\":\"Jean Carlos\",\"image\":{\"@type\":\"ImageObject\",\"inLanguage\":\"pt-BR\",\"@id\":\"https:\\\/\\\/studiorenascer.com\\\/novo\\\/wp-content\\\/uploads\\\/2020\\\/07\\\/logo-sr-ideogram-Custom.jpg\",\"url\":\"https:\\\/\\\/studiorenascer.com\\\/novo\\\/wp-content\\\/uploads\\\/2020\\\/07\\\/logo-sr-ideogram-Custom.jpg\",\"contentUrl\":\"https:\\\/\\\/studiorenascer.com\\\/novo\\\/wp-content\\\/uploads\\\/2020\\\/07\\\/logo-sr-ideogram-Custom.jpg\",\"width\":300,\"height\":300,\"caption\":\"Jean Carlos\"},\"logo\":{\"@id\":\"https:\\\/\\\/studiorenascer.com\\\/novo\\\/wp-content\\\/uploads\\\/2020\\\/07\\\/logo-sr-ideogram-Custom.jpg\"},\"description\":\"Jean Carlos \u00e9, Radialista, Produtor e T\u00e9cnico em \u00e1udio!\",\"sameAs\":[\"http:\\\/\\\/studiorenascer.com\",\"https:\\\/\\\/www.facebook.com\\\/jean.carlos.92317?ref=bookmarks\",\"https:\\\/\\\/www.instagram.com\\\/jccontornofm\\\/?hl=pt-br\",\"https:\\\/\\\/www.youtube.com\\\/channel\\\/UCj14OsusL1Okwd4Nm-UVuQQ?view_as=subscriber\"]}]}<\/script>\n<!-- \/ Yoast SEO Premium plugin. -->","yoast_head_json":{"title":"09 Vinhetas Cantadas \u2013 Pacote Tarde - St\u00fadio Renascer","robots":{"index":"index","follow":"follow","max-snippet":"max-snippet:-1","max-image-preview":"max-image-preview:large","max-video-preview":"max-video-preview:-1"},"canonical":"https:\/\/studiorenascer.com\/novo\/produto\/vinhetas-cantadas-pacote-tarde\/","og_locale":"pt_BR","og_type":"article","og_title":"09 Vinhetas Cantadas \u2013 Pacote Tarde","og_description":"Este \u00e9 um pacote de vinhetas prontas onde alteramos somente nome do programa e do locutor, o modelo das vinhetas \u00e9 o mesmo das demos, sempre ou\u00e7a as demos antes de clicar em comprar!","og_url":"https:\/\/studiorenascer.com\/novo\/produto\/vinhetas-cantadas-pacote-tarde\/","og_site_name":"St\u00fadio Renascer","article_publisher":"https:\/\/www.facebook.com\/jean.carlos.92317?ref=bookmarks","article_modified_time":"2022-05-16T12:15:03+00:00","og_image":[{"width":300,"height":300,"url":"https:\/\/studiorenascer.com\/novo\/wp-content\/uploads\/2018\/02\/box_pacote_tarde.png","type":"image\/png"}],"twitter_card":"summary_large_image","twitter_site":"@jccontornofm","twitter_misc":{"Est. tempo de leitura":"1 minuto"},"schema":{"@context":"https:\/\/schema.org","@graph":[{"@type":"WebPage","@id":"https:\/\/studiorenascer.com\/novo\/produto\/vinhetas-cantadas-pacote-tarde\/","url":"https:\/\/studiorenascer.com\/novo\/produto\/vinhetas-cantadas-pacote-tarde\/","name":"09 Vinhetas Cantadas \u2013 Pacote Tarde - St\u00fadio Renascer","isPartOf":{"@id":"https:\/\/studiorenascer.com\/novo\/#website"},"primaryImageOfPage":{"@id":"https:\/\/studiorenascer.com\/novo\/produto\/vinhetas-cantadas-pacote-tarde\/#primaryimage"},"image":{"@id":"https:\/\/studiorenascer.com\/novo\/produto\/vinhetas-cantadas-pacote-tarde\/#primaryimage"},"thumbnailUrl":"https:\/\/studiorenascer.com\/novo\/wp-content\/uploads\/2018\/02\/box_pacote_tarde.png","datePublished":"2017-10-13T21:24:40+00:00","dateModified":"2022-05-16T12:15:03+00:00","breadcrumb":{"@id":"https:\/\/studiorenascer.com\/novo\/produto\/vinhetas-cantadas-pacote-tarde\/#breadcrumb"},"inLanguage":"pt-BR","potentialAction":[{"@type":"ReadAction","target":["https:\/\/studiorenascer.com\/novo\/produto\/vinhetas-cantadas-pacote-tarde\/"]}]},{"@type":"ImageObject","inLanguage":"pt-BR","@id":"https:\/\/studiorenascer.com\/novo\/produto\/vinhetas-cantadas-pacote-tarde\/#primaryimage","url":"https:\/\/studiorenascer.com\/novo\/wp-content\/uploads\/2018\/02\/box_pacote_tarde.png","contentUrl":"https:\/\/studiorenascer.com\/novo\/wp-content\/uploads\/2018\/02\/box_pacote_tarde.png","width":300,"height":300},{"@type":"BreadcrumbList","@id":"https:\/\/studiorenascer.com\/novo\/produto\/vinhetas-cantadas-pacote-tarde\/#breadcrumb","itemListElement":[{"@type":"ListItem","position":1,"name":"In\u00edcio","item":"https:\/\/studiorenascer.com\/novo\/"},{"@type":"ListItem","position":2,"name":"Inicial","item":"https:\/\/studiorenascer.com\/novo\/inicial-2\/"},{"@type":"ListItem","position":3,"name":"09 Vinhetas Cantadas \u2013 Pacote Tarde"}]},{"@type":"WebSite","@id":"https:\/\/studiorenascer.com\/novo\/#website","url":"https:\/\/studiorenascer.com\/novo\/","name":"St\u00fadio Renascer","description":"O seu portal de conte\u00fados!","publisher":{"@id":"https:\/\/studiorenascer.com\/novo\/#\/schema\/person\/12286d6597002391f242bdff7ee1ebbc"},"potentialAction":[{"@type":"SearchAction","target":{"@type":"EntryPoint","urlTemplate":"https:\/\/studiorenascer.com\/novo\/?s={search_term_string}"},"query-input":{"@type":"PropertyValueSpecification","valueRequired":true,"valueName":"search_term_string"}}],"inLanguage":"pt-BR"},{"@type":["Person","Organization"],"@id":"https:\/\/studiorenascer.com\/novo\/#\/schema\/person\/12286d6597002391f242bdff7ee1ebbc","name":"Jean Carlos","image":{"@type":"ImageObject","inLanguage":"pt-BR","@id":"https:\/\/studiorenascer.com\/novo\/wp-content\/uploads\/2020\/07\/logo-sr-ideogram-Custom.jpg","url":"https:\/\/studiorenascer.com\/novo\/wp-content\/uploads\/2020\/07\/logo-sr-ideogram-Custom.jpg","contentUrl":"https:\/\/studiorenascer.com\/novo\/wp-content\/uploads\/2020\/07\/logo-sr-ideogram-Custom.jpg","width":300,"height":300,"caption":"Jean Carlos"},"logo":{"@id":"https:\/\/studiorenascer.com\/novo\/wp-content\/uploads\/2020\/07\/logo-sr-ideogram-Custom.jpg"},"description":"Jean Carlos \u00e9, Radialista, Produtor e T\u00e9cnico em \u00e1udio!","sameAs":["http:\/\/studiorenascer.com","https:\/\/www.facebook.com\/jean.carlos.92317?ref=bookmarks","https:\/\/www.instagram.com\/jccontornofm\/?hl=pt-br","https:\/\/www.youtube.com\/channel\/UCj14OsusL1Okwd4Nm-UVuQQ?view_as=subscriber"]}]}},"_links":{"self":[{"href":"https:\/\/studiorenascer.com\/novo\/wp-json\/wp\/v2\/product\/2493","targetHints":{"allow":["GET"]}}],"collection":[{"href":"https:\/\/studiorenascer.com\/novo\/wp-json\/wp\/v2\/product"}],"about":[{"href":"https:\/\/studiorenascer.com\/novo\/wp-json\/wp\/v2\/types\/product"}],"wp:featuredmedia":[{"embeddable":true,"href":"https:\/\/studiorenascer.com\/novo\/wp-json\/wp\/v2\/media\/4719"}],"wp:attachment":[{"href":"https:\/\/studiorenascer.com\/novo\/wp-json\/wp\/v2\/media?parent=2493"}],"wp:term":[{"taxonomy":"product_brand","embeddable":true,"href":"https:\/\/studiorenascer.com\/novo\/wp-json\/wp\/v2\/product_brand?post=2493"},{"taxonomy":"product_cat","embeddable":true,"href":"https:\/\/studiorenascer.com\/novo\/wp-json\/wp\/v2\/product_cat?post=2493"},{"taxonomy":"product_tag","embeddable":true,"href":"https:\/\/studiorenascer.com\/novo\/wp-json\/wp\/v2\/product_tag?post=2493"}],"curies":[{"name":"wp","href":"https:\/\/api.w.org\/{rel}","templated":true}]}}