{"id":3376,"date":"2018-10-01T19:15:48","date_gmt":"2018-10-01T22:15:48","guid":{"rendered":"https:\/\/studiorenascer.com\/temp\/?post_type=product&#038;p=3376"},"modified":"2023-10-30T15:29:28","modified_gmt":"2023-10-30T18:29:28","slug":"vinhetas-cantadas-natal-2019","status":"publish","type":"product","link":"https:\/\/studiorenascer.com\/novo\/produto\/vinhetas-cantadas-natal-2019\/","title":{"rendered":"11 Vinhetas Cantadas &#8211; Pacote Natal"},"content":{"rendered":"<ul>\n<li>TIPO DE VINHETAS: <strong>CANTADAS<\/strong><\/li>\n<li>QUANTIDADE: <strong>11, SENDO 03<\/strong>\u00a0<strong>VINHETAS MASTERS (IGUAIS AS DEMOS), + 05 REDUZIDAS (VERS\u00d5ES RECORTADAS DAS DEMOS), 03 ACAPELAS (VERS\u00c3O S\u00d3 VOZ AS DEMOS)<br \/>\n<\/strong><\/li>\n<li>PRAZO DE ENTREGA: <strong>TR\u00caS DIAS \u00daTEIS AP\u00d3S COMPENSADO<\/strong>\u00a0<strong>PAGAMENTO<\/strong><\/li>\n<li>LOCU\u00c7\u00c3O\/INTERPRETE:<b> (PERSONALIZA\u00c7\u00c3O MASCULINA &#8211; N\u00c3O \u00c9 POSS\u00cdVEL ALTERAR)<\/b><\/li>\n<li>ENVIO DAS VINHETAS: <strong>POR E-MAIL<\/strong><\/li>\n<\/ul>\n<h6><\/h6>\n","protected":false},"excerpt":{"rendered":"[audio mp3=\"https:\/\/studiorenascer.com\/novo\/wp-content\/uploads\/2018\/11\/DEMO-PACOTE-NATAL.mp3\"][\/audio]\n<h4>ATEN\u00c7\u00c3O!!! Neste pacote ser\u00e1 alterado somente nome da r\u00e1dio, as vinhetas ser\u00e3o id\u00eanticas\u00a0 \u00a0\u00e1s demos por\u00e9m com nome de sua r\u00e1dio e gravadas\u00a0com os mesmos interpretes das demos.<\/h4>\n<blockquote><p>Ou\u00e7a as demos! A interpreta\u00e7\u00e3o pode variar em 10% das demos devido a condi\u00e7\u00f5es clim\u00e1ticas, posi\u00e7\u00e3o de microfone e at\u00e9 condi\u00e7\u00f5es emocionais do interprete.<\/p><\/blockquote>\n","protected":false},"featured_media":5509,"template":"","meta":[],"product_brand":[],"product_cat":[23],"product_tag":[],"class_list":{"0":"post-3376","1":"product","2":"type-product","3":"status-publish","4":"has-post-thumbnail","6":"product_cat-produtos-do-natal","8":"first","9":"instock","10":"virtual","11":"purchasable","12":"product-type-simple"},"yoast_head":"<!-- This site is optimized with the Yoast SEO Premium plugin v22.6 (Yoast SEO v27.3) - https:\/\/yoast.com\/product\/yoast-seo-premium-wordpress\/ -->\n<title>11 Vinhetas Cantadas - Pacote Natal - St\u00fadio Renascer<\/title>\n<meta name=\"robots\" content=\"index, follow, max-snippet:-1, max-image-preview:large, max-video-preview:-1\" \/>\n<link rel=\"canonical\" href=\"https:\/\/studiorenascer.com\/novo\/produto\/vinhetas-cantadas-natal-2019\/\" \/>\n<meta property=\"og:locale\" content=\"pt_BR\" \/>\n<meta property=\"og:type\" content=\"article\" \/>\n<meta property=\"og:title\" content=\"11 Vinhetas Cantadas - Pacote Natal\" \/>\n<meta property=\"og:description\" content=\"ATEN\u00c7\u00c3O!!! Neste pacote ser\u00e1 alterado somente nome da r\u00e1dio, as vinhetas ser\u00e3o id\u00eanticas\u00a0 \u00a0\u00e1s demos por\u00e9m com nome de sua r\u00e1dio e gravadas\u00a0com os mesmos interpretes das demos. Ou\u00e7a as demos! A interpreta\u00e7\u00e3o pode variar em 10% das demos devido a condi\u00e7\u00f5es clim\u00e1ticas, posi\u00e7\u00e3o de microfone e at\u00e9 condi\u00e7\u00f5es emocionais do interprete.\" \/>\n<meta property=\"og:url\" content=\"https:\/\/studiorenascer.com\/novo\/produto\/vinhetas-cantadas-natal-2019\/\" \/>\n<meta property=\"og:site_name\" content=\"St\u00fadio Renascer\" \/>\n<meta property=\"article:publisher\" content=\"https:\/\/www.facebook.com\/jean.carlos.92317?ref=bookmarks\" \/>\n<meta property=\"article:modified_time\" content=\"2023-10-30T18:29:28+00:00\" \/>\n<meta property=\"og:image\" content=\"https:\/\/studiorenascer.com\/novo\/wp-content\/uploads\/2018\/11\/box_pacote_natal.png\" \/>\n\t<meta property=\"og:image:width\" content=\"300\" \/>\n\t<meta property=\"og:image:height\" content=\"300\" \/>\n\t<meta property=\"og:image:type\" content=\"image\/png\" \/>\n<meta name=\"twitter:card\" content=\"summary_large_image\" \/>\n<meta name=\"twitter:site\" content=\"@jccontornofm\" \/>\n<meta name=\"twitter:label1\" content=\"Est. tempo de leitura\" \/>\n\t<meta name=\"twitter:data1\" content=\"1 minuto\" \/>\n<script type=\"application\/ld+json\" class=\"yoast-schema-graph\">{\"@context\":\"https:\\\/\\\/schema.org\",\"@graph\":[{\"@type\":\"WebPage\",\"@id\":\"https:\\\/\\\/studiorenascer.com\\\/novo\\\/produto\\\/vinhetas-cantadas-natal-2019\\\/\",\"url\":\"https:\\\/\\\/studiorenascer.com\\\/novo\\\/produto\\\/vinhetas-cantadas-natal-2019\\\/\",\"name\":\"11 Vinhetas Cantadas - Pacote Natal - St\u00fadio Renascer\",\"isPartOf\":{\"@id\":\"https:\\\/\\\/studiorenascer.com\\\/novo\\\/#website\"},\"primaryImageOfPage\":{\"@id\":\"https:\\\/\\\/studiorenascer.com\\\/novo\\\/produto\\\/vinhetas-cantadas-natal-2019\\\/#primaryimage\"},\"image\":{\"@id\":\"https:\\\/\\\/studiorenascer.com\\\/novo\\\/produto\\\/vinhetas-cantadas-natal-2019\\\/#primaryimage\"},\"thumbnailUrl\":\"https:\\\/\\\/studiorenascer.com\\\/novo\\\/wp-content\\\/uploads\\\/2018\\\/11\\\/box_pacote_natal.png\",\"datePublished\":\"2018-10-01T22:15:48+00:00\",\"dateModified\":\"2023-10-30T18:29:28+00:00\",\"breadcrumb\":{\"@id\":\"https:\\\/\\\/studiorenascer.com\\\/novo\\\/produto\\\/vinhetas-cantadas-natal-2019\\\/#breadcrumb\"},\"inLanguage\":\"pt-BR\",\"potentialAction\":[{\"@type\":\"ReadAction\",\"target\":[\"https:\\\/\\\/studiorenascer.com\\\/novo\\\/produto\\\/vinhetas-cantadas-natal-2019\\\/\"]}]},{\"@type\":\"ImageObject\",\"inLanguage\":\"pt-BR\",\"@id\":\"https:\\\/\\\/studiorenascer.com\\\/novo\\\/produto\\\/vinhetas-cantadas-natal-2019\\\/#primaryimage\",\"url\":\"https:\\\/\\\/studiorenascer.com\\\/novo\\\/wp-content\\\/uploads\\\/2018\\\/11\\\/box_pacote_natal.png\",\"contentUrl\":\"https:\\\/\\\/studiorenascer.com\\\/novo\\\/wp-content\\\/uploads\\\/2018\\\/11\\\/box_pacote_natal.png\",\"width\":300,\"height\":300},{\"@type\":\"BreadcrumbList\",\"@id\":\"https:\\\/\\\/studiorenascer.com\\\/novo\\\/produto\\\/vinhetas-cantadas-natal-2019\\\/#breadcrumb\",\"itemListElement\":[{\"@type\":\"ListItem\",\"position\":1,\"name\":\"In\u00edcio\",\"item\":\"https:\\\/\\\/studiorenascer.com\\\/novo\\\/\"},{\"@type\":\"ListItem\",\"position\":2,\"name\":\"Inicial\",\"item\":\"https:\\\/\\\/studiorenascer.com\\\/novo\\\/inicial-2\\\/\"},{\"@type\":\"ListItem\",\"position\":3,\"name\":\"11 Vinhetas Cantadas &#8211; Pacote Natal\"}]},{\"@type\":\"WebSite\",\"@id\":\"https:\\\/\\\/studiorenascer.com\\\/novo\\\/#website\",\"url\":\"https:\\\/\\\/studiorenascer.com\\\/novo\\\/\",\"name\":\"St\u00fadio Renascer\",\"description\":\"O seu portal de conte\u00fados!\",\"publisher\":{\"@id\":\"https:\\\/\\\/studiorenascer.com\\\/novo\\\/#\\\/schema\\\/person\\\/12286d6597002391f242bdff7ee1ebbc\"},\"potentialAction\":[{\"@type\":\"SearchAction\",\"target\":{\"@type\":\"EntryPoint\",\"urlTemplate\":\"https:\\\/\\\/studiorenascer.com\\\/novo\\\/?s={search_term_string}\"},\"query-input\":{\"@type\":\"PropertyValueSpecification\",\"valueRequired\":true,\"valueName\":\"search_term_string\"}}],\"inLanguage\":\"pt-BR\"},{\"@type\":[\"Person\",\"Organization\"],\"@id\":\"https:\\\/\\\/studiorenascer.com\\\/novo\\\/#\\\/schema\\\/person\\\/12286d6597002391f242bdff7ee1ebbc\",\"name\":\"Jean Carlos\",\"image\":{\"@type\":\"ImageObject\",\"inLanguage\":\"pt-BR\",\"@id\":\"https:\\\/\\\/studiorenascer.com\\\/novo\\\/wp-content\\\/uploads\\\/2020\\\/07\\\/logo-sr-ideogram-Custom.jpg\",\"url\":\"https:\\\/\\\/studiorenascer.com\\\/novo\\\/wp-content\\\/uploads\\\/2020\\\/07\\\/logo-sr-ideogram-Custom.jpg\",\"contentUrl\":\"https:\\\/\\\/studiorenascer.com\\\/novo\\\/wp-content\\\/uploads\\\/2020\\\/07\\\/logo-sr-ideogram-Custom.jpg\",\"width\":300,\"height\":300,\"caption\":\"Jean Carlos\"},\"logo\":{\"@id\":\"https:\\\/\\\/studiorenascer.com\\\/novo\\\/wp-content\\\/uploads\\\/2020\\\/07\\\/logo-sr-ideogram-Custom.jpg\"},\"description\":\"Jean Carlos \u00e9, Radialista, Produtor e T\u00e9cnico em \u00e1udio!\",\"sameAs\":[\"http:\\\/\\\/studiorenascer.com\",\"https:\\\/\\\/www.facebook.com\\\/jean.carlos.92317?ref=bookmarks\",\"https:\\\/\\\/www.instagram.com\\\/jccontornofm\\\/?hl=pt-br\",\"https:\\\/\\\/www.youtube.com\\\/channel\\\/UCj14OsusL1Okwd4Nm-UVuQQ?view_as=subscriber\"]}]}<\/script>\n<!-- \/ Yoast SEO Premium plugin. -->","yoast_head_json":{"title":"11 Vinhetas Cantadas - Pacote Natal - St\u00fadio Renascer","robots":{"index":"index","follow":"follow","max-snippet":"max-snippet:-1","max-image-preview":"max-image-preview:large","max-video-preview":"max-video-preview:-1"},"canonical":"https:\/\/studiorenascer.com\/novo\/produto\/vinhetas-cantadas-natal-2019\/","og_locale":"pt_BR","og_type":"article","og_title":"11 Vinhetas Cantadas - Pacote Natal","og_description":"ATEN\u00c7\u00c3O!!! Neste pacote ser\u00e1 alterado somente nome da r\u00e1dio, as vinhetas ser\u00e3o id\u00eanticas\u00a0 \u00a0\u00e1s demos por\u00e9m com nome de sua r\u00e1dio e gravadas\u00a0com os mesmos interpretes das demos. Ou\u00e7a as demos! A interpreta\u00e7\u00e3o pode variar em 10% das demos devido a condi\u00e7\u00f5es clim\u00e1ticas, posi\u00e7\u00e3o de microfone e at\u00e9 condi\u00e7\u00f5es emocionais do interprete.","og_url":"https:\/\/studiorenascer.com\/novo\/produto\/vinhetas-cantadas-natal-2019\/","og_site_name":"St\u00fadio Renascer","article_publisher":"https:\/\/www.facebook.com\/jean.carlos.92317?ref=bookmarks","article_modified_time":"2023-10-30T18:29:28+00:00","og_image":[{"width":300,"height":300,"url":"https:\/\/studiorenascer.com\/novo\/wp-content\/uploads\/2018\/11\/box_pacote_natal.png","type":"image\/png"}],"twitter_card":"summary_large_image","twitter_site":"@jccontornofm","twitter_misc":{"Est. tempo de leitura":"1 minuto"},"schema":{"@context":"https:\/\/schema.org","@graph":[{"@type":"WebPage","@id":"https:\/\/studiorenascer.com\/novo\/produto\/vinhetas-cantadas-natal-2019\/","url":"https:\/\/studiorenascer.com\/novo\/produto\/vinhetas-cantadas-natal-2019\/","name":"11 Vinhetas Cantadas - Pacote Natal - St\u00fadio Renascer","isPartOf":{"@id":"https:\/\/studiorenascer.com\/novo\/#website"},"primaryImageOfPage":{"@id":"https:\/\/studiorenascer.com\/novo\/produto\/vinhetas-cantadas-natal-2019\/#primaryimage"},"image":{"@id":"https:\/\/studiorenascer.com\/novo\/produto\/vinhetas-cantadas-natal-2019\/#primaryimage"},"thumbnailUrl":"https:\/\/studiorenascer.com\/novo\/wp-content\/uploads\/2018\/11\/box_pacote_natal.png","datePublished":"2018-10-01T22:15:48+00:00","dateModified":"2023-10-30T18:29:28+00:00","breadcrumb":{"@id":"https:\/\/studiorenascer.com\/novo\/produto\/vinhetas-cantadas-natal-2019\/#breadcrumb"},"inLanguage":"pt-BR","potentialAction":[{"@type":"ReadAction","target":["https:\/\/studiorenascer.com\/novo\/produto\/vinhetas-cantadas-natal-2019\/"]}]},{"@type":"ImageObject","inLanguage":"pt-BR","@id":"https:\/\/studiorenascer.com\/novo\/produto\/vinhetas-cantadas-natal-2019\/#primaryimage","url":"https:\/\/studiorenascer.com\/novo\/wp-content\/uploads\/2018\/11\/box_pacote_natal.png","contentUrl":"https:\/\/studiorenascer.com\/novo\/wp-content\/uploads\/2018\/11\/box_pacote_natal.png","width":300,"height":300},{"@type":"BreadcrumbList","@id":"https:\/\/studiorenascer.com\/novo\/produto\/vinhetas-cantadas-natal-2019\/#breadcrumb","itemListElement":[{"@type":"ListItem","position":1,"name":"In\u00edcio","item":"https:\/\/studiorenascer.com\/novo\/"},{"@type":"ListItem","position":2,"name":"Inicial","item":"https:\/\/studiorenascer.com\/novo\/inicial-2\/"},{"@type":"ListItem","position":3,"name":"11 Vinhetas Cantadas &#8211; Pacote Natal"}]},{"@type":"WebSite","@id":"https:\/\/studiorenascer.com\/novo\/#website","url":"https:\/\/studiorenascer.com\/novo\/","name":"St\u00fadio Renascer","description":"O seu portal de conte\u00fados!","publisher":{"@id":"https:\/\/studiorenascer.com\/novo\/#\/schema\/person\/12286d6597002391f242bdff7ee1ebbc"},"potentialAction":[{"@type":"SearchAction","target":{"@type":"EntryPoint","urlTemplate":"https:\/\/studiorenascer.com\/novo\/?s={search_term_string}"},"query-input":{"@type":"PropertyValueSpecification","valueRequired":true,"valueName":"search_term_string"}}],"inLanguage":"pt-BR"},{"@type":["Person","Organization"],"@id":"https:\/\/studiorenascer.com\/novo\/#\/schema\/person\/12286d6597002391f242bdff7ee1ebbc","name":"Jean Carlos","image":{"@type":"ImageObject","inLanguage":"pt-BR","@id":"https:\/\/studiorenascer.com\/novo\/wp-content\/uploads\/2020\/07\/logo-sr-ideogram-Custom.jpg","url":"https:\/\/studiorenascer.com\/novo\/wp-content\/uploads\/2020\/07\/logo-sr-ideogram-Custom.jpg","contentUrl":"https:\/\/studiorenascer.com\/novo\/wp-content\/uploads\/2020\/07\/logo-sr-ideogram-Custom.jpg","width":300,"height":300,"caption":"Jean Carlos"},"logo":{"@id":"https:\/\/studiorenascer.com\/novo\/wp-content\/uploads\/2020\/07\/logo-sr-ideogram-Custom.jpg"},"description":"Jean Carlos \u00e9, Radialista, Produtor e T\u00e9cnico em \u00e1udio!","sameAs":["http:\/\/studiorenascer.com","https:\/\/www.facebook.com\/jean.carlos.92317?ref=bookmarks","https:\/\/www.instagram.com\/jccontornofm\/?hl=pt-br","https:\/\/www.youtube.com\/channel\/UCj14OsusL1Okwd4Nm-UVuQQ?view_as=subscriber"]}]}},"_links":{"self":[{"href":"https:\/\/studiorenascer.com\/novo\/wp-json\/wp\/v2\/product\/3376","targetHints":{"allow":["GET"]}}],"collection":[{"href":"https:\/\/studiorenascer.com\/novo\/wp-json\/wp\/v2\/product"}],"about":[{"href":"https:\/\/studiorenascer.com\/novo\/wp-json\/wp\/v2\/types\/product"}],"wp:featuredmedia":[{"embeddable":true,"href":"https:\/\/studiorenascer.com\/novo\/wp-json\/wp\/v2\/media\/5509"}],"wp:attachment":[{"href":"https:\/\/studiorenascer.com\/novo\/wp-json\/wp\/v2\/media?parent=3376"}],"wp:term":[{"taxonomy":"product_brand","embeddable":true,"href":"https:\/\/studiorenascer.com\/novo\/wp-json\/wp\/v2\/product_brand?post=3376"},{"taxonomy":"product_cat","embeddable":true,"href":"https:\/\/studiorenascer.com\/novo\/wp-json\/wp\/v2\/product_cat?post=3376"},{"taxonomy":"product_tag","embeddable":true,"href":"https:\/\/studiorenascer.com\/novo\/wp-json\/wp\/v2\/product_tag?post=3376"}],"curies":[{"name":"wp","href":"https:\/\/api.w.org\/{rel}","templated":true}]}}