{"id":3399,"date":"2018-10-03T10:35:57","date_gmt":"2018-10-03T13:35:57","guid":{"rendered":"https:\/\/studiorenascer.com\/temp\/?post_type=product&#038;p=3399"},"modified":"2023-10-30T15:29:35","modified_gmt":"2023-10-30T18:29:35","slug":"pacote-fim-de-ano-faladas","status":"publish","type":"product","link":"https:\/\/studiorenascer.com\/novo\/produto\/pacote-fim-de-ano-faladas\/","title":{"rendered":"Pacote Fim de Ano &#8211; Faladas"},"content":{"rendered":"<p>&nbsp;<\/p>\n<p style=\"text-align: center;\">A sua r\u00e1dio vai entrar no clima de Natal e Fim de ano com este pacote!<\/p>\n<p><img fetchpriority=\"high\" decoding=\"async\" class=\"wp-image-5527 size-full aligncenter\" src=\"https:\/\/studiorenascer.com\/novo\/wp-content\/uploads\/2018\/11\/box_vhts_fda.png\" alt=\"\" width=\"300\" height=\"300\" srcset=\"https:\/\/studiorenascer.com\/novo\/wp-content\/uploads\/2018\/11\/box_vhts_fda.png 300w, https:\/\/studiorenascer.com\/novo\/wp-content\/uploads\/2018\/11\/box_vhts_fda-100x100.png 100w\" sizes=\"(max-width: 300px) 100vw, 300px\" \/><\/p>\n<ul>\n<li style=\"text-align: center;\">6 Vinhetas faladas (Id\u00eanticas as demos personalizadas com nome de sua r\u00e1dio)<\/li>\n<\/ul>\n<p style=\"text-align: center;\">OU\u00c7A DEMOS:<\/p>\n<audio class=\"wp-audio-shortcode\" id=\"audio-3399-1\" preload=\"none\" style=\"width: 100%;\" controls=\"controls\"><source type=\"audio\/mpeg\" src=\"https:\/\/studiorenascer.com\/novo\/wp-content\/uploads\/2018\/11\/PACOTE-FALADAS-FIM-DE-ANO-DEMO.mp3?_=1\" \/><a href=\"https:\/\/studiorenascer.com\/novo\/wp-content\/uploads\/2018\/11\/PACOTE-FALADAS-FIM-DE-ANO-DEMO.mp3\">https:\/\/studiorenascer.com\/novo\/wp-content\/uploads\/2018\/11\/PACOTE-FALADAS-FIM-DE-ANO-DEMO.mp3<\/a><\/audio>\n<p style=\"text-align: center;\">Neste pacote ser\u00e1 alterado somente nome da r\u00e1dio, as vinhetas ser\u00e3o gravadas com mesmo locutor das demos.<\/p>\n<h6 style=\"text-align: center;\">Aten\u00e7\u00e3o \u2013 Ou\u00e7a as demos! A interpreta\u00e7\u00e3o pode variar em 10% das demos devido a condi\u00e7\u00f5es clim\u00e1ticas, posi\u00e7\u00e3o de microfone e at\u00e9 condi\u00e7\u00f5es emocionais do locutor.<\/h6>\n","protected":false},"excerpt":{"rendered":"<p>&nbsp; A sua r\u00e1dio vai entrar no clima de Natal e Fim de ano com este pacote! 6 Vinhetas faladas&hellip;<\/p>\n","protected":false},"featured_media":5527,"template":"","meta":[],"product_brand":[],"product_cat":[23],"product_tag":[],"class_list":{"0":"post-3399","1":"product","2":"type-product","3":"status-publish","4":"has-post-thumbnail","6":"product_cat-produtos-do-natal","8":"first","9":"instock","10":"virtual","11":"purchasable","12":"product-type-simple"},"yoast_head":"<!-- This site is optimized with the Yoast SEO Premium plugin v22.6 (Yoast SEO v27.3) - https:\/\/yoast.com\/product\/yoast-seo-premium-wordpress\/ -->\n<title>Pacote Fim de Ano - Faladas - St\u00fadio Renascer<\/title>\n<meta name=\"robots\" content=\"index, follow, max-snippet:-1, max-image-preview:large, max-video-preview:-1\" \/>\n<link rel=\"canonical\" href=\"https:\/\/studiorenascer.com\/novo\/produto\/pacote-fim-de-ano-faladas\/\" \/>\n<meta property=\"og:locale\" content=\"pt_BR\" \/>\n<meta property=\"og:type\" content=\"article\" \/>\n<meta property=\"og:title\" content=\"Pacote Fim de Ano - Faladas\" \/>\n<meta property=\"og:description\" content=\"&nbsp; A sua r\u00e1dio vai entrar no clima de Natal e Fim de ano com este pacote! 6 Vinhetas faladas&hellip;\" \/>\n<meta property=\"og:url\" content=\"https:\/\/studiorenascer.com\/novo\/produto\/pacote-fim-de-ano-faladas\/\" \/>\n<meta property=\"og:site_name\" content=\"St\u00fadio Renascer\" \/>\n<meta property=\"article:publisher\" content=\"https:\/\/www.facebook.com\/jean.carlos.92317?ref=bookmarks\" \/>\n<meta property=\"article:modified_time\" content=\"2023-10-30T18:29:35+00:00\" \/>\n<meta property=\"og:image\" content=\"https:\/\/studiorenascer.com\/novo\/wp-content\/uploads\/2018\/11\/box_vhts_fda.png\" \/>\n\t<meta property=\"og:image:width\" content=\"300\" \/>\n\t<meta property=\"og:image:height\" content=\"300\" \/>\n\t<meta property=\"og:image:type\" content=\"image\/png\" \/>\n<meta name=\"twitter:card\" content=\"summary_large_image\" \/>\n<meta name=\"twitter:site\" content=\"@jccontornofm\" \/>\n<script type=\"application\/ld+json\" class=\"yoast-schema-graph\">{\"@context\":\"https:\\\/\\\/schema.org\",\"@graph\":[{\"@type\":\"WebPage\",\"@id\":\"https:\\\/\\\/studiorenascer.com\\\/novo\\\/produto\\\/pacote-fim-de-ano-faladas\\\/\",\"url\":\"https:\\\/\\\/studiorenascer.com\\\/novo\\\/produto\\\/pacote-fim-de-ano-faladas\\\/\",\"name\":\"Pacote Fim de Ano - Faladas - St\u00fadio Renascer\",\"isPartOf\":{\"@id\":\"https:\\\/\\\/studiorenascer.com\\\/novo\\\/#website\"},\"primaryImageOfPage\":{\"@id\":\"https:\\\/\\\/studiorenascer.com\\\/novo\\\/produto\\\/pacote-fim-de-ano-faladas\\\/#primaryimage\"},\"image\":{\"@id\":\"https:\\\/\\\/studiorenascer.com\\\/novo\\\/produto\\\/pacote-fim-de-ano-faladas\\\/#primaryimage\"},\"thumbnailUrl\":\"https:\\\/\\\/studiorenascer.com\\\/novo\\\/wp-content\\\/uploads\\\/2018\\\/11\\\/box_vhts_fda.png\",\"datePublished\":\"2018-10-03T13:35:57+00:00\",\"dateModified\":\"2023-10-30T18:29:35+00:00\",\"breadcrumb\":{\"@id\":\"https:\\\/\\\/studiorenascer.com\\\/novo\\\/produto\\\/pacote-fim-de-ano-faladas\\\/#breadcrumb\"},\"inLanguage\":\"pt-BR\",\"potentialAction\":[{\"@type\":\"ReadAction\",\"target\":[\"https:\\\/\\\/studiorenascer.com\\\/novo\\\/produto\\\/pacote-fim-de-ano-faladas\\\/\"]}]},{\"@type\":\"ImageObject\",\"inLanguage\":\"pt-BR\",\"@id\":\"https:\\\/\\\/studiorenascer.com\\\/novo\\\/produto\\\/pacote-fim-de-ano-faladas\\\/#primaryimage\",\"url\":\"https:\\\/\\\/studiorenascer.com\\\/novo\\\/wp-content\\\/uploads\\\/2018\\\/11\\\/box_vhts_fda.png\",\"contentUrl\":\"https:\\\/\\\/studiorenascer.com\\\/novo\\\/wp-content\\\/uploads\\\/2018\\\/11\\\/box_vhts_fda.png\",\"width\":300,\"height\":300},{\"@type\":\"BreadcrumbList\",\"@id\":\"https:\\\/\\\/studiorenascer.com\\\/novo\\\/produto\\\/pacote-fim-de-ano-faladas\\\/#breadcrumb\",\"itemListElement\":[{\"@type\":\"ListItem\",\"position\":1,\"name\":\"In\u00edcio\",\"item\":\"https:\\\/\\\/studiorenascer.com\\\/novo\\\/\"},{\"@type\":\"ListItem\",\"position\":2,\"name\":\"Inicial\",\"item\":\"https:\\\/\\\/studiorenascer.com\\\/novo\\\/inicial-2\\\/\"},{\"@type\":\"ListItem\",\"position\":3,\"name\":\"Pacote Fim de Ano &#8211; Faladas\"}]},{\"@type\":\"WebSite\",\"@id\":\"https:\\\/\\\/studiorenascer.com\\\/novo\\\/#website\",\"url\":\"https:\\\/\\\/studiorenascer.com\\\/novo\\\/\",\"name\":\"St\u00fadio Renascer\",\"description\":\"O seu portal de conte\u00fados!\",\"publisher\":{\"@id\":\"https:\\\/\\\/studiorenascer.com\\\/novo\\\/#\\\/schema\\\/person\\\/12286d6597002391f242bdff7ee1ebbc\"},\"potentialAction\":[{\"@type\":\"SearchAction\",\"target\":{\"@type\":\"EntryPoint\",\"urlTemplate\":\"https:\\\/\\\/studiorenascer.com\\\/novo\\\/?s={search_term_string}\"},\"query-input\":{\"@type\":\"PropertyValueSpecification\",\"valueRequired\":true,\"valueName\":\"search_term_string\"}}],\"inLanguage\":\"pt-BR\"},{\"@type\":[\"Person\",\"Organization\"],\"@id\":\"https:\\\/\\\/studiorenascer.com\\\/novo\\\/#\\\/schema\\\/person\\\/12286d6597002391f242bdff7ee1ebbc\",\"name\":\"Jean Carlos\",\"image\":{\"@type\":\"ImageObject\",\"inLanguage\":\"pt-BR\",\"@id\":\"https:\\\/\\\/studiorenascer.com\\\/novo\\\/wp-content\\\/uploads\\\/2020\\\/07\\\/logo-sr-ideogram-Custom.jpg\",\"url\":\"https:\\\/\\\/studiorenascer.com\\\/novo\\\/wp-content\\\/uploads\\\/2020\\\/07\\\/logo-sr-ideogram-Custom.jpg\",\"contentUrl\":\"https:\\\/\\\/studiorenascer.com\\\/novo\\\/wp-content\\\/uploads\\\/2020\\\/07\\\/logo-sr-ideogram-Custom.jpg\",\"width\":300,\"height\":300,\"caption\":\"Jean Carlos\"},\"logo\":{\"@id\":\"https:\\\/\\\/studiorenascer.com\\\/novo\\\/wp-content\\\/uploads\\\/2020\\\/07\\\/logo-sr-ideogram-Custom.jpg\"},\"description\":\"Jean Carlos \u00e9, Radialista, Produtor e T\u00e9cnico em \u00e1udio!\",\"sameAs\":[\"http:\\\/\\\/studiorenascer.com\",\"https:\\\/\\\/www.facebook.com\\\/jean.carlos.92317?ref=bookmarks\",\"https:\\\/\\\/www.instagram.com\\\/jccontornofm\\\/?hl=pt-br\",\"https:\\\/\\\/www.youtube.com\\\/channel\\\/UCj14OsusL1Okwd4Nm-UVuQQ?view_as=subscriber\"]}]}<\/script>\n<!-- \/ Yoast SEO Premium plugin. -->","yoast_head_json":{"title":"Pacote Fim de Ano - Faladas - St\u00fadio Renascer","robots":{"index":"index","follow":"follow","max-snippet":"max-snippet:-1","max-image-preview":"max-image-preview:large","max-video-preview":"max-video-preview:-1"},"canonical":"https:\/\/studiorenascer.com\/novo\/produto\/pacote-fim-de-ano-faladas\/","og_locale":"pt_BR","og_type":"article","og_title":"Pacote Fim de Ano - Faladas","og_description":"&nbsp; A sua r\u00e1dio vai entrar no clima de Natal e Fim de ano com este pacote! 6 Vinhetas faladas&hellip;","og_url":"https:\/\/studiorenascer.com\/novo\/produto\/pacote-fim-de-ano-faladas\/","og_site_name":"St\u00fadio Renascer","article_publisher":"https:\/\/www.facebook.com\/jean.carlos.92317?ref=bookmarks","article_modified_time":"2023-10-30T18:29:35+00:00","og_image":[{"width":300,"height":300,"url":"https:\/\/studiorenascer.com\/novo\/wp-content\/uploads\/2018\/11\/box_vhts_fda.png","type":"image\/png"}],"twitter_card":"summary_large_image","twitter_site":"@jccontornofm","schema":{"@context":"https:\/\/schema.org","@graph":[{"@type":"WebPage","@id":"https:\/\/studiorenascer.com\/novo\/produto\/pacote-fim-de-ano-faladas\/","url":"https:\/\/studiorenascer.com\/novo\/produto\/pacote-fim-de-ano-faladas\/","name":"Pacote Fim de Ano - Faladas - St\u00fadio Renascer","isPartOf":{"@id":"https:\/\/studiorenascer.com\/novo\/#website"},"primaryImageOfPage":{"@id":"https:\/\/studiorenascer.com\/novo\/produto\/pacote-fim-de-ano-faladas\/#primaryimage"},"image":{"@id":"https:\/\/studiorenascer.com\/novo\/produto\/pacote-fim-de-ano-faladas\/#primaryimage"},"thumbnailUrl":"https:\/\/studiorenascer.com\/novo\/wp-content\/uploads\/2018\/11\/box_vhts_fda.png","datePublished":"2018-10-03T13:35:57+00:00","dateModified":"2023-10-30T18:29:35+00:00","breadcrumb":{"@id":"https:\/\/studiorenascer.com\/novo\/produto\/pacote-fim-de-ano-faladas\/#breadcrumb"},"inLanguage":"pt-BR","potentialAction":[{"@type":"ReadAction","target":["https:\/\/studiorenascer.com\/novo\/produto\/pacote-fim-de-ano-faladas\/"]}]},{"@type":"ImageObject","inLanguage":"pt-BR","@id":"https:\/\/studiorenascer.com\/novo\/produto\/pacote-fim-de-ano-faladas\/#primaryimage","url":"https:\/\/studiorenascer.com\/novo\/wp-content\/uploads\/2018\/11\/box_vhts_fda.png","contentUrl":"https:\/\/studiorenascer.com\/novo\/wp-content\/uploads\/2018\/11\/box_vhts_fda.png","width":300,"height":300},{"@type":"BreadcrumbList","@id":"https:\/\/studiorenascer.com\/novo\/produto\/pacote-fim-de-ano-faladas\/#breadcrumb","itemListElement":[{"@type":"ListItem","position":1,"name":"In\u00edcio","item":"https:\/\/studiorenascer.com\/novo\/"},{"@type":"ListItem","position":2,"name":"Inicial","item":"https:\/\/studiorenascer.com\/novo\/inicial-2\/"},{"@type":"ListItem","position":3,"name":"Pacote Fim de Ano &#8211; Faladas"}]},{"@type":"WebSite","@id":"https:\/\/studiorenascer.com\/novo\/#website","url":"https:\/\/studiorenascer.com\/novo\/","name":"St\u00fadio Renascer","description":"O seu portal de conte\u00fados!","publisher":{"@id":"https:\/\/studiorenascer.com\/novo\/#\/schema\/person\/12286d6597002391f242bdff7ee1ebbc"},"potentialAction":[{"@type":"SearchAction","target":{"@type":"EntryPoint","urlTemplate":"https:\/\/studiorenascer.com\/novo\/?s={search_term_string}"},"query-input":{"@type":"PropertyValueSpecification","valueRequired":true,"valueName":"search_term_string"}}],"inLanguage":"pt-BR"},{"@type":["Person","Organization"],"@id":"https:\/\/studiorenascer.com\/novo\/#\/schema\/person\/12286d6597002391f242bdff7ee1ebbc","name":"Jean Carlos","image":{"@type":"ImageObject","inLanguage":"pt-BR","@id":"https:\/\/studiorenascer.com\/novo\/wp-content\/uploads\/2020\/07\/logo-sr-ideogram-Custom.jpg","url":"https:\/\/studiorenascer.com\/novo\/wp-content\/uploads\/2020\/07\/logo-sr-ideogram-Custom.jpg","contentUrl":"https:\/\/studiorenascer.com\/novo\/wp-content\/uploads\/2020\/07\/logo-sr-ideogram-Custom.jpg","width":300,"height":300,"caption":"Jean Carlos"},"logo":{"@id":"https:\/\/studiorenascer.com\/novo\/wp-content\/uploads\/2020\/07\/logo-sr-ideogram-Custom.jpg"},"description":"Jean Carlos \u00e9, Radialista, Produtor e T\u00e9cnico em \u00e1udio!","sameAs":["http:\/\/studiorenascer.com","https:\/\/www.facebook.com\/jean.carlos.92317?ref=bookmarks","https:\/\/www.instagram.com\/jccontornofm\/?hl=pt-br","https:\/\/www.youtube.com\/channel\/UCj14OsusL1Okwd4Nm-UVuQQ?view_as=subscriber"]}]}},"_links":{"self":[{"href":"https:\/\/studiorenascer.com\/novo\/wp-json\/wp\/v2\/product\/3399","targetHints":{"allow":["GET"]}}],"collection":[{"href":"https:\/\/studiorenascer.com\/novo\/wp-json\/wp\/v2\/product"}],"about":[{"href":"https:\/\/studiorenascer.com\/novo\/wp-json\/wp\/v2\/types\/product"}],"wp:featuredmedia":[{"embeddable":true,"href":"https:\/\/studiorenascer.com\/novo\/wp-json\/wp\/v2\/media\/5527"}],"wp:attachment":[{"href":"https:\/\/studiorenascer.com\/novo\/wp-json\/wp\/v2\/media?parent=3399"}],"wp:term":[{"taxonomy":"product_brand","embeddable":true,"href":"https:\/\/studiorenascer.com\/novo\/wp-json\/wp\/v2\/product_brand?post=3399"},{"taxonomy":"product_cat","embeddable":true,"href":"https:\/\/studiorenascer.com\/novo\/wp-json\/wp\/v2\/product_cat?post=3399"},{"taxonomy":"product_tag","embeddable":true,"href":"https:\/\/studiorenascer.com\/novo\/wp-json\/wp\/v2\/product_tag?post=3399"}],"curies":[{"name":"wp","href":"https:\/\/api.w.org\/{rel}","templated":true}]}}