{"id":3622,"date":"2018-11-01T21:53:52","date_gmt":"2018-11-02T00:53:52","guid":{"rendered":"https:\/\/studiorenascer.com\/temp\/?post_type=product&#038;p=3622"},"modified":"2023-10-30T15:29:33","modified_gmt":"2023-10-30T18:29:33","slug":"kit-natal-e-ano-novo-02","status":"publish","type":"product","link":"https:\/\/studiorenascer.com\/novo\/produto\/kit-natal-e-ano-novo-02\/","title":{"rendered":"Kit &#8211; Natal e Fim de Ano &#8211; 02"},"content":{"rendered":"<p>&nbsp;<\/p>\n<h2 style=\"text-align: center;\">O mais completo kit para sua r\u00e1dio fazer bonito neste natal e fim de ano!<\/h2>\n<p><img fetchpriority=\"high\" decoding=\"async\" class=\"size-full wp-image-5533 aligncenter\" src=\"https:\/\/studiorenascer.com\/novo\/wp-content\/uploads\/2018\/11\/kit_natal_2.png\" alt=\"\" width=\"300\" height=\"300\" srcset=\"https:\/\/studiorenascer.com\/novo\/wp-content\/uploads\/2018\/11\/kit_natal_2.png 300w, https:\/\/studiorenascer.com\/novo\/wp-content\/uploads\/2018\/11\/kit_natal_2-100x100.png 100w\" sizes=\"(max-width: 300px) 100vw, 300px\" \/><\/p>\n<p>50 CURIOSIDADES DO NATAL &#8211; SEM PERSONALIZA\u00c7\u00c3O &#8211; N\u00c3O ENVIAMOS OS TEXTOS ( Mais detalhes deste produto no anuncio individual )<\/p>\n<div class=\"wp-playlist wp-audio-playlist wp-playlist-light\">\n\t\t\t<div class=\"wp-playlist-current-item\"><\/div>\n\t\t<audio controls=\"controls\" preload=\"none\" width=\"503\"\n\t\t\t><\/audio>\n\t<div class=\"wp-playlist-next\"><\/div>\n\t<div class=\"wp-playlist-prev\"><\/div>\n\t<noscript>\n\t<ol>\n\t\t<li><a href='https:\/\/studiorenascer.com\/novo\/wp-content\/uploads\/2018\/11\/Curiosidades-do-Natal-www.studiorenascer.com-48.mp3'>Studio Renascer - Whatsapp - 74 99125-2537<\/a><\/li><li><a href='https:\/\/studiorenascer.com\/novo\/wp-content\/uploads\/2018\/11\/Curiosidades-do-Natal-www.studiorenascer.com-49.mp3'>Studio Renascer - Whatsapp - 74 99125-2537<\/a><\/li><li><a href='https:\/\/studiorenascer.com\/novo\/wp-content\/uploads\/2018\/11\/Curiosidades-do-Natal-www.studiorenascer.com-50.mp3'>Studio Renascer - Whatsapp - 74 99125-2537<\/a><\/li>\t<\/ol>\n\t<\/noscript>\n\t<script type=\"application\/json\" class=\"wp-playlist-script\">{\"type\":\"audio\",\"tracklist\":true,\"tracknumbers\":true,\"images\":true,\"artists\":true,\"tracks\":[{\"src\":\"https:\/\/studiorenascer.com\/novo\/wp-content\/uploads\/2018\/11\/Curiosidades-do-Natal-www.studiorenascer.com-48.mp3\",\"type\":\"audio\/mpeg\",\"title\":\"Studio Renascer - Whatsapp - 74 99125-2537\",\"caption\":\"\",\"description\":\"\\\"Studio Renascer - Whatsapp - 74 99125-2537\\\" de Spots e Vinhetas por Jean Carlos. Lan\\u00e7ado: 2017. G\\u00eanero: Curiosidades.\",\"meta\":{\"artist\":\"Jean Carlos\",\"album\":\"Spots e Vinhetas\",\"genre\":\"Curiosidades\",\"year\":\"2017\",\"length_formatted\":\"1:08\"},\"image\":{\"src\":\"https:\/\/studiorenascer.com\/novo\/wp-content\/uploads\/2019\/09\/Curiosidades-do-Natal-www-studiorenascer-com-48-mp3-image.jpg\",\"width\":300,\"height\":250},\"thumb\":{\"src\":\"https:\/\/studiorenascer.com\/novo\/wp-content\/uploads\/2019\/09\/Curiosidades-do-Natal-www-studiorenascer-com-48-mp3-image.jpg\",\"width\":150,\"height\":125}},{\"src\":\"https:\/\/studiorenascer.com\/novo\/wp-content\/uploads\/2018\/11\/Curiosidades-do-Natal-www.studiorenascer.com-49.mp3\",\"type\":\"audio\/mpeg\",\"title\":\"Studio Renascer - Whatsapp - 74 99125-2537\",\"caption\":\"\",\"description\":\"\\\"Studio Renascer - Whatsapp - 74 99125-2537\\\" de Spots e Vinhetas por Jean Carlos. Lan\\u00e7ado: 2017. G\\u00eanero: Curiosidades.\",\"meta\":{\"artist\":\"Jean Carlos\",\"album\":\"Spots e Vinhetas\",\"genre\":\"Curiosidades\",\"year\":\"2017\",\"length_formatted\":\"0:40\"},\"image\":{\"src\":\"https:\/\/studiorenascer.com\/novo\/wp-content\/uploads\/2019\/09\/Curiosidades-do-Natal-www-studiorenascer-com-48-mp3-image.jpg\",\"width\":300,\"height\":250},\"thumb\":{\"src\":\"https:\/\/studiorenascer.com\/novo\/wp-content\/uploads\/2019\/09\/Curiosidades-do-Natal-www-studiorenascer-com-48-mp3-image.jpg\",\"width\":150,\"height\":125}},{\"src\":\"https:\/\/studiorenascer.com\/novo\/wp-content\/uploads\/2018\/11\/Curiosidades-do-Natal-www.studiorenascer.com-50.mp3\",\"type\":\"audio\/mpeg\",\"title\":\"Studio Renascer - Whatsapp - 74 99125-2537\",\"caption\":\"\",\"description\":\"\\\"Studio Renascer - Whatsapp - 74 99125-2537\\\" de Spots e Vinhetas por Jean Carlos. Lan\\u00e7ado: 2017. G\\u00eanero: Curiosidades.\",\"meta\":{\"artist\":\"Jean Carlos\",\"album\":\"Spots e Vinhetas\",\"genre\":\"Curiosidades\",\"year\":\"2017\",\"length_formatted\":\"0:37\"},\"image\":{\"src\":\"https:\/\/studiorenascer.com\/novo\/wp-content\/uploads\/2019\/09\/Curiosidades-do-Natal-www-studiorenascer-com-48-mp3-image.jpg\",\"width\":300,\"height\":250},\"thumb\":{\"src\":\"https:\/\/studiorenascer.com\/novo\/wp-content\/uploads\/2019\/09\/Curiosidades-do-Natal-www-studiorenascer-com-48-mp3-image.jpg\",\"width\":150,\"height\":125}}]}<\/script>\n<\/div>\n\t\n<p>50 MENSAGENS DO NATAL &#8211; SEM PERSONALIZA\u00c7\u00c3O &#8211; N\u00c3O ENVIAMOS OS TEXTOS ( Mais detalhes deste produto no anuncio individual )<\/p>\n<div class=\"wp-playlist wp-audio-playlist wp-playlist-light\">\n\t\t\t<div class=\"wp-playlist-current-item\"><\/div>\n\t\t<audio controls=\"controls\" preload=\"none\" width=\"503\"\n\t\t\t><\/audio>\n\t<div class=\"wp-playlist-next\"><\/div>\n\t<div class=\"wp-playlist-prev\"><\/div>\n\t<noscript>\n\t<ol>\n\t\t<li><a href='https:\/\/studiorenascer.com\/novo\/wp-content\/uploads\/2018\/11\/Mensagem-de-Natal-www.studiorenascer.com-50.mp3'>Jean Carlos - www.studiorenascer.com - Whatsapp 74 99125-2537<\/a><\/li><li><a href='https:\/\/studiorenascer.com\/novo\/wp-content\/uploads\/2018\/11\/Mensagem-de-Natal-www.studiorenascer.com-51.mp3'>Jean Carlos - www.studiorenascer.com - Whatsapp 74 99125-2537<\/a><\/li><li><a href='https:\/\/studiorenascer.com\/novo\/wp-content\/uploads\/2018\/11\/Mensagem-de-Natal-www.studiorenascer.com-52.mp3'>Jean Carlos - www.studiorenascer.com - Whatsapp 74 99125-2537<\/a><\/li>\t<\/ol>\n\t<\/noscript>\n\t<script type=\"application\/json\" class=\"wp-playlist-script\">{\"type\":\"audio\",\"tracklist\":true,\"tracknumbers\":true,\"images\":true,\"artists\":true,\"tracks\":[{\"src\":\"https:\/\/studiorenascer.com\/novo\/wp-content\/uploads\/2018\/11\/Mensagem-de-Natal-www.studiorenascer.com-50.mp3\",\"type\":\"audio\/mpeg\",\"title\":\"Jean Carlos - www.studiorenascer.com - Whatsapp 74 99125-2537\",\"caption\":\"\",\"description\":\"\\\"Jean Carlos - www.studiorenascer.com - Whatsapp 74 99125-2537\\\" de Curiosidades por Jean Carlos. Lan\\u00e7ado: 2017. G\\u00eanero: Vocal.\",\"meta\":{\"artist\":\"Jean Carlos\",\"album\":\"Curiosidades\",\"genre\":\"Vocal\",\"year\":\"2017\",\"length_formatted\":\"1:20\"},\"image\":{\"src\":\"https:\/\/studiorenascer.com\/novo\/wp-content\/uploads\/2019\/09\/Curiosidades-do-Natal-www-studiorenascer-com-48-mp3-image.jpg\",\"width\":300,\"height\":250},\"thumb\":{\"src\":\"https:\/\/studiorenascer.com\/novo\/wp-content\/uploads\/2019\/09\/Curiosidades-do-Natal-www-studiorenascer-com-48-mp3-image.jpg\",\"width\":150,\"height\":125}},{\"src\":\"https:\/\/studiorenascer.com\/novo\/wp-content\/uploads\/2018\/11\/Mensagem-de-Natal-www.studiorenascer.com-51.mp3\",\"type\":\"audio\/mpeg\",\"title\":\"Jean Carlos - www.studiorenascer.com - Whatsapp 74 99125-2537\",\"caption\":\"\",\"description\":\"\\\"Jean Carlos - www.studiorenascer.com - Whatsapp 74 99125-2537\\\" de Curiosidades por Jean Carlos. Lan\\u00e7ado: 2017. G\\u00eanero: Vocal.\",\"meta\":{\"artist\":\"Jean Carlos\",\"album\":\"Curiosidades\",\"genre\":\"Vocal\",\"year\":\"2017\",\"length_formatted\":\"1:19\"},\"image\":{\"src\":\"https:\/\/studiorenascer.com\/novo\/wp-content\/uploads\/2019\/09\/Curiosidades-do-Natal-www-studiorenascer-com-48-mp3-image.jpg\",\"width\":300,\"height\":250},\"thumb\":{\"src\":\"https:\/\/studiorenascer.com\/novo\/wp-content\/uploads\/2019\/09\/Curiosidades-do-Natal-www-studiorenascer-com-48-mp3-image.jpg\",\"width\":150,\"height\":125}},{\"src\":\"https:\/\/studiorenascer.com\/novo\/wp-content\/uploads\/2018\/11\/Mensagem-de-Natal-www.studiorenascer.com-52.mp3\",\"type\":\"audio\/mpeg\",\"title\":\"Jean Carlos - www.studiorenascer.com - Whatsapp 74 99125-2537\",\"caption\":\"\",\"description\":\"\\\"Jean Carlos - www.studiorenascer.com - Whatsapp 74 99125-2537\\\" de Curiosidades por Jean Carlos. Lan\\u00e7ado: 2017. G\\u00eanero: Vocal.\",\"meta\":{\"artist\":\"Jean Carlos\",\"album\":\"Curiosidades\",\"genre\":\"Vocal\",\"year\":\"2017\",\"length_formatted\":\"1:08\"},\"image\":{\"src\":\"https:\/\/studiorenascer.com\/novo\/wp-content\/uploads\/2019\/09\/Curiosidades-do-Natal-www-studiorenascer-com-48-mp3-image.jpg\",\"width\":300,\"height\":250},\"thumb\":{\"src\":\"https:\/\/studiorenascer.com\/novo\/wp-content\/uploads\/2019\/09\/Curiosidades-do-Natal-www-studiorenascer-com-48-mp3-image.jpg\",\"width\":150,\"height\":125}}]}<\/script>\n<\/div>\n\t\n<h2 style=\"text-align: center;\">NA COMPRA DO PACOTE NATAL COMPLETO VOC\u00ca LEVA DE\u00a0BRINDE:<\/h2>\n<h2 style=\"text-align: center;\">MAIS DE 800 TRILHAS NATALINAS PARA PROGRAMAS E PRODU\u00c7\u00d5ES DE COMERCIAIS NATALINOS<\/h2>\n<p style=\"text-align: center;\">OBS. ENVIO DOS BRINDES VIA LINK PARA DOWNLOAD!<\/p>\n","protected":false},"excerpt":{"rendered":"<p>&nbsp; O mais completo kit para sua r\u00e1dio fazer bonito neste natal e fim de ano! 50 CURIOSIDADES DO NATAL&hellip;<\/p>\n","protected":false},"featured_media":5533,"template":"","meta":[],"product_brand":[],"product_cat":[24,23],"product_tag":[],"class_list":{"0":"post-3622","1":"product","2":"type-product","3":"status-publish","4":"has-post-thumbnail","6":"product_cat-combos","7":"product_cat-produtos-do-natal","9":"first","10":"instock","11":"virtual","12":"purchasable","13":"product-type-simple"},"yoast_head":"<!-- This site is optimized with the Yoast SEO Premium plugin v22.6 (Yoast SEO v27.3) - https:\/\/yoast.com\/product\/yoast-seo-premium-wordpress\/ -->\n<title>Kit - Natal e Fim de Ano - 02 - St\u00fadio Renascer<\/title>\n<meta name=\"robots\" content=\"index, follow, max-snippet:-1, max-image-preview:large, max-video-preview:-1\" \/>\n<link rel=\"canonical\" href=\"https:\/\/studiorenascer.com\/novo\/produto\/kit-natal-e-ano-novo-02\/\" \/>\n<meta property=\"og:locale\" content=\"pt_BR\" \/>\n<meta property=\"og:type\" content=\"article\" \/>\n<meta property=\"og:title\" content=\"Kit - Natal e Fim de Ano - 02\" \/>\n<meta property=\"og:description\" content=\"&nbsp; O mais completo kit para sua r\u00e1dio fazer bonito neste natal e fim de ano! 50 CURIOSIDADES DO NATAL&hellip;\" \/>\n<meta property=\"og:url\" content=\"https:\/\/studiorenascer.com\/novo\/produto\/kit-natal-e-ano-novo-02\/\" \/>\n<meta property=\"og:site_name\" content=\"St\u00fadio Renascer\" \/>\n<meta property=\"article:publisher\" content=\"https:\/\/www.facebook.com\/jean.carlos.92317?ref=bookmarks\" \/>\n<meta property=\"article:modified_time\" content=\"2023-10-30T18:29:33+00:00\" \/>\n<meta property=\"og:image\" content=\"https:\/\/studiorenascer.com\/novo\/wp-content\/uploads\/2018\/11\/kit_natal_2.png\" \/>\n\t<meta property=\"og:image:width\" content=\"300\" \/>\n\t<meta property=\"og:image:height\" content=\"300\" \/>\n\t<meta property=\"og:image:type\" content=\"image\/png\" \/>\n<meta name=\"twitter:card\" content=\"summary_large_image\" \/>\n<meta name=\"twitter:site\" content=\"@jccontornofm\" \/>\n<meta name=\"twitter:label1\" content=\"Est. tempo de leitura\" \/>\n\t<meta name=\"twitter:data1\" content=\"1 minuto\" \/>\n<script type=\"application\/ld+json\" class=\"yoast-schema-graph\">{\"@context\":\"https:\\\/\\\/schema.org\",\"@graph\":[{\"@type\":\"WebPage\",\"@id\":\"https:\\\/\\\/studiorenascer.com\\\/novo\\\/produto\\\/kit-natal-e-ano-novo-02\\\/\",\"url\":\"https:\\\/\\\/studiorenascer.com\\\/novo\\\/produto\\\/kit-natal-e-ano-novo-02\\\/\",\"name\":\"Kit - Natal e Fim de Ano - 02 - St\u00fadio Renascer\",\"isPartOf\":{\"@id\":\"https:\\\/\\\/studiorenascer.com\\\/novo\\\/#website\"},\"primaryImageOfPage\":{\"@id\":\"https:\\\/\\\/studiorenascer.com\\\/novo\\\/produto\\\/kit-natal-e-ano-novo-02\\\/#primaryimage\"},\"image\":{\"@id\":\"https:\\\/\\\/studiorenascer.com\\\/novo\\\/produto\\\/kit-natal-e-ano-novo-02\\\/#primaryimage\"},\"thumbnailUrl\":\"https:\\\/\\\/studiorenascer.com\\\/novo\\\/wp-content\\\/uploads\\\/2018\\\/11\\\/kit_natal_2.png\",\"datePublished\":\"2018-11-02T00:53:52+00:00\",\"dateModified\":\"2023-10-30T18:29:33+00:00\",\"breadcrumb\":{\"@id\":\"https:\\\/\\\/studiorenascer.com\\\/novo\\\/produto\\\/kit-natal-e-ano-novo-02\\\/#breadcrumb\"},\"inLanguage\":\"pt-BR\",\"potentialAction\":[{\"@type\":\"ReadAction\",\"target\":[\"https:\\\/\\\/studiorenascer.com\\\/novo\\\/produto\\\/kit-natal-e-ano-novo-02\\\/\"]}]},{\"@type\":\"ImageObject\",\"inLanguage\":\"pt-BR\",\"@id\":\"https:\\\/\\\/studiorenascer.com\\\/novo\\\/produto\\\/kit-natal-e-ano-novo-02\\\/#primaryimage\",\"url\":\"https:\\\/\\\/studiorenascer.com\\\/novo\\\/wp-content\\\/uploads\\\/2018\\\/11\\\/kit_natal_2.png\",\"contentUrl\":\"https:\\\/\\\/studiorenascer.com\\\/novo\\\/wp-content\\\/uploads\\\/2018\\\/11\\\/kit_natal_2.png\",\"width\":300,\"height\":300},{\"@type\":\"BreadcrumbList\",\"@id\":\"https:\\\/\\\/studiorenascer.com\\\/novo\\\/produto\\\/kit-natal-e-ano-novo-02\\\/#breadcrumb\",\"itemListElement\":[{\"@type\":\"ListItem\",\"position\":1,\"name\":\"In\u00edcio\",\"item\":\"https:\\\/\\\/studiorenascer.com\\\/novo\\\/\"},{\"@type\":\"ListItem\",\"position\":2,\"name\":\"Inicial\",\"item\":\"https:\\\/\\\/studiorenascer.com\\\/novo\\\/inicial-2\\\/\"},{\"@type\":\"ListItem\",\"position\":3,\"name\":\"Kit &#8211; Natal e Fim de Ano &#8211; 02\"}]},{\"@type\":\"WebSite\",\"@id\":\"https:\\\/\\\/studiorenascer.com\\\/novo\\\/#website\",\"url\":\"https:\\\/\\\/studiorenascer.com\\\/novo\\\/\",\"name\":\"St\u00fadio Renascer\",\"description\":\"O seu portal de conte\u00fados!\",\"publisher\":{\"@id\":\"https:\\\/\\\/studiorenascer.com\\\/novo\\\/#\\\/schema\\\/person\\\/12286d6597002391f242bdff7ee1ebbc\"},\"potentialAction\":[{\"@type\":\"SearchAction\",\"target\":{\"@type\":\"EntryPoint\",\"urlTemplate\":\"https:\\\/\\\/studiorenascer.com\\\/novo\\\/?s={search_term_string}\"},\"query-input\":{\"@type\":\"PropertyValueSpecification\",\"valueRequired\":true,\"valueName\":\"search_term_string\"}}],\"inLanguage\":\"pt-BR\"},{\"@type\":[\"Person\",\"Organization\"],\"@id\":\"https:\\\/\\\/studiorenascer.com\\\/novo\\\/#\\\/schema\\\/person\\\/12286d6597002391f242bdff7ee1ebbc\",\"name\":\"Jean Carlos\",\"image\":{\"@type\":\"ImageObject\",\"inLanguage\":\"pt-BR\",\"@id\":\"https:\\\/\\\/studiorenascer.com\\\/novo\\\/wp-content\\\/uploads\\\/2020\\\/07\\\/logo-sr-ideogram-Custom.jpg\",\"url\":\"https:\\\/\\\/studiorenascer.com\\\/novo\\\/wp-content\\\/uploads\\\/2020\\\/07\\\/logo-sr-ideogram-Custom.jpg\",\"contentUrl\":\"https:\\\/\\\/studiorenascer.com\\\/novo\\\/wp-content\\\/uploads\\\/2020\\\/07\\\/logo-sr-ideogram-Custom.jpg\",\"width\":300,\"height\":300,\"caption\":\"Jean Carlos\"},\"logo\":{\"@id\":\"https:\\\/\\\/studiorenascer.com\\\/novo\\\/wp-content\\\/uploads\\\/2020\\\/07\\\/logo-sr-ideogram-Custom.jpg\"},\"description\":\"Jean Carlos \u00e9, Radialista, Produtor e T\u00e9cnico em \u00e1udio!\",\"sameAs\":[\"http:\\\/\\\/studiorenascer.com\",\"https:\\\/\\\/www.facebook.com\\\/jean.carlos.92317?ref=bookmarks\",\"https:\\\/\\\/www.instagram.com\\\/jccontornofm\\\/?hl=pt-br\",\"https:\\\/\\\/www.youtube.com\\\/channel\\\/UCj14OsusL1Okwd4Nm-UVuQQ?view_as=subscriber\"]}]}<\/script>\n<!-- \/ Yoast SEO Premium plugin. -->","yoast_head_json":{"title":"Kit - Natal e Fim de Ano - 02 - St\u00fadio Renascer","robots":{"index":"index","follow":"follow","max-snippet":"max-snippet:-1","max-image-preview":"max-image-preview:large","max-video-preview":"max-video-preview:-1"},"canonical":"https:\/\/studiorenascer.com\/novo\/produto\/kit-natal-e-ano-novo-02\/","og_locale":"pt_BR","og_type":"article","og_title":"Kit - Natal e Fim de Ano - 02","og_description":"&nbsp; O mais completo kit para sua r\u00e1dio fazer bonito neste natal e fim de ano! 50 CURIOSIDADES DO NATAL&hellip;","og_url":"https:\/\/studiorenascer.com\/novo\/produto\/kit-natal-e-ano-novo-02\/","og_site_name":"St\u00fadio Renascer","article_publisher":"https:\/\/www.facebook.com\/jean.carlos.92317?ref=bookmarks","article_modified_time":"2023-10-30T18:29:33+00:00","og_image":[{"width":300,"height":300,"url":"https:\/\/studiorenascer.com\/novo\/wp-content\/uploads\/2018\/11\/kit_natal_2.png","type":"image\/png"}],"twitter_card":"summary_large_image","twitter_site":"@jccontornofm","twitter_misc":{"Est. tempo de leitura":"1 minuto"},"schema":{"@context":"https:\/\/schema.org","@graph":[{"@type":"WebPage","@id":"https:\/\/studiorenascer.com\/novo\/produto\/kit-natal-e-ano-novo-02\/","url":"https:\/\/studiorenascer.com\/novo\/produto\/kit-natal-e-ano-novo-02\/","name":"Kit - Natal e Fim de Ano - 02 - St\u00fadio Renascer","isPartOf":{"@id":"https:\/\/studiorenascer.com\/novo\/#website"},"primaryImageOfPage":{"@id":"https:\/\/studiorenascer.com\/novo\/produto\/kit-natal-e-ano-novo-02\/#primaryimage"},"image":{"@id":"https:\/\/studiorenascer.com\/novo\/produto\/kit-natal-e-ano-novo-02\/#primaryimage"},"thumbnailUrl":"https:\/\/studiorenascer.com\/novo\/wp-content\/uploads\/2018\/11\/kit_natal_2.png","datePublished":"2018-11-02T00:53:52+00:00","dateModified":"2023-10-30T18:29:33+00:00","breadcrumb":{"@id":"https:\/\/studiorenascer.com\/novo\/produto\/kit-natal-e-ano-novo-02\/#breadcrumb"},"inLanguage":"pt-BR","potentialAction":[{"@type":"ReadAction","target":["https:\/\/studiorenascer.com\/novo\/produto\/kit-natal-e-ano-novo-02\/"]}]},{"@type":"ImageObject","inLanguage":"pt-BR","@id":"https:\/\/studiorenascer.com\/novo\/produto\/kit-natal-e-ano-novo-02\/#primaryimage","url":"https:\/\/studiorenascer.com\/novo\/wp-content\/uploads\/2018\/11\/kit_natal_2.png","contentUrl":"https:\/\/studiorenascer.com\/novo\/wp-content\/uploads\/2018\/11\/kit_natal_2.png","width":300,"height":300},{"@type":"BreadcrumbList","@id":"https:\/\/studiorenascer.com\/novo\/produto\/kit-natal-e-ano-novo-02\/#breadcrumb","itemListElement":[{"@type":"ListItem","position":1,"name":"In\u00edcio","item":"https:\/\/studiorenascer.com\/novo\/"},{"@type":"ListItem","position":2,"name":"Inicial","item":"https:\/\/studiorenascer.com\/novo\/inicial-2\/"},{"@type":"ListItem","position":3,"name":"Kit &#8211; Natal e Fim de Ano &#8211; 02"}]},{"@type":"WebSite","@id":"https:\/\/studiorenascer.com\/novo\/#website","url":"https:\/\/studiorenascer.com\/novo\/","name":"St\u00fadio Renascer","description":"O seu portal de conte\u00fados!","publisher":{"@id":"https:\/\/studiorenascer.com\/novo\/#\/schema\/person\/12286d6597002391f242bdff7ee1ebbc"},"potentialAction":[{"@type":"SearchAction","target":{"@type":"EntryPoint","urlTemplate":"https:\/\/studiorenascer.com\/novo\/?s={search_term_string}"},"query-input":{"@type":"PropertyValueSpecification","valueRequired":true,"valueName":"search_term_string"}}],"inLanguage":"pt-BR"},{"@type":["Person","Organization"],"@id":"https:\/\/studiorenascer.com\/novo\/#\/schema\/person\/12286d6597002391f242bdff7ee1ebbc","name":"Jean Carlos","image":{"@type":"ImageObject","inLanguage":"pt-BR","@id":"https:\/\/studiorenascer.com\/novo\/wp-content\/uploads\/2020\/07\/logo-sr-ideogram-Custom.jpg","url":"https:\/\/studiorenascer.com\/novo\/wp-content\/uploads\/2020\/07\/logo-sr-ideogram-Custom.jpg","contentUrl":"https:\/\/studiorenascer.com\/novo\/wp-content\/uploads\/2020\/07\/logo-sr-ideogram-Custom.jpg","width":300,"height":300,"caption":"Jean Carlos"},"logo":{"@id":"https:\/\/studiorenascer.com\/novo\/wp-content\/uploads\/2020\/07\/logo-sr-ideogram-Custom.jpg"},"description":"Jean Carlos \u00e9, Radialista, Produtor e T\u00e9cnico em \u00e1udio!","sameAs":["http:\/\/studiorenascer.com","https:\/\/www.facebook.com\/jean.carlos.92317?ref=bookmarks","https:\/\/www.instagram.com\/jccontornofm\/?hl=pt-br","https:\/\/www.youtube.com\/channel\/UCj14OsusL1Okwd4Nm-UVuQQ?view_as=subscriber"]}]}},"_links":{"self":[{"href":"https:\/\/studiorenascer.com\/novo\/wp-json\/wp\/v2\/product\/3622","targetHints":{"allow":["GET"]}}],"collection":[{"href":"https:\/\/studiorenascer.com\/novo\/wp-json\/wp\/v2\/product"}],"about":[{"href":"https:\/\/studiorenascer.com\/novo\/wp-json\/wp\/v2\/types\/product"}],"wp:featuredmedia":[{"embeddable":true,"href":"https:\/\/studiorenascer.com\/novo\/wp-json\/wp\/v2\/media\/5533"}],"wp:attachment":[{"href":"https:\/\/studiorenascer.com\/novo\/wp-json\/wp\/v2\/media?parent=3622"}],"wp:term":[{"taxonomy":"product_brand","embeddable":true,"href":"https:\/\/studiorenascer.com\/novo\/wp-json\/wp\/v2\/product_brand?post=3622"},{"taxonomy":"product_cat","embeddable":true,"href":"https:\/\/studiorenascer.com\/novo\/wp-json\/wp\/v2\/product_cat?post=3622"},{"taxonomy":"product_tag","embeddable":true,"href":"https:\/\/studiorenascer.com\/novo\/wp-json\/wp\/v2\/product_tag?post=3622"}],"curies":[{"name":"wp","href":"https:\/\/api.w.org\/{rel}","templated":true}]}}