{"id":5108,"date":"2019-05-01T18:07:51","date_gmt":"2019-05-01T21:07:51","guid":{"rendered":"https:\/\/studiorenascer.com\/novo\/?post_type=product&#038;p=5108"},"modified":"2019-05-01T18:07:51","modified_gmt":"2019-05-01T21:07:51","slug":"programa-roberto-classicos","status":"publish","type":"product","link":"https:\/\/studiorenascer.com\/novo\/produto\/programa-roberto-classicos\/","title":{"rendered":"Programa Roberto Cl\u00e1ssicos"},"content":{"rendered":"<pre><em>TIPO  DE PROGRAMA:<strong> SEMANAL (FIM DE SEMANA)\r\n<\/strong>ESTILO:<strong> ROM\u00c2NTICO\r\n<\/strong>ATUALIZA\u00c7\u00c3O<strong>: SEMANAL (TODA SEXTA-FEIRA)<\/strong>\r\nQUANTIDADE DE BLOCOS: <strong>02 BLOCOS<\/strong><\/em>\r\n<em>DURA\u00c7\u00c3O DOS BLOCOS: <strong>M\u00c9DIA DE 25 MINUTOS CADA<\/strong><\/em>\r\n<em>LOCU\u00c7\u00c3O\/INTERPRETE: SUNCHINE ANDRADE <strong>(MESMO DAS DEMOS,  N\u00c3O \u00c9 POSS\u00cdVEL ALTERAR)\r\n\r\nOUVIR DEMO:\r\n<\/strong><\/em><\/pre>\n<div id='OutoftheBox' class='  wpcp-has-scroll-to-top audio' style='display:none'><noscript><div class='OutoftheBox-nojsmessage'>Para visualizar este conte\u00fado, voc\u00ea precisa ter o JavaScript habilitado em seu navegador.<br\/><a href='http:\/\/www.enable-javascript.com\/' target='_blank'>Para fazer isso, siga estas instru\u00e7\u00f5es<\/a>.<\/div><\/noscript><div id='OutoftheBox-a1fe8ce7f472e1b94073c8e35c122bc9' class='wpcp-module OutoftheBox media audio jsdisabled' data-list='media' data-token='a1fe8ce7f472e1b94073c8e35c122bc9' data-account-id='dbid:AADJxCusnNzTWUcTSiL-Y__HPcTwPYU-Nn4' data-path='\/' data-sort='name:asc' data-source='9ac00714f571c1a3d4e8d4f04f6f1bd6' data-layout='list'><div id=\"jp_container_a1fe8ce7f472e1b94073c8e35c122bc9\" class=\"jp_container jp-video nocover \" style=\"width:100%;max-width:100%;\" data-autoplay=\"0\" data-extensions=\"mp3\">\r\n  <!--container in which our video will be played-->\r\n  <div id=\"jquery_jplayer_a1fe8ce7f472e1b94073c8e35c122bc9\" class=\"jp-jplayer\"><\/div>\r\n\r\n  <div class=\"playerScreen\"><div tabindex=\"1\" href=\"#\" class=\"jp-video-play noload\" style=\"display: none;\"><div class=\"jp-video-play-button\" role=\"button\" tabindex=\"0\" aria-label=\"Play\" aria-pressed=\"false\"><\/div><\/div><\/div>\r\n\r\n  <!--main containers for our controls-->\r\n  <div class=\"jp-gui\">\r\n    <div class=\"gui-container\">\r\n      <div tabindex=\"1\" href=\"#\" class=\"jp-gui-button jp-play left\"><\/div>\r\n      <div tabindex=\"1\" href=\"#\" class=\"jp-gui-button jp-pause left\" style=\"display:none\"><\/div>\r\n      <div tabindex=\"1\" href=\"#\" class=\"jp-gui-button jp-next left\"><\/div>\r\n\r\n      <div class=\"volumecontrol left\">\r\n        <div tabindex=\"1\" href=\"#\" class=\"jp-gui-button jp-mute left\"><\/div>\r\n        <div tabindex=\"1\" href=\"#\" class=\"jp-gui-button jp-unmute left\"><\/div>\r\n        <div class=\"jp-volume-bar\">\r\n          <div class=\"currentVolume\"><div class=\"jp-volume-bar-value\"><\/div><\/div>\r\n        <\/div>\r\n      <\/div>\r\n\r\n      <div class=\"jp-timer\">\r\n        <div class=\"jp-current-time\">00:00<\/div>\r\n        <div class=\"seperate\">\/<\/div>\r\n        <div class=\"jp-duration\">00:00<\/div>\r\n      <\/div>\r\n\r\n      <div href=\"#\" tabindex=\"1\" class=\"jp-gui-button jp-playlist-toggle right\"><\/div>\r\n\r\n      <div href=\"#\" tabindex=\"1\" class=\"jp-gui-button jp-full-screen right\"><\/div>\r\n      <div href=\"#\" tabindex=\"1\" class=\"jp-gui-button jp-restore-screen right\" style=\"display:none\"><\/div>\r\n\r\n      <div href=\"#\" tabindex=\"1\" class=\"jp-gui-button jp-repeat right\"><\/div>\r\n      <div href=\"#\" tabindex=\"1\" class=\"jp-gui-button jp-repeat-off right\" style=\"display:none\"><\/div>\r\n\r\n    <\/div><!--end jp-gui-->\r\n  <\/div>\r\n\r\n  <div class=\"jp-progress\">\r\n    <div class=\"jp-seek-bar\">\r\n      <div class=\"jp-play-bar\"><\/div>\r\n    <\/div>\r\n  <\/div>\r\n\r\n  <div class=\"jp-playlist \" style=\"display:none;\">\r\n    <ul data-folder>\r\n      <!-- The method Playlist.displayPlaylist() uses this unordered list -->\r\n      <li><\/li>\r\n    <\/ul>\r\n  <\/div>\r\n<\/div><\/div><script type='text\/javascript'>if (typeof(jQuery) !== 'undefined' && typeof(jQuery.cp) !== 'undefined' && typeof(jQuery.cp.OutoftheBox) === 'function') { jQuery('#OutoftheBox-a1fe8ce7f472e1b94073c8e35c122bc9').OutoftheBox(OutoftheBox_vars); };<\/script><\/div>\n","protected":false},"excerpt":{"rendered":"<p>TIPO DE PROGRAMA: SEMANAL (FIM DE SEMANA) ESTILO: ROM\u00c2NTICO ATUALIZA\u00c7\u00c3O: SEMANAL (TODA SEXTA-FEIRA) QUANTIDADE DE BLOCOS: 02 BLOCOS DURA\u00c7\u00c3O DOS&hellip;<\/p>\n","protected":false},"featured_media":4917,"template":"","meta":[],"product_brand":[],"product_cat":[48],"product_tag":[],"class_list":{"0":"post-5108","1":"product","2":"type-product","3":"status-publish","4":"has-post-thumbnail","6":"product_cat-assinatura-de-programas","8":"first","9":"instock","10":"sale","11":"downloadable","12":"virtual","13":"purchasable","14":"product-type-simple"},"yoast_head":"<!-- This site is optimized with the Yoast SEO Premium plugin v22.6 (Yoast SEO v27.3) - https:\/\/yoast.com\/product\/yoast-seo-premium-wordpress\/ -->\n<title>Programa Roberto Cl\u00e1ssicos - St\u00fadio Renascer<\/title>\n<meta name=\"robots\" content=\"index, follow, max-snippet:-1, max-image-preview:large, max-video-preview:-1\" \/>\n<link rel=\"canonical\" href=\"https:\/\/studiorenascer.com\/novo\/produto\/programa-roberto-classicos\/\" \/>\n<meta property=\"og:locale\" content=\"pt_BR\" \/>\n<meta property=\"og:type\" content=\"article\" \/>\n<meta property=\"og:title\" content=\"Programa Roberto Cl\u00e1ssicos\" \/>\n<meta property=\"og:description\" content=\"TIPO DE PROGRAMA: SEMANAL (FIM DE SEMANA) ESTILO: ROM\u00c2NTICO ATUALIZA\u00c7\u00c3O: SEMANAL (TODA SEXTA-FEIRA) QUANTIDADE DE BLOCOS: 02 BLOCOS DURA\u00c7\u00c3O DOS&hellip;\" \/>\n<meta property=\"og:url\" content=\"https:\/\/studiorenascer.com\/novo\/produto\/programa-roberto-classicos\/\" \/>\n<meta property=\"og:site_name\" content=\"St\u00fadio Renascer\" \/>\n<meta property=\"article:publisher\" content=\"https:\/\/www.facebook.com\/jean.carlos.92317?ref=bookmarks\" \/>\n<meta property=\"og:image\" content=\"https:\/\/studiorenascer.com\/novo\/wp-content\/uploads\/2019\/03\/roberto-classicos.jpg\" \/>\n\t<meta property=\"og:image:width\" content=\"900\" \/>\n\t<meta property=\"og:image:height\" content=\"900\" \/>\n\t<meta property=\"og:image:type\" content=\"image\/jpeg\" \/>\n<meta name=\"twitter:card\" content=\"summary_large_image\" \/>\n<meta name=\"twitter:site\" content=\"@jccontornofm\" \/>\n<script type=\"application\/ld+json\" class=\"yoast-schema-graph\">{\"@context\":\"https:\\\/\\\/schema.org\",\"@graph\":[{\"@type\":\"WebPage\",\"@id\":\"https:\\\/\\\/studiorenascer.com\\\/novo\\\/produto\\\/programa-roberto-classicos\\\/\",\"url\":\"https:\\\/\\\/studiorenascer.com\\\/novo\\\/produto\\\/programa-roberto-classicos\\\/\",\"name\":\"Programa Roberto Cl\u00e1ssicos - St\u00fadio Renascer\",\"isPartOf\":{\"@id\":\"https:\\\/\\\/studiorenascer.com\\\/novo\\\/#website\"},\"primaryImageOfPage\":{\"@id\":\"https:\\\/\\\/studiorenascer.com\\\/novo\\\/produto\\\/programa-roberto-classicos\\\/#primaryimage\"},\"image\":{\"@id\":\"https:\\\/\\\/studiorenascer.com\\\/novo\\\/produto\\\/programa-roberto-classicos\\\/#primaryimage\"},\"thumbnailUrl\":\"https:\\\/\\\/studiorenascer.com\\\/novo\\\/wp-content\\\/uploads\\\/2019\\\/03\\\/roberto-classicos.jpg\",\"datePublished\":\"2019-05-01T21:07:51+00:00\",\"breadcrumb\":{\"@id\":\"https:\\\/\\\/studiorenascer.com\\\/novo\\\/produto\\\/programa-roberto-classicos\\\/#breadcrumb\"},\"inLanguage\":\"pt-BR\",\"potentialAction\":[{\"@type\":\"ReadAction\",\"target\":[\"https:\\\/\\\/studiorenascer.com\\\/novo\\\/produto\\\/programa-roberto-classicos\\\/\"]}]},{\"@type\":\"ImageObject\",\"inLanguage\":\"pt-BR\",\"@id\":\"https:\\\/\\\/studiorenascer.com\\\/novo\\\/produto\\\/programa-roberto-classicos\\\/#primaryimage\",\"url\":\"https:\\\/\\\/studiorenascer.com\\\/novo\\\/wp-content\\\/uploads\\\/2019\\\/03\\\/roberto-classicos.jpg\",\"contentUrl\":\"https:\\\/\\\/studiorenascer.com\\\/novo\\\/wp-content\\\/uploads\\\/2019\\\/03\\\/roberto-classicos.jpg\",\"width\":900,\"height\":900},{\"@type\":\"BreadcrumbList\",\"@id\":\"https:\\\/\\\/studiorenascer.com\\\/novo\\\/produto\\\/programa-roberto-classicos\\\/#breadcrumb\",\"itemListElement\":[{\"@type\":\"ListItem\",\"position\":1,\"name\":\"In\u00edcio\",\"item\":\"https:\\\/\\\/studiorenascer.com\\\/novo\\\/\"},{\"@type\":\"ListItem\",\"position\":2,\"name\":\"Inicial\",\"item\":\"https:\\\/\\\/studiorenascer.com\\\/novo\\\/inicial-2\\\/\"},{\"@type\":\"ListItem\",\"position\":3,\"name\":\"Programa Roberto Cl\u00e1ssicos\"}]},{\"@type\":\"WebSite\",\"@id\":\"https:\\\/\\\/studiorenascer.com\\\/novo\\\/#website\",\"url\":\"https:\\\/\\\/studiorenascer.com\\\/novo\\\/\",\"name\":\"St\u00fadio Renascer\",\"description\":\"O seu portal de conte\u00fados!\",\"publisher\":{\"@id\":\"https:\\\/\\\/studiorenascer.com\\\/novo\\\/#\\\/schema\\\/person\\\/12286d6597002391f242bdff7ee1ebbc\"},\"potentialAction\":[{\"@type\":\"SearchAction\",\"target\":{\"@type\":\"EntryPoint\",\"urlTemplate\":\"https:\\\/\\\/studiorenascer.com\\\/novo\\\/?s={search_term_string}\"},\"query-input\":{\"@type\":\"PropertyValueSpecification\",\"valueRequired\":true,\"valueName\":\"search_term_string\"}}],\"inLanguage\":\"pt-BR\"},{\"@type\":[\"Person\",\"Organization\"],\"@id\":\"https:\\\/\\\/studiorenascer.com\\\/novo\\\/#\\\/schema\\\/person\\\/12286d6597002391f242bdff7ee1ebbc\",\"name\":\"Jean Carlos\",\"image\":{\"@type\":\"ImageObject\",\"inLanguage\":\"pt-BR\",\"@id\":\"https:\\\/\\\/studiorenascer.com\\\/novo\\\/wp-content\\\/uploads\\\/2020\\\/07\\\/logo-sr-ideogram-Custom.jpg\",\"url\":\"https:\\\/\\\/studiorenascer.com\\\/novo\\\/wp-content\\\/uploads\\\/2020\\\/07\\\/logo-sr-ideogram-Custom.jpg\",\"contentUrl\":\"https:\\\/\\\/studiorenascer.com\\\/novo\\\/wp-content\\\/uploads\\\/2020\\\/07\\\/logo-sr-ideogram-Custom.jpg\",\"width\":300,\"height\":300,\"caption\":\"Jean Carlos\"},\"logo\":{\"@id\":\"https:\\\/\\\/studiorenascer.com\\\/novo\\\/wp-content\\\/uploads\\\/2020\\\/07\\\/logo-sr-ideogram-Custom.jpg\"},\"description\":\"Jean Carlos \u00e9, Radialista, Produtor e T\u00e9cnico em \u00e1udio!\",\"sameAs\":[\"http:\\\/\\\/studiorenascer.com\",\"https:\\\/\\\/www.facebook.com\\\/jean.carlos.92317?ref=bookmarks\",\"https:\\\/\\\/www.instagram.com\\\/jccontornofm\\\/?hl=pt-br\",\"https:\\\/\\\/www.youtube.com\\\/channel\\\/UCj14OsusL1Okwd4Nm-UVuQQ?view_as=subscriber\"]}]}<\/script>\n<!-- \/ Yoast SEO Premium plugin. -->","yoast_head_json":{"title":"Programa Roberto Cl\u00e1ssicos - St\u00fadio Renascer","robots":{"index":"index","follow":"follow","max-snippet":"max-snippet:-1","max-image-preview":"max-image-preview:large","max-video-preview":"max-video-preview:-1"},"canonical":"https:\/\/studiorenascer.com\/novo\/produto\/programa-roberto-classicos\/","og_locale":"pt_BR","og_type":"article","og_title":"Programa Roberto Cl\u00e1ssicos","og_description":"TIPO DE PROGRAMA: SEMANAL (FIM DE SEMANA) ESTILO: ROM\u00c2NTICO ATUALIZA\u00c7\u00c3O: SEMANAL (TODA SEXTA-FEIRA) QUANTIDADE DE BLOCOS: 02 BLOCOS DURA\u00c7\u00c3O DOS&hellip;","og_url":"https:\/\/studiorenascer.com\/novo\/produto\/programa-roberto-classicos\/","og_site_name":"St\u00fadio Renascer","article_publisher":"https:\/\/www.facebook.com\/jean.carlos.92317?ref=bookmarks","og_image":[{"width":900,"height":900,"url":"https:\/\/studiorenascer.com\/novo\/wp-content\/uploads\/2019\/03\/roberto-classicos.jpg","type":"image\/jpeg"}],"twitter_card":"summary_large_image","twitter_site":"@jccontornofm","schema":{"@context":"https:\/\/schema.org","@graph":[{"@type":"WebPage","@id":"https:\/\/studiorenascer.com\/novo\/produto\/programa-roberto-classicos\/","url":"https:\/\/studiorenascer.com\/novo\/produto\/programa-roberto-classicos\/","name":"Programa Roberto Cl\u00e1ssicos - St\u00fadio Renascer","isPartOf":{"@id":"https:\/\/studiorenascer.com\/novo\/#website"},"primaryImageOfPage":{"@id":"https:\/\/studiorenascer.com\/novo\/produto\/programa-roberto-classicos\/#primaryimage"},"image":{"@id":"https:\/\/studiorenascer.com\/novo\/produto\/programa-roberto-classicos\/#primaryimage"},"thumbnailUrl":"https:\/\/studiorenascer.com\/novo\/wp-content\/uploads\/2019\/03\/roberto-classicos.jpg","datePublished":"2019-05-01T21:07:51+00:00","breadcrumb":{"@id":"https:\/\/studiorenascer.com\/novo\/produto\/programa-roberto-classicos\/#breadcrumb"},"inLanguage":"pt-BR","potentialAction":[{"@type":"ReadAction","target":["https:\/\/studiorenascer.com\/novo\/produto\/programa-roberto-classicos\/"]}]},{"@type":"ImageObject","inLanguage":"pt-BR","@id":"https:\/\/studiorenascer.com\/novo\/produto\/programa-roberto-classicos\/#primaryimage","url":"https:\/\/studiorenascer.com\/novo\/wp-content\/uploads\/2019\/03\/roberto-classicos.jpg","contentUrl":"https:\/\/studiorenascer.com\/novo\/wp-content\/uploads\/2019\/03\/roberto-classicos.jpg","width":900,"height":900},{"@type":"BreadcrumbList","@id":"https:\/\/studiorenascer.com\/novo\/produto\/programa-roberto-classicos\/#breadcrumb","itemListElement":[{"@type":"ListItem","position":1,"name":"In\u00edcio","item":"https:\/\/studiorenascer.com\/novo\/"},{"@type":"ListItem","position":2,"name":"Inicial","item":"https:\/\/studiorenascer.com\/novo\/inicial-2\/"},{"@type":"ListItem","position":3,"name":"Programa Roberto Cl\u00e1ssicos"}]},{"@type":"WebSite","@id":"https:\/\/studiorenascer.com\/novo\/#website","url":"https:\/\/studiorenascer.com\/novo\/","name":"St\u00fadio Renascer","description":"O seu portal de conte\u00fados!","publisher":{"@id":"https:\/\/studiorenascer.com\/novo\/#\/schema\/person\/12286d6597002391f242bdff7ee1ebbc"},"potentialAction":[{"@type":"SearchAction","target":{"@type":"EntryPoint","urlTemplate":"https:\/\/studiorenascer.com\/novo\/?s={search_term_string}"},"query-input":{"@type":"PropertyValueSpecification","valueRequired":true,"valueName":"search_term_string"}}],"inLanguage":"pt-BR"},{"@type":["Person","Organization"],"@id":"https:\/\/studiorenascer.com\/novo\/#\/schema\/person\/12286d6597002391f242bdff7ee1ebbc","name":"Jean Carlos","image":{"@type":"ImageObject","inLanguage":"pt-BR","@id":"https:\/\/studiorenascer.com\/novo\/wp-content\/uploads\/2020\/07\/logo-sr-ideogram-Custom.jpg","url":"https:\/\/studiorenascer.com\/novo\/wp-content\/uploads\/2020\/07\/logo-sr-ideogram-Custom.jpg","contentUrl":"https:\/\/studiorenascer.com\/novo\/wp-content\/uploads\/2020\/07\/logo-sr-ideogram-Custom.jpg","width":300,"height":300,"caption":"Jean Carlos"},"logo":{"@id":"https:\/\/studiorenascer.com\/novo\/wp-content\/uploads\/2020\/07\/logo-sr-ideogram-Custom.jpg"},"description":"Jean Carlos \u00e9, Radialista, Produtor e T\u00e9cnico em \u00e1udio!","sameAs":["http:\/\/studiorenascer.com","https:\/\/www.facebook.com\/jean.carlos.92317?ref=bookmarks","https:\/\/www.instagram.com\/jccontornofm\/?hl=pt-br","https:\/\/www.youtube.com\/channel\/UCj14OsusL1Okwd4Nm-UVuQQ?view_as=subscriber"]}]}},"_links":{"self":[{"href":"https:\/\/studiorenascer.com\/novo\/wp-json\/wp\/v2\/product\/5108","targetHints":{"allow":["GET"]}}],"collection":[{"href":"https:\/\/studiorenascer.com\/novo\/wp-json\/wp\/v2\/product"}],"about":[{"href":"https:\/\/studiorenascer.com\/novo\/wp-json\/wp\/v2\/types\/product"}],"wp:featuredmedia":[{"embeddable":true,"href":"https:\/\/studiorenascer.com\/novo\/wp-json\/wp\/v2\/media\/4917"}],"wp:attachment":[{"href":"https:\/\/studiorenascer.com\/novo\/wp-json\/wp\/v2\/media?parent=5108"}],"wp:term":[{"taxonomy":"product_brand","embeddable":true,"href":"https:\/\/studiorenascer.com\/novo\/wp-json\/wp\/v2\/product_brand?post=5108"},{"taxonomy":"product_cat","embeddable":true,"href":"https:\/\/studiorenascer.com\/novo\/wp-json\/wp\/v2\/product_cat?post=5108"},{"taxonomy":"product_tag","embeddable":true,"href":"https:\/\/studiorenascer.com\/novo\/wp-json\/wp\/v2\/product_tag?post=5108"}],"curies":[{"name":"wp","href":"https:\/\/api.w.org\/{rel}","templated":true}]}}