{"id":5810,"date":"2020-01-05T19:17:53","date_gmt":"2020-01-05T22:17:53","guid":{"rendered":"https:\/\/studiorenascer.com\/novo\/?post_type=product&#038;p=5810"},"modified":"2023-08-21T05:57:11","modified_gmt":"2023-08-21T08:57:11","slug":"vinhetas-cantadas-pacote-evangelico","status":"publish","type":"product","link":"https:\/\/studiorenascer.com\/novo\/produto\/vinhetas-cantadas-pacote-evangelico\/","title":{"rendered":"06 Vinhetas Cantadas \u2013 Pacote Evang\u00e9lico"},"content":{"rendered":"<ul>\n<li style=\"list-style-type: none;\">\n<ul>\n<li style=\"text-align: left;\"><em>TIPO DE VINHETAS: <strong>CANTADAS<\/strong><\/em><\/li>\n<li style=\"text-align: left;\"><em>QUANTIDADE: <strong>06<\/strong><\/em><em> <strong>VINHETAS (3 MASTER IGUAIS AS DEMOS E 3 ACAPELAS, VERS\u00c3O S\u00d3 VOZ DAS DEMOS)<\/strong><\/em><\/li>\n<li style=\"text-align: left;\"><em>PRAZO DE ENTREGA: <strong>TR\u00caS DIAS \u00daTEIS AP\u00d3S CONFIRMADO PAGAMENTO<\/strong><\/em><\/li>\n<li style=\"text-align: left;\"><em>LOCU\u00c7\u00c3O\/INTERPRETE: FEMININA<strong> (MESMO DAS DEMOS, N\u00c3O \u00c9 POSS\u00cdVEL ALTERAR)<\/strong><\/em><\/li>\n<li style=\"text-align: left;\"><em>ENVIO DAS VINHETAS: SOMENTE <strong>POR E-MAIL (N\u00c3O ENVIAMOS POR WHATSAPP)<\/strong><\/em><\/li>\n<\/ul>\n<\/li>\n<\/ul>\n","protected":false},"excerpt":{"rendered":"<p><!-- wp:audio --><\/p>\n<figure class=\"wp-block-audio\"><audio src=\"https:\/\/www.dropbox.com\/s\/0almp37frpd3oyb\/DEMO%20-%20PACOTE%20EVANGELICO.mp3?dl=1\" controls=\"controls\"><\/audio><\/figure>\n<h4 style=\"text-align: center;\">Este \u00e9 um pacote de vinhetas prontas onde alteramos somente nome da r\u00e1dio, e frequ\u00eancia (ou slogan para web r\u00e1dios) modelo das vinhetas \u00e9 o mesmo das demos, sempre ou\u00e7a as demos antes de clicar em comprar!<\/h4>\n<p><!-- \/wp:audio --><\/p>\n","protected":false},"featured_media":5814,"template":"","meta":[],"product_brand":[],"product_cat":[20,21],"product_tag":[52],"class_list":{"0":"post-5810","1":"product","2":"type-product","3":"status-publish","4":"has-post-thumbnail","6":"product_cat-vinhetas-cantadas","7":"product_cat-vinhetas-e-temas","8":"product_tag-vinheta-cantada","10":"first","11":"instock","12":"virtual","13":"purchasable","14":"product-type-simple"},"yoast_head":"<!-- This site is optimized with the Yoast SEO Premium plugin v22.6 (Yoast SEO v27.3) - https:\/\/yoast.com\/product\/yoast-seo-premium-wordpress\/ -->\n<title>06 Vinhetas Cantadas \u2013 Pacote Evang\u00e9lico - St\u00fadio Renascer<\/title>\n<meta name=\"description\" content=\"Um pacote de vinhetas pr\u00e9 prontas, nele \u00e9 alterado somente nome do programa , tamb\u00e9m pode ser gravado com nome da r\u00e1dio ao inv\u00e9z do nome do programa.\" \/>\n<meta name=\"robots\" content=\"index, follow, max-snippet:-1, max-image-preview:large, max-video-preview:-1\" \/>\n<link rel=\"canonical\" href=\"https:\/\/studiorenascer.com\/novo\/produto\/vinhetas-cantadas-pacote-evangelico\/\" \/>\n<meta property=\"og:locale\" content=\"pt_BR\" \/>\n<meta property=\"og:type\" content=\"article\" \/>\n<meta property=\"og:title\" content=\"06 Vinhetas Cantadas \u2013 Pacote Evang\u00e9lico\" \/>\n<meta property=\"og:description\" content=\"Um pacote de vinhetas pr\u00e9 prontas, nele \u00e9 alterado somente nome do programa , tamb\u00e9m pode ser gravado com nome da r\u00e1dio ao inv\u00e9z do nome do programa.\" \/>\n<meta property=\"og:url\" content=\"https:\/\/studiorenascer.com\/novo\/produto\/vinhetas-cantadas-pacote-evangelico\/\" \/>\n<meta property=\"og:site_name\" content=\"St\u00fadio Renascer\" \/>\n<meta property=\"article:publisher\" content=\"https:\/\/www.facebook.com\/jean.carlos.92317?ref=bookmarks\" \/>\n<meta property=\"article:modified_time\" content=\"2023-08-21T08:57:11+00:00\" \/>\n<meta property=\"og:image\" content=\"https:\/\/studiorenascer.com\/novo\/wp-content\/uploads\/2020\/01\/pacote_evangelico_cantado_box.png\" \/>\n\t<meta property=\"og:image:width\" content=\"600\" \/>\n\t<meta property=\"og:image:height\" content=\"600\" \/>\n\t<meta property=\"og:image:type\" content=\"image\/png\" \/>\n<meta name=\"twitter:card\" content=\"summary_large_image\" \/>\n<meta name=\"twitter:site\" content=\"@jccontornofm\" \/>\n<meta name=\"twitter:label1\" content=\"Est. tempo de leitura\" \/>\n\t<meta name=\"twitter:data1\" content=\"1 minuto\" \/>\n<script type=\"application\/ld+json\" class=\"yoast-schema-graph\">{\"@context\":\"https:\\\/\\\/schema.org\",\"@graph\":[{\"@type\":\"WebPage\",\"@id\":\"https:\\\/\\\/studiorenascer.com\\\/novo\\\/produto\\\/vinhetas-cantadas-pacote-evangelico\\\/\",\"url\":\"https:\\\/\\\/studiorenascer.com\\\/novo\\\/produto\\\/vinhetas-cantadas-pacote-evangelico\\\/\",\"name\":\"06 Vinhetas Cantadas \u2013 Pacote Evang\u00e9lico - St\u00fadio Renascer\",\"isPartOf\":{\"@id\":\"https:\\\/\\\/studiorenascer.com\\\/novo\\\/#website\"},\"primaryImageOfPage\":{\"@id\":\"https:\\\/\\\/studiorenascer.com\\\/novo\\\/produto\\\/vinhetas-cantadas-pacote-evangelico\\\/#primaryimage\"},\"image\":{\"@id\":\"https:\\\/\\\/studiorenascer.com\\\/novo\\\/produto\\\/vinhetas-cantadas-pacote-evangelico\\\/#primaryimage\"},\"thumbnailUrl\":\"https:\\\/\\\/studiorenascer.com\\\/novo\\\/wp-content\\\/uploads\\\/2020\\\/01\\\/pacote_evangelico_cantado_box.png\",\"datePublished\":\"2020-01-05T22:17:53+00:00\",\"dateModified\":\"2023-08-21T08:57:11+00:00\",\"description\":\"Um pacote de vinhetas pr\u00e9 prontas, nele \u00e9 alterado somente nome do programa , tamb\u00e9m pode ser gravado com nome da r\u00e1dio ao inv\u00e9z do nome do programa.\",\"breadcrumb\":{\"@id\":\"https:\\\/\\\/studiorenascer.com\\\/novo\\\/produto\\\/vinhetas-cantadas-pacote-evangelico\\\/#breadcrumb\"},\"inLanguage\":\"pt-BR\",\"potentialAction\":[{\"@type\":\"ReadAction\",\"target\":[\"https:\\\/\\\/studiorenascer.com\\\/novo\\\/produto\\\/vinhetas-cantadas-pacote-evangelico\\\/\"]}]},{\"@type\":\"ImageObject\",\"inLanguage\":\"pt-BR\",\"@id\":\"https:\\\/\\\/studiorenascer.com\\\/novo\\\/produto\\\/vinhetas-cantadas-pacote-evangelico\\\/#primaryimage\",\"url\":\"https:\\\/\\\/studiorenascer.com\\\/novo\\\/wp-content\\\/uploads\\\/2020\\\/01\\\/pacote_evangelico_cantado_box.png\",\"contentUrl\":\"https:\\\/\\\/studiorenascer.com\\\/novo\\\/wp-content\\\/uploads\\\/2020\\\/01\\\/pacote_evangelico_cantado_box.png\",\"width\":600,\"height\":600},{\"@type\":\"BreadcrumbList\",\"@id\":\"https:\\\/\\\/studiorenascer.com\\\/novo\\\/produto\\\/vinhetas-cantadas-pacote-evangelico\\\/#breadcrumb\",\"itemListElement\":[{\"@type\":\"ListItem\",\"position\":1,\"name\":\"In\u00edcio\",\"item\":\"https:\\\/\\\/studiorenascer.com\\\/novo\\\/\"},{\"@type\":\"ListItem\",\"position\":2,\"name\":\"Inicial\",\"item\":\"https:\\\/\\\/studiorenascer.com\\\/novo\\\/inicial-2\\\/\"},{\"@type\":\"ListItem\",\"position\":3,\"name\":\"06 Vinhetas Cantadas \u2013 Pacote Evang\u00e9lico\"}]},{\"@type\":\"WebSite\",\"@id\":\"https:\\\/\\\/studiorenascer.com\\\/novo\\\/#website\",\"url\":\"https:\\\/\\\/studiorenascer.com\\\/novo\\\/\",\"name\":\"St\u00fadio Renascer\",\"description\":\"O seu portal de conte\u00fados!\",\"publisher\":{\"@id\":\"https:\\\/\\\/studiorenascer.com\\\/novo\\\/#\\\/schema\\\/person\\\/12286d6597002391f242bdff7ee1ebbc\"},\"potentialAction\":[{\"@type\":\"SearchAction\",\"target\":{\"@type\":\"EntryPoint\",\"urlTemplate\":\"https:\\\/\\\/studiorenascer.com\\\/novo\\\/?s={search_term_string}\"},\"query-input\":{\"@type\":\"PropertyValueSpecification\",\"valueRequired\":true,\"valueName\":\"search_term_string\"}}],\"inLanguage\":\"pt-BR\"},{\"@type\":[\"Person\",\"Organization\"],\"@id\":\"https:\\\/\\\/studiorenascer.com\\\/novo\\\/#\\\/schema\\\/person\\\/12286d6597002391f242bdff7ee1ebbc\",\"name\":\"Jean Carlos\",\"image\":{\"@type\":\"ImageObject\",\"inLanguage\":\"pt-BR\",\"@id\":\"https:\\\/\\\/studiorenascer.com\\\/novo\\\/wp-content\\\/uploads\\\/2020\\\/07\\\/logo-sr-ideogram-Custom.jpg\",\"url\":\"https:\\\/\\\/studiorenascer.com\\\/novo\\\/wp-content\\\/uploads\\\/2020\\\/07\\\/logo-sr-ideogram-Custom.jpg\",\"contentUrl\":\"https:\\\/\\\/studiorenascer.com\\\/novo\\\/wp-content\\\/uploads\\\/2020\\\/07\\\/logo-sr-ideogram-Custom.jpg\",\"width\":300,\"height\":300,\"caption\":\"Jean Carlos\"},\"logo\":{\"@id\":\"https:\\\/\\\/studiorenascer.com\\\/novo\\\/wp-content\\\/uploads\\\/2020\\\/07\\\/logo-sr-ideogram-Custom.jpg\"},\"description\":\"Jean Carlos \u00e9, Radialista, Produtor e T\u00e9cnico em \u00e1udio!\",\"sameAs\":[\"http:\\\/\\\/studiorenascer.com\",\"https:\\\/\\\/www.facebook.com\\\/jean.carlos.92317?ref=bookmarks\",\"https:\\\/\\\/www.instagram.com\\\/jccontornofm\\\/?hl=pt-br\",\"https:\\\/\\\/www.youtube.com\\\/channel\\\/UCj14OsusL1Okwd4Nm-UVuQQ?view_as=subscriber\"]}]}<\/script>\n<!-- \/ Yoast SEO Premium plugin. -->","yoast_head_json":{"title":"06 Vinhetas Cantadas \u2013 Pacote Evang\u00e9lico - St\u00fadio Renascer","description":"Um pacote de vinhetas pr\u00e9 prontas, nele \u00e9 alterado somente nome do programa , tamb\u00e9m pode ser gravado com nome da r\u00e1dio ao inv\u00e9z do nome do programa.","robots":{"index":"index","follow":"follow","max-snippet":"max-snippet:-1","max-image-preview":"max-image-preview:large","max-video-preview":"max-video-preview:-1"},"canonical":"https:\/\/studiorenascer.com\/novo\/produto\/vinhetas-cantadas-pacote-evangelico\/","og_locale":"pt_BR","og_type":"article","og_title":"06 Vinhetas Cantadas \u2013 Pacote Evang\u00e9lico","og_description":"Um pacote de vinhetas pr\u00e9 prontas, nele \u00e9 alterado somente nome do programa , tamb\u00e9m pode ser gravado com nome da r\u00e1dio ao inv\u00e9z do nome do programa.","og_url":"https:\/\/studiorenascer.com\/novo\/produto\/vinhetas-cantadas-pacote-evangelico\/","og_site_name":"St\u00fadio Renascer","article_publisher":"https:\/\/www.facebook.com\/jean.carlos.92317?ref=bookmarks","article_modified_time":"2023-08-21T08:57:11+00:00","og_image":[{"width":600,"height":600,"url":"https:\/\/studiorenascer.com\/novo\/wp-content\/uploads\/2020\/01\/pacote_evangelico_cantado_box.png","type":"image\/png"}],"twitter_card":"summary_large_image","twitter_site":"@jccontornofm","twitter_misc":{"Est. tempo de leitura":"1 minuto"},"schema":{"@context":"https:\/\/schema.org","@graph":[{"@type":"WebPage","@id":"https:\/\/studiorenascer.com\/novo\/produto\/vinhetas-cantadas-pacote-evangelico\/","url":"https:\/\/studiorenascer.com\/novo\/produto\/vinhetas-cantadas-pacote-evangelico\/","name":"06 Vinhetas Cantadas \u2013 Pacote Evang\u00e9lico - St\u00fadio Renascer","isPartOf":{"@id":"https:\/\/studiorenascer.com\/novo\/#website"},"primaryImageOfPage":{"@id":"https:\/\/studiorenascer.com\/novo\/produto\/vinhetas-cantadas-pacote-evangelico\/#primaryimage"},"image":{"@id":"https:\/\/studiorenascer.com\/novo\/produto\/vinhetas-cantadas-pacote-evangelico\/#primaryimage"},"thumbnailUrl":"https:\/\/studiorenascer.com\/novo\/wp-content\/uploads\/2020\/01\/pacote_evangelico_cantado_box.png","datePublished":"2020-01-05T22:17:53+00:00","dateModified":"2023-08-21T08:57:11+00:00","description":"Um pacote de vinhetas pr\u00e9 prontas, nele \u00e9 alterado somente nome do programa , tamb\u00e9m pode ser gravado com nome da r\u00e1dio ao inv\u00e9z do nome do programa.","breadcrumb":{"@id":"https:\/\/studiorenascer.com\/novo\/produto\/vinhetas-cantadas-pacote-evangelico\/#breadcrumb"},"inLanguage":"pt-BR","potentialAction":[{"@type":"ReadAction","target":["https:\/\/studiorenascer.com\/novo\/produto\/vinhetas-cantadas-pacote-evangelico\/"]}]},{"@type":"ImageObject","inLanguage":"pt-BR","@id":"https:\/\/studiorenascer.com\/novo\/produto\/vinhetas-cantadas-pacote-evangelico\/#primaryimage","url":"https:\/\/studiorenascer.com\/novo\/wp-content\/uploads\/2020\/01\/pacote_evangelico_cantado_box.png","contentUrl":"https:\/\/studiorenascer.com\/novo\/wp-content\/uploads\/2020\/01\/pacote_evangelico_cantado_box.png","width":600,"height":600},{"@type":"BreadcrumbList","@id":"https:\/\/studiorenascer.com\/novo\/produto\/vinhetas-cantadas-pacote-evangelico\/#breadcrumb","itemListElement":[{"@type":"ListItem","position":1,"name":"In\u00edcio","item":"https:\/\/studiorenascer.com\/novo\/"},{"@type":"ListItem","position":2,"name":"Inicial","item":"https:\/\/studiorenascer.com\/novo\/inicial-2\/"},{"@type":"ListItem","position":3,"name":"06 Vinhetas Cantadas \u2013 Pacote Evang\u00e9lico"}]},{"@type":"WebSite","@id":"https:\/\/studiorenascer.com\/novo\/#website","url":"https:\/\/studiorenascer.com\/novo\/","name":"St\u00fadio Renascer","description":"O seu portal de conte\u00fados!","publisher":{"@id":"https:\/\/studiorenascer.com\/novo\/#\/schema\/person\/12286d6597002391f242bdff7ee1ebbc"},"potentialAction":[{"@type":"SearchAction","target":{"@type":"EntryPoint","urlTemplate":"https:\/\/studiorenascer.com\/novo\/?s={search_term_string}"},"query-input":{"@type":"PropertyValueSpecification","valueRequired":true,"valueName":"search_term_string"}}],"inLanguage":"pt-BR"},{"@type":["Person","Organization"],"@id":"https:\/\/studiorenascer.com\/novo\/#\/schema\/person\/12286d6597002391f242bdff7ee1ebbc","name":"Jean Carlos","image":{"@type":"ImageObject","inLanguage":"pt-BR","@id":"https:\/\/studiorenascer.com\/novo\/wp-content\/uploads\/2020\/07\/logo-sr-ideogram-Custom.jpg","url":"https:\/\/studiorenascer.com\/novo\/wp-content\/uploads\/2020\/07\/logo-sr-ideogram-Custom.jpg","contentUrl":"https:\/\/studiorenascer.com\/novo\/wp-content\/uploads\/2020\/07\/logo-sr-ideogram-Custom.jpg","width":300,"height":300,"caption":"Jean Carlos"},"logo":{"@id":"https:\/\/studiorenascer.com\/novo\/wp-content\/uploads\/2020\/07\/logo-sr-ideogram-Custom.jpg"},"description":"Jean Carlos \u00e9, Radialista, Produtor e T\u00e9cnico em \u00e1udio!","sameAs":["http:\/\/studiorenascer.com","https:\/\/www.facebook.com\/jean.carlos.92317?ref=bookmarks","https:\/\/www.instagram.com\/jccontornofm\/?hl=pt-br","https:\/\/www.youtube.com\/channel\/UCj14OsusL1Okwd4Nm-UVuQQ?view_as=subscriber"]}]}},"_links":{"self":[{"href":"https:\/\/studiorenascer.com\/novo\/wp-json\/wp\/v2\/product\/5810","targetHints":{"allow":["GET"]}}],"collection":[{"href":"https:\/\/studiorenascer.com\/novo\/wp-json\/wp\/v2\/product"}],"about":[{"href":"https:\/\/studiorenascer.com\/novo\/wp-json\/wp\/v2\/types\/product"}],"wp:featuredmedia":[{"embeddable":true,"href":"https:\/\/studiorenascer.com\/novo\/wp-json\/wp\/v2\/media\/5814"}],"wp:attachment":[{"href":"https:\/\/studiorenascer.com\/novo\/wp-json\/wp\/v2\/media?parent=5810"}],"wp:term":[{"taxonomy":"product_brand","embeddable":true,"href":"https:\/\/studiorenascer.com\/novo\/wp-json\/wp\/v2\/product_brand?post=5810"},{"taxonomy":"product_cat","embeddable":true,"href":"https:\/\/studiorenascer.com\/novo\/wp-json\/wp\/v2\/product_cat?post=5810"},{"taxonomy":"product_tag","embeddable":true,"href":"https:\/\/studiorenascer.com\/novo\/wp-json\/wp\/v2\/product_tag?post=5810"}],"curies":[{"name":"wp","href":"https:\/\/api.w.org\/{rel}","templated":true}]}}