{"id":9478,"date":"2023-12-05T07:10:27","date_gmt":"2023-12-05T10:10:27","guid":{"rendered":"https:\/\/studiorenascer.com\/novo\/?post_type=product&#038;p=9478"},"modified":"2023-12-05T07:14:43","modified_gmt":"2023-12-05T10:14:43","slug":"mensagens-clientes-masculina","status":"publish","type":"product","link":"https:\/\/studiorenascer.com\/novo\/produto\/mensagens-clientes-masculina\/","title":{"rendered":"Mensagens Natal e Fim de Ano Para Clientes (COM ESPA\u00c7O PARA ASSINATURA) Voz Masculina"},"content":{"rendered":"<p>10 MENSAGENS NA VOZ MASCULINA COM RABICHO (ESPA\u00c7O PARA VOC\u00ca INSERIR ASSINATURA DE SEU CLIENTE)<\/p>\n<ul>\n<li>TEMPO M\u00c9DIO DO RABICHO 08 SEGUNDOS<\/li>\n<li>TODAS\u00a0 MENSAGENS TEM A MESMA TRILHA DE FUNDO<\/li>\n<li>ENVIAMOS A TRILHA COMPLETA SEPARADA PARA ASSINATURAS MAIORES<\/li>\n<li>ASSINATURA N\u00c3O INCLUSA<\/li>\n<li>LOCU\u00c7\u00c3O MASCULINA (MESMO DA DEMO &#8211; N\u00c3O \u00c9 POSSIVEL ALTERAR)<\/li>\n<li>ENVIAMOS C\u00d3PIA DOS TEXTOS PARA IMPRIMIR OU ENVIAR AOS CLIENTES.<\/li>\n<\/ul>\n<p style=\"text-align: center;\">OU\u00c7A MODELO<\/p>\n<audio class=\"wp-audio-shortcode\" id=\"audio-9478-1\" preload=\"none\" style=\"width: 100%;\" controls=\"controls\"><source type=\"audio\/mpeg\" src=\"https:\/\/studiorenascer.com\/novo\/wp-content\/uploads\/2023\/12\/DEMO-MENSAGEM-DE-NATAL-PARA-CLIENTES-MASCULINA-1.mp3?_=1\" \/><a href=\"https:\/\/studiorenascer.com\/novo\/wp-content\/uploads\/2023\/12\/DEMO-MENSAGEM-DE-NATAL-PARA-CLIENTES-MASCULINA-1.mp3\">https:\/\/studiorenascer.com\/novo\/wp-content\/uploads\/2023\/12\/DEMO-MENSAGEM-DE-NATAL-PARA-CLIENTES-MASCULINA-1.mp3<\/a><\/audio>\n<p style=\"text-align: center;\">ATEN\u00c7\u00c3O! <strong>O VALOR \u00c9 REFERENTE A MENSAGENS SEM ASSINATURA<\/strong>, CASO QUEIRA PODEMOS INSERIR AS ASSINATURAS COM MESMO LOCUTOR DAS DEMOS SOB OR\u00c7AMENTO.<\/p>\n<h6 style=\"text-align: center;\">Aten\u00e7\u00e3o \u2013 Ou\u00e7a as demos! A interpreta\u00e7\u00e3o pode variar em 10% das demos devido a condi\u00e7\u00f5es clim\u00e1ticas, posi\u00e7\u00e3o de microfone e at\u00e9 condi\u00e7\u00f5es emocionais do locutor.<\/h6>\n","protected":false},"excerpt":{"rendered":"<p>10 MENSAGENS NA VOZ MASCULINA COM RABICHO (ESPA\u00c7O PARA VOC\u00ca INSERIR ASSINATURA DE SEU CLIENTE) TEMPO M\u00c9DIO DO RABICHO 08&hellip;<\/p>\n","protected":false},"featured_media":9479,"template":"","meta":[],"product_brand":[],"product_cat":[23],"product_tag":[],"class_list":{"0":"post-9478","1":"product","2":"type-product","3":"status-publish","4":"has-post-thumbnail","6":"product_cat-produtos-do-natal","8":"first","9":"instock","10":"virtual","11":"purchasable","12":"product-type-simple"},"yoast_head":"<!-- This site is optimized with the Yoast SEO Premium plugin v22.6 (Yoast SEO v27.3) - https:\/\/yoast.com\/product\/yoast-seo-premium-wordpress\/ -->\n<title>Mensagens Natal e Fim de Ano Para Clientes (COM ESPA\u00c7O PARA ASSINATURA) Voz Masculina - St\u00fadio Renascer<\/title>\n<meta name=\"robots\" content=\"index, follow, max-snippet:-1, max-image-preview:large, max-video-preview:-1\" \/>\n<link rel=\"canonical\" href=\"https:\/\/studiorenascer.com\/novo\/produto\/mensagens-clientes-masculina\/\" \/>\n<meta property=\"og:locale\" content=\"pt_BR\" \/>\n<meta property=\"og:type\" content=\"article\" \/>\n<meta property=\"og:title\" content=\"Mensagens Natal e Fim de Ano Para Clientes (COM ESPA\u00c7O PARA ASSINATURA) Voz Masculina\" \/>\n<meta property=\"og:description\" content=\"10 MENSAGENS NA VOZ MASCULINA COM RABICHO (ESPA\u00c7O PARA VOC\u00ca INSERIR ASSINATURA DE SEU CLIENTE) TEMPO M\u00c9DIO DO RABICHO 08&hellip;\" \/>\n<meta property=\"og:url\" content=\"https:\/\/studiorenascer.com\/novo\/produto\/mensagens-clientes-masculina\/\" \/>\n<meta property=\"og:site_name\" content=\"St\u00fadio Renascer\" \/>\n<meta property=\"article:publisher\" content=\"https:\/\/www.facebook.com\/jean.carlos.92317?ref=bookmarks\" \/>\n<meta property=\"article:modified_time\" content=\"2023-12-05T10:14:43+00:00\" \/>\n<meta property=\"og:image\" content=\"https:\/\/studiorenascer.com\/novo\/wp-content\/uploads\/2023\/12\/box2.png\" \/>\n\t<meta property=\"og:image:width\" content=\"900\" \/>\n\t<meta property=\"og:image:height\" content=\"900\" \/>\n\t<meta property=\"og:image:type\" content=\"image\/png\" \/>\n<meta name=\"twitter:card\" content=\"summary_large_image\" \/>\n<meta name=\"twitter:site\" content=\"@jccontornofm\" \/>\n<meta name=\"twitter:label1\" content=\"Est. tempo de leitura\" \/>\n\t<meta name=\"twitter:data1\" content=\"1 minuto\" \/>\n<script type=\"application\/ld+json\" class=\"yoast-schema-graph\">{\"@context\":\"https:\\\/\\\/schema.org\",\"@graph\":[{\"@type\":\"WebPage\",\"@id\":\"https:\\\/\\\/studiorenascer.com\\\/novo\\\/produto\\\/mensagens-clientes-masculina\\\/\",\"url\":\"https:\\\/\\\/studiorenascer.com\\\/novo\\\/produto\\\/mensagens-clientes-masculina\\\/\",\"name\":\"Mensagens Natal e Fim de Ano Para Clientes (COM ESPA\u00c7O PARA ASSINATURA) Voz Masculina - St\u00fadio Renascer\",\"isPartOf\":{\"@id\":\"https:\\\/\\\/studiorenascer.com\\\/novo\\\/#website\"},\"primaryImageOfPage\":{\"@id\":\"https:\\\/\\\/studiorenascer.com\\\/novo\\\/produto\\\/mensagens-clientes-masculina\\\/#primaryimage\"},\"image\":{\"@id\":\"https:\\\/\\\/studiorenascer.com\\\/novo\\\/produto\\\/mensagens-clientes-masculina\\\/#primaryimage\"},\"thumbnailUrl\":\"https:\\\/\\\/studiorenascer.com\\\/novo\\\/wp-content\\\/uploads\\\/2023\\\/12\\\/box2.png\",\"datePublished\":\"2023-12-05T10:10:27+00:00\",\"dateModified\":\"2023-12-05T10:14:43+00:00\",\"breadcrumb\":{\"@id\":\"https:\\\/\\\/studiorenascer.com\\\/novo\\\/produto\\\/mensagens-clientes-masculina\\\/#breadcrumb\"},\"inLanguage\":\"pt-BR\",\"potentialAction\":[{\"@type\":\"ReadAction\",\"target\":[\"https:\\\/\\\/studiorenascer.com\\\/novo\\\/produto\\\/mensagens-clientes-masculina\\\/\"]}]},{\"@type\":\"ImageObject\",\"inLanguage\":\"pt-BR\",\"@id\":\"https:\\\/\\\/studiorenascer.com\\\/novo\\\/produto\\\/mensagens-clientes-masculina\\\/#primaryimage\",\"url\":\"https:\\\/\\\/studiorenascer.com\\\/novo\\\/wp-content\\\/uploads\\\/2023\\\/12\\\/box2.png\",\"contentUrl\":\"https:\\\/\\\/studiorenascer.com\\\/novo\\\/wp-content\\\/uploads\\\/2023\\\/12\\\/box2.png\",\"width\":900,\"height\":900},{\"@type\":\"BreadcrumbList\",\"@id\":\"https:\\\/\\\/studiorenascer.com\\\/novo\\\/produto\\\/mensagens-clientes-masculina\\\/#breadcrumb\",\"itemListElement\":[{\"@type\":\"ListItem\",\"position\":1,\"name\":\"In\u00edcio\",\"item\":\"https:\\\/\\\/studiorenascer.com\\\/novo\\\/\"},{\"@type\":\"ListItem\",\"position\":2,\"name\":\"Inicial\",\"item\":\"https:\\\/\\\/studiorenascer.com\\\/novo\\\/inicial-2\\\/\"},{\"@type\":\"ListItem\",\"position\":3,\"name\":\"Mensagens Natal e Fim de Ano Para Clientes (COM ESPA\u00c7O PARA ASSINATURA) Voz Masculina\"}]},{\"@type\":\"WebSite\",\"@id\":\"https:\\\/\\\/studiorenascer.com\\\/novo\\\/#website\",\"url\":\"https:\\\/\\\/studiorenascer.com\\\/novo\\\/\",\"name\":\"St\u00fadio Renascer\",\"description\":\"O seu portal de conte\u00fados!\",\"publisher\":{\"@id\":\"https:\\\/\\\/studiorenascer.com\\\/novo\\\/#\\\/schema\\\/person\\\/12286d6597002391f242bdff7ee1ebbc\"},\"potentialAction\":[{\"@type\":\"SearchAction\",\"target\":{\"@type\":\"EntryPoint\",\"urlTemplate\":\"https:\\\/\\\/studiorenascer.com\\\/novo\\\/?s={search_term_string}\"},\"query-input\":{\"@type\":\"PropertyValueSpecification\",\"valueRequired\":true,\"valueName\":\"search_term_string\"}}],\"inLanguage\":\"pt-BR\"},{\"@type\":[\"Person\",\"Organization\"],\"@id\":\"https:\\\/\\\/studiorenascer.com\\\/novo\\\/#\\\/schema\\\/person\\\/12286d6597002391f242bdff7ee1ebbc\",\"name\":\"Jean Carlos\",\"image\":{\"@type\":\"ImageObject\",\"inLanguage\":\"pt-BR\",\"@id\":\"https:\\\/\\\/studiorenascer.com\\\/novo\\\/wp-content\\\/uploads\\\/2020\\\/07\\\/logo-sr-ideogram-Custom.jpg\",\"url\":\"https:\\\/\\\/studiorenascer.com\\\/novo\\\/wp-content\\\/uploads\\\/2020\\\/07\\\/logo-sr-ideogram-Custom.jpg\",\"contentUrl\":\"https:\\\/\\\/studiorenascer.com\\\/novo\\\/wp-content\\\/uploads\\\/2020\\\/07\\\/logo-sr-ideogram-Custom.jpg\",\"width\":300,\"height\":300,\"caption\":\"Jean Carlos\"},\"logo\":{\"@id\":\"https:\\\/\\\/studiorenascer.com\\\/novo\\\/wp-content\\\/uploads\\\/2020\\\/07\\\/logo-sr-ideogram-Custom.jpg\"},\"description\":\"Jean Carlos \u00e9, Radialista, Produtor e T\u00e9cnico em \u00e1udio!\",\"sameAs\":[\"http:\\\/\\\/studiorenascer.com\",\"https:\\\/\\\/www.facebook.com\\\/jean.carlos.92317?ref=bookmarks\",\"https:\\\/\\\/www.instagram.com\\\/jccontornofm\\\/?hl=pt-br\",\"https:\\\/\\\/www.youtube.com\\\/channel\\\/UCj14OsusL1Okwd4Nm-UVuQQ?view_as=subscriber\"]}]}<\/script>\n<!-- \/ Yoast SEO Premium plugin. -->","yoast_head_json":{"title":"Mensagens Natal e Fim de Ano Para Clientes (COM ESPA\u00c7O PARA ASSINATURA) Voz Masculina - St\u00fadio Renascer","robots":{"index":"index","follow":"follow","max-snippet":"max-snippet:-1","max-image-preview":"max-image-preview:large","max-video-preview":"max-video-preview:-1"},"canonical":"https:\/\/studiorenascer.com\/novo\/produto\/mensagens-clientes-masculina\/","og_locale":"pt_BR","og_type":"article","og_title":"Mensagens Natal e Fim de Ano Para Clientes (COM ESPA\u00c7O PARA ASSINATURA) Voz Masculina","og_description":"10 MENSAGENS NA VOZ MASCULINA COM RABICHO (ESPA\u00c7O PARA VOC\u00ca INSERIR ASSINATURA DE SEU CLIENTE) TEMPO M\u00c9DIO DO RABICHO 08&hellip;","og_url":"https:\/\/studiorenascer.com\/novo\/produto\/mensagens-clientes-masculina\/","og_site_name":"St\u00fadio Renascer","article_publisher":"https:\/\/www.facebook.com\/jean.carlos.92317?ref=bookmarks","article_modified_time":"2023-12-05T10:14:43+00:00","og_image":[{"width":900,"height":900,"url":"https:\/\/studiorenascer.com\/novo\/wp-content\/uploads\/2023\/12\/box2.png","type":"image\/png"}],"twitter_card":"summary_large_image","twitter_site":"@jccontornofm","twitter_misc":{"Est. tempo de leitura":"1 minuto"},"schema":{"@context":"https:\/\/schema.org","@graph":[{"@type":"WebPage","@id":"https:\/\/studiorenascer.com\/novo\/produto\/mensagens-clientes-masculina\/","url":"https:\/\/studiorenascer.com\/novo\/produto\/mensagens-clientes-masculina\/","name":"Mensagens Natal e Fim de Ano Para Clientes (COM ESPA\u00c7O PARA ASSINATURA) Voz Masculina - St\u00fadio Renascer","isPartOf":{"@id":"https:\/\/studiorenascer.com\/novo\/#website"},"primaryImageOfPage":{"@id":"https:\/\/studiorenascer.com\/novo\/produto\/mensagens-clientes-masculina\/#primaryimage"},"image":{"@id":"https:\/\/studiorenascer.com\/novo\/produto\/mensagens-clientes-masculina\/#primaryimage"},"thumbnailUrl":"https:\/\/studiorenascer.com\/novo\/wp-content\/uploads\/2023\/12\/box2.png","datePublished":"2023-12-05T10:10:27+00:00","dateModified":"2023-12-05T10:14:43+00:00","breadcrumb":{"@id":"https:\/\/studiorenascer.com\/novo\/produto\/mensagens-clientes-masculina\/#breadcrumb"},"inLanguage":"pt-BR","potentialAction":[{"@type":"ReadAction","target":["https:\/\/studiorenascer.com\/novo\/produto\/mensagens-clientes-masculina\/"]}]},{"@type":"ImageObject","inLanguage":"pt-BR","@id":"https:\/\/studiorenascer.com\/novo\/produto\/mensagens-clientes-masculina\/#primaryimage","url":"https:\/\/studiorenascer.com\/novo\/wp-content\/uploads\/2023\/12\/box2.png","contentUrl":"https:\/\/studiorenascer.com\/novo\/wp-content\/uploads\/2023\/12\/box2.png","width":900,"height":900},{"@type":"BreadcrumbList","@id":"https:\/\/studiorenascer.com\/novo\/produto\/mensagens-clientes-masculina\/#breadcrumb","itemListElement":[{"@type":"ListItem","position":1,"name":"In\u00edcio","item":"https:\/\/studiorenascer.com\/novo\/"},{"@type":"ListItem","position":2,"name":"Inicial","item":"https:\/\/studiorenascer.com\/novo\/inicial-2\/"},{"@type":"ListItem","position":3,"name":"Mensagens Natal e Fim de Ano Para Clientes (COM ESPA\u00c7O PARA ASSINATURA) Voz Masculina"}]},{"@type":"WebSite","@id":"https:\/\/studiorenascer.com\/novo\/#website","url":"https:\/\/studiorenascer.com\/novo\/","name":"St\u00fadio Renascer","description":"O seu portal de conte\u00fados!","publisher":{"@id":"https:\/\/studiorenascer.com\/novo\/#\/schema\/person\/12286d6597002391f242bdff7ee1ebbc"},"potentialAction":[{"@type":"SearchAction","target":{"@type":"EntryPoint","urlTemplate":"https:\/\/studiorenascer.com\/novo\/?s={search_term_string}"},"query-input":{"@type":"PropertyValueSpecification","valueRequired":true,"valueName":"search_term_string"}}],"inLanguage":"pt-BR"},{"@type":["Person","Organization"],"@id":"https:\/\/studiorenascer.com\/novo\/#\/schema\/person\/12286d6597002391f242bdff7ee1ebbc","name":"Jean Carlos","image":{"@type":"ImageObject","inLanguage":"pt-BR","@id":"https:\/\/studiorenascer.com\/novo\/wp-content\/uploads\/2020\/07\/logo-sr-ideogram-Custom.jpg","url":"https:\/\/studiorenascer.com\/novo\/wp-content\/uploads\/2020\/07\/logo-sr-ideogram-Custom.jpg","contentUrl":"https:\/\/studiorenascer.com\/novo\/wp-content\/uploads\/2020\/07\/logo-sr-ideogram-Custom.jpg","width":300,"height":300,"caption":"Jean Carlos"},"logo":{"@id":"https:\/\/studiorenascer.com\/novo\/wp-content\/uploads\/2020\/07\/logo-sr-ideogram-Custom.jpg"},"description":"Jean Carlos \u00e9, Radialista, Produtor e T\u00e9cnico em \u00e1udio!","sameAs":["http:\/\/studiorenascer.com","https:\/\/www.facebook.com\/jean.carlos.92317?ref=bookmarks","https:\/\/www.instagram.com\/jccontornofm\/?hl=pt-br","https:\/\/www.youtube.com\/channel\/UCj14OsusL1Okwd4Nm-UVuQQ?view_as=subscriber"]}]}},"_links":{"self":[{"href":"https:\/\/studiorenascer.com\/novo\/wp-json\/wp\/v2\/product\/9478","targetHints":{"allow":["GET"]}}],"collection":[{"href":"https:\/\/studiorenascer.com\/novo\/wp-json\/wp\/v2\/product"}],"about":[{"href":"https:\/\/studiorenascer.com\/novo\/wp-json\/wp\/v2\/types\/product"}],"wp:featuredmedia":[{"embeddable":true,"href":"https:\/\/studiorenascer.com\/novo\/wp-json\/wp\/v2\/media\/9479"}],"wp:attachment":[{"href":"https:\/\/studiorenascer.com\/novo\/wp-json\/wp\/v2\/media?parent=9478"}],"wp:term":[{"taxonomy":"product_brand","embeddable":true,"href":"https:\/\/studiorenascer.com\/novo\/wp-json\/wp\/v2\/product_brand?post=9478"},{"taxonomy":"product_cat","embeddable":true,"href":"https:\/\/studiorenascer.com\/novo\/wp-json\/wp\/v2\/product_cat?post=9478"},{"taxonomy":"product_tag","embeddable":true,"href":"https:\/\/studiorenascer.com\/novo\/wp-json\/wp\/v2\/product_tag?post=9478"}],"curies":[{"name":"wp","href":"https:\/\/api.w.org\/{rel}","templated":true}]}}