{"id":9983,"date":"2025-07-25T19:15:21","date_gmt":"2025-07-25T22:15:21","guid":{"rendered":"https:\/\/studiorenascer.com\/novo\/?post_type=product&#038;p=9983"},"modified":"2025-10-09T16:46:37","modified_gmt":"2025-10-09T19:46:37","slug":"20-vinhetas-acapelas-sem-personalizacao","status":"publish","type":"product","link":"https:\/\/studiorenascer.com\/novo\/produto\/20-vinhetas-acapelas-sem-personalizacao\/","title":{"rendered":"20 VINHETAS ACAPELAS &#8211; SEM PERSONALIZA\u00c7\u00c3O!"},"content":{"rendered":"<p>Pacote com vinte vinhetas acapela profissionais para r\u00e1dio, sem personaliza\u00e7\u00e3o. Inclui 12 vinhetas b\u00f4nus no estilo 104,9 FM e 10 bases (Trilhas para vinhetas ou locu\u00e7\u00e3o) . Ideal para quem busca qualidade, praticidade e impacto na programa\u00e7\u00e3o por um pre\u00e7o acess\u00edvel.<\/p>\n","protected":false},"excerpt":{"rendered":"<p>OU\u00c7A DEMO DA FRASE: <em>&#8220;A MELHOR PROGRAMA\u00c7\u00c3O DE SEU R\u00c1DIO&#8221;.<\/em><\/p>\n[audio mp3=\"https:\/\/studiorenascer.com\/novo\/wp-content\/uploads\/2025\/07\/A-MELHOR-PROGRAMACAO-DE-SEU-RADIO.mp3\"][\/audio]\n<p>&nbsp;<\/p>\n<p><strong>TODAS AS FRASES DO PACOTE S\u00c3O:<\/strong><\/p>\n<p><em>1. A MINHA A SUA A NOSSA R\u00c1DIO \u00c9<\/em><br \/>\n<em>2. A RADIO MAIS OUVIDA DA REGI\u00c3O<\/em><br \/>\n<em>3. A TRILHA SONORA DOS SEUS DIAS<\/em><br \/>\n<em>4. MUITO MAIS ENERGIA NO AR<\/em><br \/>\n<em>5. CONECTADA COM VOC\u00ca<\/em><br \/>\n<em>6. A RADIO QUE VIBRA COM VOC\u00ca<\/em><br \/>\n<em>7. PRA QUEM VIVE INTENSAMENTE<\/em><br \/>\n<em>8. O SOM QUE PULSA<\/em><br \/>\n<em>9. \u00c9 CONEX\u00c3O DE VERDADE<\/em><br \/>\n<em>10. MAIS QUE R\u00c1DIO<\/em><br \/>\n<em>11. A BOA DE OUVIR<\/em><br \/>\n<em>12. A SUA VOZ<\/em><br \/>\n<em>13. A RADIO QUE VOC\u00ca GOSTA DE OUVIR<\/em><br \/>\n<em>14. MUITO MAIS M\u00daSICA TODOS OS DIAS<\/em><br \/>\n<em>15. A SUA MELHOR SINTONIA<\/em><br \/>\n<em>16. AQUI TOCA MAIS SUCESSO<\/em><br \/>\n<em>17. QUEM GOSTA DE SUCESSO SE LIGA<\/em><br \/>\n<em>18. M\u00daSICA ALEGRIA E INFORMA\u00c7\u00c3O NO AR<\/em><br \/>\n<em>19. MAIS UM ANO DE MUITA ALEGRIA COM VOC\u00ca<\/em><br \/>\n<em>20. <strong>A MELHOR PROGRAMA\u00c7\u00c3O DE SEU R\u00c1DIO<\/strong><\/em><\/p>\n","protected":false},"featured_media":9987,"template":"","meta":[],"product_brand":[],"product_cat":[20],"product_tag":[],"class_list":{"0":"post-9983","1":"product","2":"type-product","3":"status-publish","4":"has-post-thumbnail","6":"product_cat-vinhetas-cantadas","8":"first","9":"instock","10":"downloadable","11":"shipping-taxable","12":"purchasable","13":"product-type-simple"},"yoast_head":"<!-- This site is optimized with the Yoast SEO Premium plugin v22.6 (Yoast SEO v27.4) - https:\/\/yoast.com\/product\/yoast-seo-premium-wordpress\/ -->\n<title>20 VINHETAS ACAPELAS - SEM PERSONALIZA\u00c7\u00c3O! - St\u00fadio Renascer<\/title>\n<meta name=\"robots\" content=\"index, follow, max-snippet:-1, max-image-preview:large, max-video-preview:-1\" \/>\n<link rel=\"canonical\" href=\"https:\/\/studiorenascer.com\/novo\/produto\/20-vinhetas-acapelas-sem-personalizacao\/\" \/>\n<meta property=\"og:locale\" content=\"pt_BR\" \/>\n<meta property=\"og:type\" content=\"article\" \/>\n<meta property=\"og:title\" content=\"20 VINHETAS ACAPELAS - SEM PERSONALIZA\u00c7\u00c3O!\" \/>\n<meta property=\"og:description\" content=\"OU\u00c7A DEMO DA FRASE: &quot;A MELHOR PROGRAMA\u00c7\u00c3O DE SEU R\u00c1DIO&quot;.    &nbsp;  TODAS AS FRASES DO PACOTE S\u00c3O:  1. A MINHA A SUA A NOSSA R\u00c1DIO \u00c9 2. A RADIO MAIS OUVIDA DA REGI\u00c3O 3. A TRILHA SONORA DOS SEUS DIAS 4. MUITO MAIS ENERGIA NO AR 5. CONECTADA COM VOC\u00ca 6. A RADIO QUE VIBRA COM VOC\u00ca 7. PRA QUEM VIVE INTENSAMENTE 8. O SOM QUE PULSA 9. \u00c9 CONEX\u00c3O DE VERDADE 10. MAIS QUE R\u00c1DIO 11. A BOA DE OUVIR 12. A SUA VOZ 13. A RADIO QUE VOC\u00ca GOSTA DE OUVIR 14. MUITO MAIS M\u00daSICA TODOS OS DIAS 15. A SUA MELHOR SINTONIA 16. AQUI TOCA MAIS SUCESSO 17. QUEM GOSTA DE SUCESSO SE LIGA 18. M\u00daSICA ALEGRIA E INFORMA\u00c7\u00c3O NO AR 19. MAIS UM ANO DE MUITA ALEGRIA COM VOC\u00ca 20. A MELHOR PROGRAMA\u00c7\u00c3O DE SEU R\u00c1DIO\" \/>\n<meta property=\"og:url\" content=\"https:\/\/studiorenascer.com\/novo\/produto\/20-vinhetas-acapelas-sem-personalizacao\/\" \/>\n<meta property=\"og:site_name\" content=\"St\u00fadio Renascer\" \/>\n<meta property=\"article:publisher\" content=\"https:\/\/www.facebook.com\/jean.carlos.92317?ref=bookmarks\" \/>\n<meta property=\"article:modified_time\" content=\"2025-10-09T19:46:37+00:00\" \/>\n<meta property=\"og:image\" content=\"https:\/\/studiorenascer.com\/novo\/wp-content\/uploads\/2025\/07\/banner-box.png\" \/>\n\t<meta property=\"og:image:width\" content=\"800\" \/>\n\t<meta property=\"og:image:height\" content=\"800\" \/>\n\t<meta property=\"og:image:type\" content=\"image\/png\" \/>\n<meta name=\"twitter:card\" content=\"summary_large_image\" \/>\n<meta name=\"twitter:site\" content=\"@jccontornofm\" \/>\n<meta name=\"twitter:label1\" content=\"Est. tempo de leitura\" \/>\n\t<meta name=\"twitter:data1\" content=\"1 minuto\" \/>\n<script type=\"application\/ld+json\" class=\"yoast-schema-graph\">{\"@context\":\"https:\\\/\\\/schema.org\",\"@graph\":[{\"@type\":\"WebPage\",\"@id\":\"https:\\\/\\\/studiorenascer.com\\\/novo\\\/produto\\\/20-vinhetas-acapelas-sem-personalizacao\\\/\",\"url\":\"https:\\\/\\\/studiorenascer.com\\\/novo\\\/produto\\\/20-vinhetas-acapelas-sem-personalizacao\\\/\",\"name\":\"20 VINHETAS ACAPELAS - SEM PERSONALIZA\u00c7\u00c3O! - St\u00fadio Renascer\",\"isPartOf\":{\"@id\":\"https:\\\/\\\/studiorenascer.com\\\/novo\\\/#website\"},\"primaryImageOfPage\":{\"@id\":\"https:\\\/\\\/studiorenascer.com\\\/novo\\\/produto\\\/20-vinhetas-acapelas-sem-personalizacao\\\/#primaryimage\"},\"image\":{\"@id\":\"https:\\\/\\\/studiorenascer.com\\\/novo\\\/produto\\\/20-vinhetas-acapelas-sem-personalizacao\\\/#primaryimage\"},\"thumbnailUrl\":\"https:\\\/\\\/studiorenascer.com\\\/novo\\\/wp-content\\\/uploads\\\/2025\\\/07\\\/banner-box.png\",\"datePublished\":\"2025-07-25T22:15:21+00:00\",\"dateModified\":\"2025-10-09T19:46:37+00:00\",\"breadcrumb\":{\"@id\":\"https:\\\/\\\/studiorenascer.com\\\/novo\\\/produto\\\/20-vinhetas-acapelas-sem-personalizacao\\\/#breadcrumb\"},\"inLanguage\":\"pt-BR\",\"potentialAction\":[{\"@type\":\"ReadAction\",\"target\":[\"https:\\\/\\\/studiorenascer.com\\\/novo\\\/produto\\\/20-vinhetas-acapelas-sem-personalizacao\\\/\"]}]},{\"@type\":\"ImageObject\",\"inLanguage\":\"pt-BR\",\"@id\":\"https:\\\/\\\/studiorenascer.com\\\/novo\\\/produto\\\/20-vinhetas-acapelas-sem-personalizacao\\\/#primaryimage\",\"url\":\"https:\\\/\\\/studiorenascer.com\\\/novo\\\/wp-content\\\/uploads\\\/2025\\\/07\\\/banner-box.png\",\"contentUrl\":\"https:\\\/\\\/studiorenascer.com\\\/novo\\\/wp-content\\\/uploads\\\/2025\\\/07\\\/banner-box.png\",\"width\":800,\"height\":800},{\"@type\":\"BreadcrumbList\",\"@id\":\"https:\\\/\\\/studiorenascer.com\\\/novo\\\/produto\\\/20-vinhetas-acapelas-sem-personalizacao\\\/#breadcrumb\",\"itemListElement\":[{\"@type\":\"ListItem\",\"position\":1,\"name\":\"In\u00edcio\",\"item\":\"https:\\\/\\\/studiorenascer.com\\\/novo\\\/\"},{\"@type\":\"ListItem\",\"position\":2,\"name\":\"Inicial\",\"item\":\"https:\\\/\\\/studiorenascer.com\\\/novo\\\/inicial-2\\\/\"},{\"@type\":\"ListItem\",\"position\":3,\"name\":\"20 VINHETAS ACAPELAS &#8211; SEM PERSONALIZA\u00c7\u00c3O!\"}]},{\"@type\":\"WebSite\",\"@id\":\"https:\\\/\\\/studiorenascer.com\\\/novo\\\/#website\",\"url\":\"https:\\\/\\\/studiorenascer.com\\\/novo\\\/\",\"name\":\"St\u00fadio Renascer\",\"description\":\"O seu portal de conte\u00fados!\",\"publisher\":{\"@id\":\"https:\\\/\\\/studiorenascer.com\\\/novo\\\/#\\\/schema\\\/person\\\/12286d6597002391f242bdff7ee1ebbc\"},\"potentialAction\":[{\"@type\":\"SearchAction\",\"target\":{\"@type\":\"EntryPoint\",\"urlTemplate\":\"https:\\\/\\\/studiorenascer.com\\\/novo\\\/?s={search_term_string}\"},\"query-input\":{\"@type\":\"PropertyValueSpecification\",\"valueRequired\":true,\"valueName\":\"search_term_string\"}}],\"inLanguage\":\"pt-BR\"},{\"@type\":[\"Person\",\"Organization\"],\"@id\":\"https:\\\/\\\/studiorenascer.com\\\/novo\\\/#\\\/schema\\\/person\\\/12286d6597002391f242bdff7ee1ebbc\",\"name\":\"Jean Carlos\",\"image\":{\"@type\":\"ImageObject\",\"inLanguage\":\"pt-BR\",\"@id\":\"https:\\\/\\\/studiorenascer.com\\\/novo\\\/wp-content\\\/uploads\\\/2020\\\/07\\\/logo-sr-ideogram-Custom.jpg\",\"url\":\"https:\\\/\\\/studiorenascer.com\\\/novo\\\/wp-content\\\/uploads\\\/2020\\\/07\\\/logo-sr-ideogram-Custom.jpg\",\"contentUrl\":\"https:\\\/\\\/studiorenascer.com\\\/novo\\\/wp-content\\\/uploads\\\/2020\\\/07\\\/logo-sr-ideogram-Custom.jpg\",\"width\":300,\"height\":300,\"caption\":\"Jean Carlos\"},\"logo\":{\"@id\":\"https:\\\/\\\/studiorenascer.com\\\/novo\\\/wp-content\\\/uploads\\\/2020\\\/07\\\/logo-sr-ideogram-Custom.jpg\"},\"description\":\"Jean Carlos \u00e9, Radialista, Produtor e T\u00e9cnico em \u00e1udio!\",\"sameAs\":[\"http:\\\/\\\/studiorenascer.com\",\"https:\\\/\\\/www.facebook.com\\\/jean.carlos.92317?ref=bookmarks\",\"https:\\\/\\\/www.instagram.com\\\/jccontornofm\\\/?hl=pt-br\",\"https:\\\/\\\/www.youtube.com\\\/channel\\\/UCj14OsusL1Okwd4Nm-UVuQQ?view_as=subscriber\"]}]}<\/script>\n<!-- \/ Yoast SEO Premium plugin. -->","yoast_head_json":{"title":"20 VINHETAS ACAPELAS - SEM PERSONALIZA\u00c7\u00c3O! - St\u00fadio Renascer","robots":{"index":"index","follow":"follow","max-snippet":"max-snippet:-1","max-image-preview":"max-image-preview:large","max-video-preview":"max-video-preview:-1"},"canonical":"https:\/\/studiorenascer.com\/novo\/produto\/20-vinhetas-acapelas-sem-personalizacao\/","og_locale":"pt_BR","og_type":"article","og_title":"20 VINHETAS ACAPELAS - SEM PERSONALIZA\u00c7\u00c3O!","og_description":"OU\u00c7A DEMO DA FRASE: \"A MELHOR PROGRAMA\u00c7\u00c3O DE SEU R\u00c1DIO\".    &nbsp;  TODAS AS FRASES DO PACOTE S\u00c3O:  1. A MINHA A SUA A NOSSA R\u00c1DIO \u00c9 2. A RADIO MAIS OUVIDA DA REGI\u00c3O 3. A TRILHA SONORA DOS SEUS DIAS 4. MUITO MAIS ENERGIA NO AR 5. CONECTADA COM VOC\u00ca 6. A RADIO QUE VIBRA COM VOC\u00ca 7. PRA QUEM VIVE INTENSAMENTE 8. O SOM QUE PULSA 9. \u00c9 CONEX\u00c3O DE VERDADE 10. MAIS QUE R\u00c1DIO 11. A BOA DE OUVIR 12. A SUA VOZ 13. A RADIO QUE VOC\u00ca GOSTA DE OUVIR 14. MUITO MAIS M\u00daSICA TODOS OS DIAS 15. A SUA MELHOR SINTONIA 16. AQUI TOCA MAIS SUCESSO 17. QUEM GOSTA DE SUCESSO SE LIGA 18. M\u00daSICA ALEGRIA E INFORMA\u00c7\u00c3O NO AR 19. MAIS UM ANO DE MUITA ALEGRIA COM VOC\u00ca 20. A MELHOR PROGRAMA\u00c7\u00c3O DE SEU R\u00c1DIO","og_url":"https:\/\/studiorenascer.com\/novo\/produto\/20-vinhetas-acapelas-sem-personalizacao\/","og_site_name":"St\u00fadio Renascer","article_publisher":"https:\/\/www.facebook.com\/jean.carlos.92317?ref=bookmarks","article_modified_time":"2025-10-09T19:46:37+00:00","og_image":[{"width":800,"height":800,"url":"https:\/\/studiorenascer.com\/novo\/wp-content\/uploads\/2025\/07\/banner-box.png","type":"image\/png"}],"twitter_card":"summary_large_image","twitter_site":"@jccontornofm","twitter_misc":{"Est. tempo de leitura":"1 minuto"},"schema":{"@context":"https:\/\/schema.org","@graph":[{"@type":"WebPage","@id":"https:\/\/studiorenascer.com\/novo\/produto\/20-vinhetas-acapelas-sem-personalizacao\/","url":"https:\/\/studiorenascer.com\/novo\/produto\/20-vinhetas-acapelas-sem-personalizacao\/","name":"20 VINHETAS ACAPELAS - SEM PERSONALIZA\u00c7\u00c3O! - St\u00fadio Renascer","isPartOf":{"@id":"https:\/\/studiorenascer.com\/novo\/#website"},"primaryImageOfPage":{"@id":"https:\/\/studiorenascer.com\/novo\/produto\/20-vinhetas-acapelas-sem-personalizacao\/#primaryimage"},"image":{"@id":"https:\/\/studiorenascer.com\/novo\/produto\/20-vinhetas-acapelas-sem-personalizacao\/#primaryimage"},"thumbnailUrl":"https:\/\/studiorenascer.com\/novo\/wp-content\/uploads\/2025\/07\/banner-box.png","datePublished":"2025-07-25T22:15:21+00:00","dateModified":"2025-10-09T19:46:37+00:00","breadcrumb":{"@id":"https:\/\/studiorenascer.com\/novo\/produto\/20-vinhetas-acapelas-sem-personalizacao\/#breadcrumb"},"inLanguage":"pt-BR","potentialAction":[{"@type":"ReadAction","target":["https:\/\/studiorenascer.com\/novo\/produto\/20-vinhetas-acapelas-sem-personalizacao\/"]}]},{"@type":"ImageObject","inLanguage":"pt-BR","@id":"https:\/\/studiorenascer.com\/novo\/produto\/20-vinhetas-acapelas-sem-personalizacao\/#primaryimage","url":"https:\/\/studiorenascer.com\/novo\/wp-content\/uploads\/2025\/07\/banner-box.png","contentUrl":"https:\/\/studiorenascer.com\/novo\/wp-content\/uploads\/2025\/07\/banner-box.png","width":800,"height":800},{"@type":"BreadcrumbList","@id":"https:\/\/studiorenascer.com\/novo\/produto\/20-vinhetas-acapelas-sem-personalizacao\/#breadcrumb","itemListElement":[{"@type":"ListItem","position":1,"name":"In\u00edcio","item":"https:\/\/studiorenascer.com\/novo\/"},{"@type":"ListItem","position":2,"name":"Inicial","item":"https:\/\/studiorenascer.com\/novo\/inicial-2\/"},{"@type":"ListItem","position":3,"name":"20 VINHETAS ACAPELAS &#8211; SEM PERSONALIZA\u00c7\u00c3O!"}]},{"@type":"WebSite","@id":"https:\/\/studiorenascer.com\/novo\/#website","url":"https:\/\/studiorenascer.com\/novo\/","name":"St\u00fadio Renascer","description":"O seu portal de conte\u00fados!","publisher":{"@id":"https:\/\/studiorenascer.com\/novo\/#\/schema\/person\/12286d6597002391f242bdff7ee1ebbc"},"potentialAction":[{"@type":"SearchAction","target":{"@type":"EntryPoint","urlTemplate":"https:\/\/studiorenascer.com\/novo\/?s={search_term_string}"},"query-input":{"@type":"PropertyValueSpecification","valueRequired":true,"valueName":"search_term_string"}}],"inLanguage":"pt-BR"},{"@type":["Person","Organization"],"@id":"https:\/\/studiorenascer.com\/novo\/#\/schema\/person\/12286d6597002391f242bdff7ee1ebbc","name":"Jean Carlos","image":{"@type":"ImageObject","inLanguage":"pt-BR","@id":"https:\/\/studiorenascer.com\/novo\/wp-content\/uploads\/2020\/07\/logo-sr-ideogram-Custom.jpg","url":"https:\/\/studiorenascer.com\/novo\/wp-content\/uploads\/2020\/07\/logo-sr-ideogram-Custom.jpg","contentUrl":"https:\/\/studiorenascer.com\/novo\/wp-content\/uploads\/2020\/07\/logo-sr-ideogram-Custom.jpg","width":300,"height":300,"caption":"Jean Carlos"},"logo":{"@id":"https:\/\/studiorenascer.com\/novo\/wp-content\/uploads\/2020\/07\/logo-sr-ideogram-Custom.jpg"},"description":"Jean Carlos \u00e9, Radialista, Produtor e T\u00e9cnico em \u00e1udio!","sameAs":["http:\/\/studiorenascer.com","https:\/\/www.facebook.com\/jean.carlos.92317?ref=bookmarks","https:\/\/www.instagram.com\/jccontornofm\/?hl=pt-br","https:\/\/www.youtube.com\/channel\/UCj14OsusL1Okwd4Nm-UVuQQ?view_as=subscriber"]}]}},"_links":{"self":[{"href":"https:\/\/studiorenascer.com\/novo\/wp-json\/wp\/v2\/product\/9983","targetHints":{"allow":["GET"]}}],"collection":[{"href":"https:\/\/studiorenascer.com\/novo\/wp-json\/wp\/v2\/product"}],"about":[{"href":"https:\/\/studiorenascer.com\/novo\/wp-json\/wp\/v2\/types\/product"}],"wp:featuredmedia":[{"embeddable":true,"href":"https:\/\/studiorenascer.com\/novo\/wp-json\/wp\/v2\/media\/9987"}],"wp:attachment":[{"href":"https:\/\/studiorenascer.com\/novo\/wp-json\/wp\/v2\/media?parent=9983"}],"wp:term":[{"taxonomy":"product_brand","embeddable":true,"href":"https:\/\/studiorenascer.com\/novo\/wp-json\/wp\/v2\/product_brand?post=9983"},{"taxonomy":"product_cat","embeddable":true,"href":"https:\/\/studiorenascer.com\/novo\/wp-json\/wp\/v2\/product_cat?post=9983"},{"taxonomy":"product_tag","embeddable":true,"href":"https:\/\/studiorenascer.com\/novo\/wp-json\/wp\/v2\/product_tag?post=9983"}],"curies":[{"name":"wp","href":"https:\/\/api.w.org\/{rel}","templated":true}]}}